{"id":21875,"date":"2021-03-11T10:40:01","date_gmt":"2021-03-11T10:40:01","guid":{"rendered":"https:\/\/www.townhousehotels.nl\/sitemap"},"modified":"2023-12-04T15:19:54","modified_gmt":"2023-12-04T15:19:54","slug":"sitemap","status":"publish","type":"page","link":"https:\/\/www.townhousehotels.nl\/fr\/sitemap","title":{"rendered":"Sitemap"},"content":{"rendered":"\n\t<section class=\"section\" id=\"section_1600870639\">\n\t\t<div class=\"section-bg fill\" >\n\t\t\t\t\t\t\t\t\t\n\t\t\t\n\n\t\t<\/div>\n\n\t\t\n\n\t\t<div class=\"section-content relative\">\n\t\t\t\n<div class=\"row\"  id=\"row-596841194\">\n\n\t<div id=\"col-783229726\" class=\"col medium-6 small-12 large-6\"  >\n\t\t\t\t<div class=\"col-inner\"  >\n\t\t\t\n\t\t\t\n<div class=\"wsp-container\"><h2 class=\"wsp-pages-title\">Pages<\/h2>\n<ul class=\"wsp-pages-list\">\n<li class=\"page_item page-item-21698\"><a href=\"https:\/\/www.townhousehotels.nl\/fr\/conditions-reservation\">Conditions de R\u00e9servation<\/a><\/li>\n<li class=\"page_item page-item-21732\"><a href=\"https:\/\/www.townhousehotels.nl\/fr\/declaration-confidentialite\">D\u00e9claration de Confidentialit\u00e9<\/a><\/li>\n<li class=\"page_item page-item-21760\"><a href=\"https:\/\/www.townhousehotels.nl\/fr\/foire-aux-questions-sur-lien-de-paiement\">Foire aux Questions sur le Lien de Paiement<\/a><\/li>\n<li class=\"page_item page-item-21687\"><a href=\"https:\/\/www.townhousehotels.nl\/fr\/garantie-meilleur-prix\">Garantie du Meilleur Prix<\/a><\/li>\n<li class=\"page_item page-item-21600\"><a href=\"https:\/\/www.townhousehotels.nl\/fr\">Home<\/a><\/li>\n<li class=\"page_item page-item-21679\"><a href=\"https:\/\/www.townhousehotels.nl\/fr\/information-entreprise\">Information sur l\u2019Entreprise<\/a><\/li>\n<li class=\"page_item page-item-21724\"><a href=\"https:\/\/www.townhousehotels.nl\/fr\/initiative-ecologique\">Initiative \u00c9cologique<\/a><\/li>\n<li class=\"page_item page-item-21655 page_item_has_children\"><a href=\"https:\/\/www.townhousehotels.nl\/fr\/maastricht\">Maastricht<\/a>\n<ul class='children'>\n\t<li class=\"page_item page-item-21754\"><a href=\"https:\/\/www.townhousehotels.nl\/fr\/maastricht\/chambres\">Chambres<\/a><\/li>\n\t<li class=\"page_item page-item-21739\"><a href=\"https:\/\/www.townhousehotels.nl\/fr\/maastricht\/emplacement\">Contact &amp; Emplacement<\/a><\/li>\n\t<li class=\"page_item page-item-21733\"><a href=\"https:\/\/www.townhousehotels.nl\/fr\/maastricht\/espaces-reunion\">Espaces de R\u00e9union Maastricht<\/a><\/li>\n\t<li class=\"page_item page-item-21665\"><a href=\"https:\/\/www.townhousehotels.nl\/fr\/maastricht\/forfaits\">Forfaits Maastricht<\/a><\/li>\n\t<li class=\"page_item page-item-21703\"><a href=\"https:\/\/www.townhousehotels.nl\/fr\/maastricht\/hotel-boutique\">H\u00f4tel Boutique Maastricht<\/a><\/li>\n\t<li class=\"page_item page-item-21715\"><a href=\"https:\/\/www.townhousehotels.nl\/fr\/maastricht\/hotel-affaires\">H\u00f4tel d\u2019Affaires Unique \u00e0 Maastricht<\/a><\/li>\n\t<li class=\"page_item page-item-21708\"><a href=\"https:\/\/www.townhousehotels.nl\/fr\/maastricht\/hotel-spa\">Hotel Spa<\/a><\/li>\n\t<li class=\"page_item page-item-21672 page_item_has_children\"><a href=\"https:\/\/www.townhousehotels.nl\/fr\/maastricht\/manger-boire\">Manger &amp; Boire<\/a>\n\t<ul class='children'>\n\t\t<li class=\"page_item page-item-21691\"><a href=\"https:\/\/www.townhousehotels.nl\/fr\/maastricht\/manger-boire\/high-tea\">HIGH TEA<\/a><\/li>\n\t\t<li class=\"page_item page-item-21675\"><a href=\"https:\/\/www.townhousehotels.nl\/fr\/maastricht\/manger-boire\/petit-dejeuner\">Petit D\u00e9jeuner<\/a><\/li>\n\t<\/ul>\n<\/li>\n\t<li class=\"page_item page-item-21658\"><a href=\"https:\/\/www.townhousehotels.nl\/fr\/maastricht\/offres\">Offres<\/a><\/li>\n\t<li class=\"page_item page-item-21745\"><a href=\"https:\/\/www.townhousehotels.nl\/fr\/maastricht\/parking\">Parking<\/a><\/li>\n\t<li class=\"page_item page-item-21767 page_item_has_children\"><a href=\"https:\/\/www.townhousehotels.nl\/fr\/maastricht\/appartements\">TOWNHOUSE APPARTEMENTS MAASTRICHT<\/a>\n\t<ul class='children'>\n\t\t<li class=\"page_item page-item-21721\"><a href=\"https:\/\/www.townhousehotels.nl\/fr\/maastricht\/appartements\/galerie\">Galerie d\u2019Images Townhouse Apartments Maastricht<\/a><\/li>\n\t<\/ul>\n<\/li>\n\t<li class=\"page_item page-item-21701 page_item_has_children\"><a href=\"https:\/\/www.townhousehotels.nl\/fr\/maastricht\/hotel\">Townhouse hotel Maastricht<\/a>\n\t<ul class='children'>\n\t\t<li class=\"page_item page-item-21727\"><a href=\"https:\/\/www.townhousehotels.nl\/fr\/maastricht\/hotel\/avis\">Avis<\/a><\/li>\n\t\t<li class=\"page_item page-item-21848\"><a href=\"https:\/\/www.townhousehotels.nl\/fr\/maastricht\/hotel\/galerie\">GALERIE D\u2019IMAGES TOWNHOUSE DESIGN HOTEL MAASTRICHT<\/a><\/li>\n\t\t<li class=\"page_item page-item-23021\"><a href=\"https:\/\/www.townhousehotels.nl\/fr\/maastricht\/hotel\/services-equipements\">SERVICES &amp; \u00c9QUIPEMENTS<\/a><\/li>\n\t<\/ul>\n<\/li>\n<\/ul>\n<\/li>\n<li class=\"page_item page-item-21875\"><a href=\"https:\/\/www.townhousehotels.nl\/fr\/sitemap\">Sitemap<\/a><\/li>\n<li class=\"page_item page-item-21771\"><a href=\"https:\/\/www.townhousehotels.nl\/fr\/st-martenslane-hotel-maastricht\">ST MARTENSLANE H\u00d4TEL MAASTRICHT<\/a><\/li>\n<\/ul>\n<\/div>\n\t\t<\/div>\n\t\t\t\t\t<\/div>\n\n\t\n\n\t<div id=\"col-1682909073\" class=\"col medium-6 small-12 large-6\"  >\n\t\t\t\t<div class=\"col-inner\"  >\n\t\t\t\n\t\t\t\n<div class=\"wsp-container\"><h2 class=\"wsp-posts-title\">Articles par cat\u00e9gorie<\/h2>\n<ul class=\"wsp-posts-list\">\n\t<li><strong class=\"wsp-category-title\">Cat\u00e9gorie\u00a0: <a href=\"https:\/\/www.townhousehotels.nl\/fr\/.\/maastricht\">Maastricht<\/a><\/strong>\n<ul class=\"wsp-posts-list\">\t\t<li class=\"wsp-post\"><a href=\"https:\/\/www.townhousehotels.nl\/fr\/maastricht\/offres\/staycation\">Staycation Maastricht<\/a><\/li>\n\t\t<li class=\"wsp-post\"><a href=\"https:\/\/www.townhousehotels.nl\/fr\/maastricht\/offres\/derniere-minute\">DEAL DERNI\u00c8RE MINUTE MAASTRICHT<\/a><\/li>\n\t\t<li class=\"wsp-post\"><a href=\"https:\/\/www.townhousehotels.nl\/fr\/maastricht\/offres\/rm-promo\">R\u00e9duction sp\u00e9ciale pour la r\u00e9servation directe<\/a><\/li>\n\t<li><strong class=\"wsp-category-title\">Cat\u00e9gorie\u00a0: <a href=\"https:\/\/www.townhousehotels.nl\/fr\/.\/maastricht\/forfaits\">Forfaits<\/a><\/strong>\n<ul class=\"wsp-posts-list\">\t\t<li class=\"wsp-post\"><a href=\"https:\/\/www.townhousehotels.nl\/fr\/maastricht\/forfaits\/hotel-offre-hiver\">Offre du Nouvel An \u00e0 Maastricht<\/a><\/li>\n\t\t<li class=\"wsp-post\"><a href=\"https:\/\/www.townhousehotels.nl\/fr\/maastricht\/forfaits\/citytrip\">Escapade De La Ville De Maastricht<\/a><\/li>\n\t\t<li class=\"wsp-post\"><a href=\"https:\/\/www.townhousehotels.nl\/fr\/maastricht\/forfaits\/decouverte-de-maastricht\">D\u00e9couvre Maastricht et ses environs<\/a><\/li>\n\t\t<li class=\"wsp-post\"><a href=\"https:\/\/www.townhousehotels.nl\/fr\/maastricht\/forfaits\/milieu-de-semaine\">Midweek Maastricht en appartement<\/a><\/li>\n\t\t<li class=\"wsp-post\"><a href=\"https:\/\/www.townhousehotels.nl\/fr\/maastricht\/forfaits\/vacances-avec-enfants-maastricht\">Vacances avec des enfants \u00e0 Maastricht<\/a><\/li>\n\t\t<li class=\"wsp-post\"><a href=\"https:\/\/www.townhousehotels.nl\/fr\/maastricht\/forfaits\/bien-etre\">Forfait bien-\u00eatre \u00e0 Maastricht<\/a><\/li>\n\t\t<li class=\"wsp-post\"><a href=\"https:\/\/www.townhousehotels.nl\/fr\/maastricht\/forfaits\/culinair-arrangement-in-limburg\">Forfait Culinaire \u00c0 Maastricht, Limbourg Du Sud<\/a><\/li>\n\t\t<li class=\"wsp-post\"><a href=\"https:\/\/www.townhousehotels.nl\/fr\/maastricht\/forfaits\/vacances-dete-dans-le-limbourg\">Vacances D\u2019\u00e9t\u00e9 Dans Le Limbourg<\/a><\/li>\n\t\t<li class=\"wsp-post\"><a href=\"https:\/\/www.townhousehotels.nl\/fr\/maastricht\/forfaits\/wandelarrangement\">Forfait randonn\u00e9e \u00e0 Maastricht, Limbourg<\/a><\/li>\n\t\t<li class=\"wsp-post\"><a href=\"https:\/\/www.townhousehotels.nl\/fr\/maastricht\/forfaits\/vacances-de-mai\">Forfait vacances de mai Limbourg<\/a><\/li>\n\t\t<li class=\"wsp-post\"><a href=\"https:\/\/www.townhousehotels.nl\/fr\/maastricht\/forfaits\/maastricht-forfaits-court-sejour\">Une Seule Nuit \u00c0 Maastricht<\/a><\/li>\n\t\t<li class=\"wsp-post\"><a href=\"https:\/\/www.townhousehotels.nl\/fr\/maastricht\/forfaits\/weekend\">Forfait Week-End Maastricht<\/a><\/li>\n\t\t<li class=\"wsp-post\"><a href=\"https:\/\/www.townhousehotels.nl\/fr\/maastricht\/forfaits\/sejour-romantique\">Forfait Romantique \u00c0 Maastricht<\/a><\/li>\n\t\t<li class=\"wsp-post\"><a href=\"https:\/\/www.townhousehotels.nl\/fr\/maastricht\/forfaits\/vacances-zuid-limburg\">VACANCES DANS LE SUD DU LIMBOURG<\/a><\/li>\n\t\t<li class=\"wsp-post\"><a href=\"https:\/\/www.townhousehotels.nl\/fr\/maastricht\/forfaits\/semaine\">MAASTRICHT EN SEMAINE<\/a><\/li>\n\t\t<li class=\"wsp-post\"><a href=\"https:\/\/www.townhousehotels.nl\/fr\/maastricht\/forfaits\/hotel-avec-diner\">Forfait H\u00f4tel Avec D\u00eener<\/a><\/li>\n\t\t<li class=\"wsp-post\"><a href=\"https:\/\/www.townhousehotels.nl\/fr\/maastricht\/forfaits\/weekend-2\">Forfait Week-End Maastricht<\/a><\/li>\n\t\t<li class=\"wsp-post\"><a href=\"https:\/\/www.townhousehotels.nl\/fr\/maastricht\/forfaits\/shopping\">Shopping \u00e0 Maastricht<\/a><\/li>\n\t\t<li class=\"wsp-post\"><a href=\"https:\/\/www.townhousehotels.nl\/fr\/maastricht\/forfaits\/high-tea\">High Tea \u00e0 Maastricht<\/a><\/li>\n<\/ul><\/li>\n\t<li><strong class=\"wsp-category-title\">Cat\u00e9gorie\u00a0: <a href=\"https:\/\/www.townhousehotels.nl\/fr\/.\/maastricht\/offres\">Offres<\/a><\/strong>\n<\/li>\n<\/ul><\/li>\n<\/ul>\n<\/div>\n\t\t<\/div>\n\t\t\t\t\t<\/div>\n\n\t\n<\/div>\n\t\t<\/div>\n\n\t\t\n<style>\n#section_1600870639 {\n  padding-top: 30px;\n  padding-bottom: 30px;\n}\n<\/style>\n\t<\/section>\n\t\n","protected":false},"excerpt":{"rendered":"","protected":false},"author":1,"featured_media":0,"parent":0,"menu_order":0,"comment_status":"closed","ping_status":"closed","template":"","meta":{"footnotes":""},"class_list":["post-21875","page","type-page","status-publish","hentry"],"yoast_head":"<!-- This site is optimized with the Yoast SEO plugin v27.2 - https:\/\/yoast.com\/product\/yoast-seo-wordpress\/ -->\n<title>Sitemap - Townhouse Hotel Maastricht<\/title>\n<meta name=\"robots\" content=\"index, follow, max-snippet:-1, max-image-preview:large, max-video-preview:-1\" \/>\n<link rel=\"canonical\" href=\"https:\/\/www.townhousehotels.nl\/fr\/sitemap\" \/>\n<meta property=\"og:locale\" content=\"fr_FR\" \/>\n<meta property=\"og:type\" content=\"article\" \/>\n<meta property=\"og:title\" content=\"Sitemap - Townhouse Hotel Maastricht\" \/>\n<meta property=\"og:url\" content=\"https:\/\/www.townhousehotels.nl\/fr\/sitemap\" \/>\n<meta property=\"og:site_name\" content=\"Townhouse Hotel Maastricht\" \/>\n<meta property=\"article:publisher\" content=\"https:\/\/www.facebook.com\/TownhouseHotels\/\" \/>\n<meta property=\"article:modified_time\" content=\"2023-12-04T15:19:54+00:00\" \/>\n<meta name=\"twitter:card\" content=\"summary_large_image\" \/>\n<script type=\"application\/ld+json\" class=\"yoast-schema-graph\">{\"@context\":\"https:\/\/schema.org\",\"@graph\":[{\"@type\":\"WebPage\",\"@id\":\"https:\/\/www.townhousehotels.nl\/fr\/sitemap\",\"url\":\"https:\/\/www.townhousehotels.nl\/fr\/sitemap\",\"name\":\"Sitemap - Townhouse Hotel Maastricht\",\"isPartOf\":{\"@id\":\"https:\/\/www.townhousehotels.nl\/fr#website\"},\"datePublished\":\"2021-03-11T10:40:01+00:00\",\"dateModified\":\"2023-12-04T15:19:54+00:00\",\"breadcrumb\":{\"@id\":\"https:\/\/www.townhousehotels.nl\/fr\/sitemap#breadcrumb\"},\"inLanguage\":\"fr-FR\",\"potentialAction\":[{\"@type\":\"ReadAction\",\"target\":[\"https:\/\/www.townhousehotels.nl\/fr\/sitemap\"]}]},{\"@type\":\"BreadcrumbList\",\"@id\":\"https:\/\/www.townhousehotels.nl\/fr\/sitemap#breadcrumb\",\"itemListElement\":[{\"@type\":\"ListItem\",\"position\":1,\"name\":\"Home\",\"item\":\"https:\/\/www.townhousehotels.nl\/fr\/home\"},{\"@type\":\"ListItem\",\"position\":2,\"name\":\"Sitemap\"}]},{\"@type\":\"WebSite\",\"@id\":\"https:\/\/www.townhousehotels.nl\/fr#website\",\"url\":\"https:\/\/www.townhousehotels.nl\/fr\",\"name\":\"Townhouse Hotel Maastricht\",\"description\":\"\",\"potentialAction\":[{\"@type\":\"SearchAction\",\"target\":{\"@type\":\"EntryPoint\",\"urlTemplate\":\"https:\/\/www.townhousehotels.nl\/fr?s={search_term_string}\"},\"query-input\":{\"@type\":\"PropertyValueSpecification\",\"valueRequired\":true,\"valueName\":\"search_term_string\"}}],\"inLanguage\":\"fr-FR\"}]}<\/script>\n<!-- \/ Yoast SEO plugin. -->","yoast_head_json":{"title":"Sitemap - Townhouse Hotel Maastricht","robots":{"index":"index","follow":"follow","max-snippet":"max-snippet:-1","max-image-preview":"max-image-preview:large","max-video-preview":"max-video-preview:-1"},"canonical":"https:\/\/www.townhousehotels.nl\/fr\/sitemap","og_locale":"fr_FR","og_type":"article","og_title":"Sitemap - Townhouse Hotel Maastricht","og_url":"https:\/\/www.townhousehotels.nl\/fr\/sitemap","og_site_name":"Townhouse Hotel Maastricht","article_publisher":"https:\/\/www.facebook.com\/TownhouseHotels\/","article_modified_time":"2023-12-04T15:19:54+00:00","twitter_card":"summary_large_image","schema":{"@context":"https:\/\/schema.org","@graph":[{"@type":"WebPage","@id":"https:\/\/www.townhousehotels.nl\/fr\/sitemap","url":"https:\/\/www.townhousehotels.nl\/fr\/sitemap","name":"Sitemap - Townhouse Hotel Maastricht","isPartOf":{"@id":"https:\/\/www.townhousehotels.nl\/fr#website"},"datePublished":"2021-03-11T10:40:01+00:00","dateModified":"2023-12-04T15:19:54+00:00","breadcrumb":{"@id":"https:\/\/www.townhousehotels.nl\/fr\/sitemap#breadcrumb"},"inLanguage":"fr-FR","potentialAction":[{"@type":"ReadAction","target":["https:\/\/www.townhousehotels.nl\/fr\/sitemap"]}]},{"@type":"BreadcrumbList","@id":"https:\/\/www.townhousehotels.nl\/fr\/sitemap#breadcrumb","itemListElement":[{"@type":"ListItem","position":1,"name":"Home","item":"https:\/\/www.townhousehotels.nl\/fr\/home"},{"@type":"ListItem","position":2,"name":"Sitemap"}]},{"@type":"WebSite","@id":"https:\/\/www.townhousehotels.nl\/fr#website","url":"https:\/\/www.townhousehotels.nl\/fr","name":"Townhouse Hotel Maastricht","description":"","potentialAction":[{"@type":"SearchAction","target":{"@type":"EntryPoint","urlTemplate":"https:\/\/www.townhousehotels.nl\/fr?s={search_term_string}"},"query-input":{"@type":"PropertyValueSpecification","valueRequired":true,"valueName":"search_term_string"}}],"inLanguage":"fr-FR"}]}},"_links":{"self":[{"href":"https:\/\/www.townhousehotels.nl\/fr\/wp-json\/wp\/v2\/pages\/21875","targetHints":{"allow":["GET"]}}],"collection":[{"href":"https:\/\/www.townhousehotels.nl\/fr\/wp-json\/wp\/v2\/pages"}],"about":[{"href":"https:\/\/www.townhousehotels.nl\/fr\/wp-json\/wp\/v2\/types\/page"}],"author":[{"embeddable":true,"href":"https:\/\/www.townhousehotels.nl\/fr\/wp-json\/wp\/v2\/users\/1"}],"replies":[{"embeddable":true,"href":"https:\/\/www.townhousehotels.nl\/fr\/wp-json\/wp\/v2\/comments?post=21875"}],"version-history":[{"count":0,"href":"https:\/\/www.townhousehotels.nl\/fr\/wp-json\/wp\/v2\/pages\/21875\/revisions"}],"wp:attachment":[{"href":"https:\/\/www.townhousehotels.nl\/fr\/wp-json\/wp\/v2\/media?parent=21875"}],"curies":[{"name":"wp","href":"https:\/\/api.w.org\/{rel}","templated":true}]}}