{"id":21687,"date":"2021-03-22T13:33:17","date_gmt":"2021-03-22T13:33:17","guid":{"rendered":"https:\/\/www.townhousehotels.nl\/?page_id=21687"},"modified":"2023-12-19T08:32:09","modified_gmt":"2023-12-19T08:32:09","slug":"garantie-meilleur-prix","status":"publish","type":"page","link":"https:\/\/www.townhousehotels.nl\/fr\/garantie-meilleur-prix","title":{"rendered":"Garantie du Meilleur Prix"},"content":{"rendered":"\n\t<section class=\"section\" id=\"section_1931655624\">\n\t\t<div class=\"section-bg fill\" >\n\t\t\t<img loading=\"lazy\" decoding=\"async\" width=\"2560\" height=\"1703\" src=\"https:\/\/www.townhousehotels.nl\/wp-content\/uploads\/2021\/02\/Lobby-huiskamer-lounge-hoek-bibliotheek-Townhouse-Design-Hotel-Maastricht-scaled-1.jpg\" class=\"bg attachment-original size-original\" alt=\"\" \/>\t\t\t\t\t\t\n\t\t\t\n\n\t\t<\/div>\n\n\t\t\n\n\t\t<div class=\"section-content relative\">\n\t\t\t\n\t\t<\/div>\n\n\t\t\n<style>\n#section_1931655624 {\n  padding-top: 30px;\n  padding-bottom: 30px;\n  min-height: 200px;\n}\n#section_1931655624 .section-bg img {\n  object-position: 53% 56%;\n}\n<\/style>\n\t<\/section>\n\t\n\n\t<section class=\"section\" id=\"section_1037437658\">\n\t\t<div class=\"section-bg fill\" >\n\t\t\t\t\t\t\t\t\t\n\t\t\t\n\n\t\t<\/div>\n\n\t\t\n\n\t\t<div class=\"section-content relative\">\n\t\t\t\n<div class=\"row\"  id=\"row-236541125\">\n\n\t<div id=\"col-2091381674\" class=\"col small-12 large-12\"  >\n\t\t\t\t<div class=\"col-inner\"  >\n\t\t\t\n\t\t\t\n<h1 style=\"text-align: center;\">Garantie du Meilleur Prix<\/h1>\n<p>Nous garantissons le meilleur prix possible \u00e0 chaque h\u00f4te qui r\u00e9serve directement sur notre site Internet :\u00a0<a href=\"https:\/\/www.townhousehotels.nl\/\">www.townhousehotels.nl<\/a>\u00a0ou\u00a0<a href=\"https:\/\/www.lbghotels.com\/\">www.lbghotels.com<\/a><\/p>\n<p>\u00a0<\/p>\n<p>En cas de r\u00e9servation effectu\u00e9e sur son site Internet, le Townhouse hotel Maastricht garantit un prix et des conditions d\u00e9fiant toute concurrence (en comparaison, bien s\u00fbr, avec des chambres du m\u00eame type propos\u00e9es \u00e0 la m\u00eame date dans d\u2019autres h\u00f4tels) au moment de la r\u00e9servation et dans les 24 heures suivantes.<\/p>\n<p>Si vous trouvez, pendant ce d\u00e9lai, une chambre \u00e9quivalente (type, date, conditions) \u00e0 un tarif plus avantageux et publi\u00e9 (prix concurrentiel) et que vous en informez le Townhouse hotel Maastricht, ce dernier s\u2019alignera sur ce prix concurrentiel dans les 24 heures suivant la confirmation de votre r\u00e9servation sur son site Internet.<\/p>\n<p>La garantie du meilleur prix ne peut \u00eatre invoqu\u00e9e que si toutes les conditions pr\u00e9vues sont remplies.<\/p>\n<h2>Termes et Conditions<\/h2>\n<ol>\n<li><strong>Conditions pour les chambres :<\/strong>\n<ol>\n<li>Type de chambre \u00e9quivalent : la garantie du meilleur prix ne s\u2019applique que si la chambre propos\u00e9e par la concurrence est d\u2019un type sensiblement similaire \u00e0 celui de la chambre propos\u00e9e sur le site Internet du Townhouse hotel Maastricht. L\u2019\u00e9quivalence des types de chambre est \u00e9valu\u00e9e \u00e0 la seule discr\u00e9tion du Townhouse hotel Maastricht sur la base de plusieurs crit\u00e8res, dont, entre autres, la vue, les \u00e9quipements, la literie et la taille de la chambre.<\/li>\n<li>Dates \u00e9quivalentes : le tarif inf\u00e9rieur doit \u00eatre affich\u00e9 en ligne pour une chambre \u00e9quivalente pouvant \u00eatre r\u00e9serv\u00e9e pour une date d\u2019arriv\u00e9e et une date de d\u00e9part identiques.<\/li>\n<li>Conditions \u00e9quivalentes : toutes les conditions relatives au prix ou au tarif (paiement \u00e0 l\u2019avance, acompte, etc.) doivent \u00eatre \u00e9quivalentes \u00e0 ou plus strictes que les conditions propos\u00e9es sur le site Internet du Townhouse hotel Maastricht. Par exemple, si vous r\u00e9servez sur le site Internet du Townhouse hotel Maastricht une chambre qui peut \u00eatre annul\u00e9e sans frais, vous ne pouvez pas la comparer avec une chambre trouv\u00e9e sur un autre site Internet (site Internet concurrent) dont le prix doit \u00eatre pay\u00e9 \u00e0 l\u2019avance ou ne peut \u00eatre rembours\u00e9. Par contre, si vous r\u00e9servez sur notre site Internet une chambre dont le prix doit \u00eatre pay\u00e9 \u00e0 l\u2019avance et ne peut \u00eatre rembours\u00e9, vous pouvez la comparer avec une chambre trouv\u00e9e sur un site Internet concurrent dont vous pouvez annuler la r\u00e9servation ou dont le prix peut vous \u00eatre rembours\u00e9. La garantie du meilleur prix ne s\u2019applique pas aux sites Internet qui ne communiquent les donn\u00e9es de r\u00e9servation qu\u2019apr\u00e8s l\u2019achat.<\/li>\n<li>Prix \u00e9quivalents : la chambre doit \u00eatre propos\u00e9e, r\u00e9serv\u00e9e et pay\u00e9e dans la devise de l\u2019h\u00f4tel. Les frais suppl\u00e9mentaires (par ex. suppl\u00e9ment pour une personne en plus) ne sont pas pris en compte dans le cadre de la garantie. En cas de s\u00e9jour de plusieurs nuits, le prix moyen par nuit propos\u00e9 sur un site Internet concurrent est compar\u00e9 au prix moyen par nuit pour une r\u00e9servation de plusieurs nuits sur le site Internet du Townhouse hotel Maastricht.<\/li>\n<\/ol>\n<\/li>\n<li><strong>Tarifs non publi\u00e9s\u00a0<\/strong>: la garantie du meilleur prix ne s\u2019applique pas aux tarifs non publi\u00e9s, c\u2019est-\u00e0-dire aux tarifs non accessibles au grand public. Les tarifs non accessibles au grand public incluent, entre autres :\n<ol>\n<li>Les r\u00e9ductions professionnelles,<\/li>\n<li>Les tarifs de groupe,<\/li>\n<li>Les forfaits avec services conf\u00e9rence,<\/li>\n<li>Les tarifs accessibles uniquement aux membres d\u2019un club, d\u2019un programme de fid\u00e9lit\u00e9 ou d\u2019une quelconque autre organisation \u2013 auquel cas les tarifs ne sont donc destin\u00e9s qu\u2019\u00e0 un groupe pr\u00e9cis et ne sont pas accessibles au grand public,<\/li>\n<li>Les offres promotionnelles envoy\u00e9es par courrier,<\/li>\n<li>Les offres promotionnelles envoy\u00e9es par e-mail,<\/li>\n<li>Les tarifs accessibles uniquement sur pr\u00e9sentation d\u2019un code ou d\u2019un bon de r\u00e9duction<\/li>\n<li>Les tarifs avantageux disponibles sur des sites Internet peu transparents qui ne d\u00e9voilent le nom de l\u2019h\u00f4tel qu\u2019une fois la r\u00e9servation effectu\u00e9e ne sont pas non plus pris en compte dans le cadre de la garantie.<\/li>\n<\/ol>\n<\/li>\n<li><strong>Conditions d\u2019intervention de la garantie :<\/strong>\u00a0pour faire intervenir cette garantie, vous devez envoyer un e-mail \u00e0 l\u2019adresse\u00a0<a href=\"mailto:reservations@townhousehotels.nl\">reservations@townhousehotels.nl<\/a>, contenant les informations suivantes : votre nom, notre num\u00e9ro de r\u00e9servation et le site Internet proposant un tarif plus avantageux que celui du Townhouse hotel Maastricht. Les e-mails incomplets ou pr\u00e9sentant des informations incorrectes ne seront pas pris en compte. Puisque nous devons traiter votre demande d\u2019intervention de la garantie du meilleur prix avant votre arriv\u00e9e, vous devez introduire cette demande au moins 24 heures avant celle-ci.<\/li>\n<\/ol>\n\t\t<\/div>\n\t\t\t\t\t<\/div>\n\n\t\n<\/div>\n\t\t<\/div>\n\n\t\t\n<style>\n#section_1037437658 {\n  padding-top: 30px;\n  padding-bottom: 30px;\n}\n<\/style>\n\t<\/section>\n\t\n","protected":false},"excerpt":{"rendered":"","protected":false},"author":4,"featured_media":0,"parent":0,"menu_order":0,"comment_status":"closed","ping_status":"closed","template":"","meta":{"footnotes":""},"class_list":["post-21687","page","type-page","status-publish","hentry"],"yoast_head":"<!-- This site is optimized with the Yoast SEO plugin v27.2 - https:\/\/yoast.com\/product\/yoast-seo-wordpress\/ -->\n<title>Garantie Meilleur Prix | TOWNHOUSE Design H\u00f4tel Maastricht &amp; The Hague<\/title>\n<meta name=\"description\" content=\"Le meilleur prix pour TOWNHOUSE hotel \u00e0 Maastricht et La Haye est sur notre site officiel, www.townhousehotels.nl. Sinon, nous l\u2019\u00e9galerons ! Consultez les conditions.\" \/>\n<meta name=\"robots\" content=\"index, follow, max-snippet:-1, max-image-preview:large, max-video-preview:-1\" \/>\n<link rel=\"canonical\" href=\"https:\/\/www.townhousehotels.nl\/fr\/garantie-meilleur-prix\" \/>\n<meta property=\"og:locale\" content=\"fr_FR\" \/>\n<meta property=\"og:type\" content=\"article\" \/>\n<meta property=\"og:title\" content=\"Garantie Meilleur Prix | TOWNHOUSE Design H\u00f4tel Maastricht &amp; The Hague\" \/>\n<meta property=\"og:description\" content=\"Le meilleur prix pour TOWNHOUSE hotel \u00e0 Maastricht et La Haye est sur notre site officiel, www.townhousehotels.nl. Sinon, nous l\u2019\u00e9galerons ! Consultez les conditions.\" \/>\n<meta property=\"og:url\" content=\"https:\/\/www.townhousehotels.nl\/fr\/garantie-meilleur-prix\" \/>\n<meta property=\"og:site_name\" content=\"Townhouse Hotel Maastricht\" \/>\n<meta property=\"article:publisher\" content=\"https:\/\/www.facebook.com\/TownhouseHotels\/\" \/>\n<meta property=\"article:modified_time\" content=\"2023-12-19T08:32:09+00:00\" \/>\n<meta name=\"twitter:card\" content=\"summary_large_image\" \/>\n<script type=\"application\/ld+json\" class=\"yoast-schema-graph\">{\"@context\":\"https:\/\/schema.org\",\"@graph\":[{\"@type\":\"WebPage\",\"@id\":\"https:\/\/www.townhousehotels.nl\/fr\/garantie-meilleur-prix\",\"url\":\"https:\/\/www.townhousehotels.nl\/fr\/garantie-meilleur-prix\",\"name\":\"Garantie Meilleur Prix | TOWNHOUSE Design H\u00f4tel Maastricht & The Hague\",\"isPartOf\":{\"@id\":\"https:\/\/www.townhousehotels.nl\/fr#website\"},\"datePublished\":\"2021-03-22T13:33:17+00:00\",\"dateModified\":\"2023-12-19T08:32:09+00:00\",\"description\":\"Le meilleur prix pour TOWNHOUSE hotel \u00e0 Maastricht et La Haye est sur notre site officiel, www.townhousehotels.nl. Sinon, nous l\u2019\u00e9galerons ! Consultez les conditions.\",\"breadcrumb\":{\"@id\":\"https:\/\/www.townhousehotels.nl\/fr\/garantie-meilleur-prix#breadcrumb\"},\"inLanguage\":\"fr-FR\",\"potentialAction\":[{\"@type\":\"ReadAction\",\"target\":[\"https:\/\/www.townhousehotels.nl\/fr\/garantie-meilleur-prix\"]}]},{\"@type\":\"BreadcrumbList\",\"@id\":\"https:\/\/www.townhousehotels.nl\/fr\/garantie-meilleur-prix#breadcrumb\",\"itemListElement\":[{\"@type\":\"ListItem\",\"position\":1,\"name\":\"Home\",\"item\":\"https:\/\/www.townhousehotels.nl\/fr\/home\"},{\"@type\":\"ListItem\",\"position\":2,\"name\":\"Garantie du Meilleur Prix\"}]},{\"@type\":\"WebSite\",\"@id\":\"https:\/\/www.townhousehotels.nl\/fr#website\",\"url\":\"https:\/\/www.townhousehotels.nl\/fr\",\"name\":\"Townhouse Hotel Maastricht\",\"description\":\"\",\"potentialAction\":[{\"@type\":\"SearchAction\",\"target\":{\"@type\":\"EntryPoint\",\"urlTemplate\":\"https:\/\/www.townhousehotels.nl\/fr?s={search_term_string}\"},\"query-input\":{\"@type\":\"PropertyValueSpecification\",\"valueRequired\":true,\"valueName\":\"search_term_string\"}}],\"inLanguage\":\"fr-FR\"}]}<\/script>\n<!-- \/ Yoast SEO plugin. -->","yoast_head_json":{"title":"Garantie Meilleur Prix | TOWNHOUSE Design H\u00f4tel Maastricht & The Hague","description":"Le meilleur prix pour TOWNHOUSE hotel \u00e0 Maastricht et La Haye est sur notre site officiel, www.townhousehotels.nl. Sinon, nous l\u2019\u00e9galerons ! Consultez les conditions.","robots":{"index":"index","follow":"follow","max-snippet":"max-snippet:-1","max-image-preview":"max-image-preview:large","max-video-preview":"max-video-preview:-1"},"canonical":"https:\/\/www.townhousehotels.nl\/fr\/garantie-meilleur-prix","og_locale":"fr_FR","og_type":"article","og_title":"Garantie Meilleur Prix | TOWNHOUSE Design H\u00f4tel Maastricht & The Hague","og_description":"Le meilleur prix pour TOWNHOUSE hotel \u00e0 Maastricht et La Haye est sur notre site officiel, www.townhousehotels.nl. Sinon, nous l\u2019\u00e9galerons ! Consultez les conditions.","og_url":"https:\/\/www.townhousehotels.nl\/fr\/garantie-meilleur-prix","og_site_name":"Townhouse Hotel Maastricht","article_publisher":"https:\/\/www.facebook.com\/TownhouseHotels\/","article_modified_time":"2023-12-19T08:32:09+00:00","twitter_card":"summary_large_image","schema":{"@context":"https:\/\/schema.org","@graph":[{"@type":"WebPage","@id":"https:\/\/www.townhousehotels.nl\/fr\/garantie-meilleur-prix","url":"https:\/\/www.townhousehotels.nl\/fr\/garantie-meilleur-prix","name":"Garantie Meilleur Prix | TOWNHOUSE Design H\u00f4tel Maastricht & The Hague","isPartOf":{"@id":"https:\/\/www.townhousehotels.nl\/fr#website"},"datePublished":"2021-03-22T13:33:17+00:00","dateModified":"2023-12-19T08:32:09+00:00","description":"Le meilleur prix pour TOWNHOUSE hotel \u00e0 Maastricht et La Haye est sur notre site officiel, www.townhousehotels.nl. Sinon, nous l\u2019\u00e9galerons ! Consultez les conditions.","breadcrumb":{"@id":"https:\/\/www.townhousehotels.nl\/fr\/garantie-meilleur-prix#breadcrumb"},"inLanguage":"fr-FR","potentialAction":[{"@type":"ReadAction","target":["https:\/\/www.townhousehotels.nl\/fr\/garantie-meilleur-prix"]}]},{"@type":"BreadcrumbList","@id":"https:\/\/www.townhousehotels.nl\/fr\/garantie-meilleur-prix#breadcrumb","itemListElement":[{"@type":"ListItem","position":1,"name":"Home","item":"https:\/\/www.townhousehotels.nl\/fr\/home"},{"@type":"ListItem","position":2,"name":"Garantie du Meilleur Prix"}]},{"@type":"WebSite","@id":"https:\/\/www.townhousehotels.nl\/fr#website","url":"https:\/\/www.townhousehotels.nl\/fr","name":"Townhouse Hotel Maastricht","description":"","potentialAction":[{"@type":"SearchAction","target":{"@type":"EntryPoint","urlTemplate":"https:\/\/www.townhousehotels.nl\/fr?s={search_term_string}"},"query-input":{"@type":"PropertyValueSpecification","valueRequired":true,"valueName":"search_term_string"}}],"inLanguage":"fr-FR"}]}},"_links":{"self":[{"href":"https:\/\/www.townhousehotels.nl\/fr\/wp-json\/wp\/v2\/pages\/21687","targetHints":{"allow":["GET"]}}],"collection":[{"href":"https:\/\/www.townhousehotels.nl\/fr\/wp-json\/wp\/v2\/pages"}],"about":[{"href":"https:\/\/www.townhousehotels.nl\/fr\/wp-json\/wp\/v2\/types\/page"}],"author":[{"embeddable":true,"href":"https:\/\/www.townhousehotels.nl\/fr\/wp-json\/wp\/v2\/users\/4"}],"replies":[{"embeddable":true,"href":"https:\/\/www.townhousehotels.nl\/fr\/wp-json\/wp\/v2\/comments?post=21687"}],"version-history":[{"count":0,"href":"https:\/\/www.townhousehotels.nl\/fr\/wp-json\/wp\/v2\/pages\/21687\/revisions"}],"wp:attachment":[{"href":"https:\/\/www.townhousehotels.nl\/fr\/wp-json\/wp\/v2\/media?parent=21687"}],"curies":[{"name":"wp","href":"https:\/\/api.w.org\/{rel}","templated":true}]}}