{"id":21679,"date":"2021-03-22T13:38:21","date_gmt":"2021-03-22T13:38:21","guid":{"rendered":"https:\/\/www.townhousehotels.nl\/information-entreprise\/"},"modified":"2023-11-28T16:32:54","modified_gmt":"2023-11-28T16:32:54","slug":"information-entreprise","status":"publish","type":"page","link":"https:\/\/www.townhousehotels.nl\/fr\/information-entreprise","title":{"rendered":"Information sur l\u2019Entreprise"},"content":{"rendered":"\n\t<section class=\"section\" id=\"section_979138511\">\n\t\t<div class=\"section-bg fill\" >\n\t\t\t<img loading=\"lazy\" decoding=\"async\" width=\"2560\" height=\"1703\" src=\"https:\/\/www.townhousehotels.nl\/wp-content\/uploads\/2021\/02\/Lobby-huiskamer-lounge-hoek-bibliotheek-Townhouse-Design-Hotel-Maastricht-scaled-1.jpg\" class=\"bg attachment- size-\" alt=\"\" \/>\t\t\t\t\t\t\n\t\t\t\n\n\t\t<\/div>\n\n\t\t\n\n\t\t<div class=\"section-content relative\">\n\t\t\t\n\t\t<\/div>\n\n\t\t\n<style>\n#section_979138511 {\n  padding-top: 30px;\n  padding-bottom: 30px;\n  min-height: 200px;\n}\n<\/style>\n\t<\/section>\n\t\n\n\t<section class=\"section\" id=\"section_312005306\">\n\t\t<div class=\"section-bg fill\" >\n\t\t\t\t\t\t\t\t\t\n\t\t\t\n\n\t\t<\/div>\n\n\t\t\n\n\t\t<div class=\"section-content relative\">\n\t\t\t\n\t<div id=\"text-3583694354\" class=\"text\">\n\t\t\n<h1>Information sur l\u2019Entreprise<\/h1>\n\t\t\n<style>\n#text-3583694354 {\n  text-align: center;\n}\n<\/style>\n\t<\/div>\n\t\n\t\t<\/div>\n\n\t\t\n<style>\n#section_312005306 {\n  padding-top: 30px;\n  padding-bottom: 30px;\n}\n<\/style>\n\t<\/section>\n\t\n\n\t<section class=\"section\" id=\"section_605405506\">\n\t\t<div class=\"section-bg fill\" >\n\t\t\t\t\t\t\t\t\t\n\t\t\t\n\n\t\t<\/div>\n\n\t\t\n\n\t\t<div class=\"section-content relative\">\n\t\t\t\n<div class=\"row\"  id=\"row-828942571\">\n\n\t<div id=\"col-926348454\" class=\"col medium-6 small-12 large-6\"  >\n\t\t\t\t<div class=\"col-inner\"  >\n\t\t\t\n\t\t\t\n\t<div class=\"img has-hover x md-x lg-x y md-y lg-y\" id=\"image_1841906822\">\n\t\t\t\t\t\t\t\t<div class=\"img-inner dark\" >\n\t\t\t<img loading=\"lazy\" decoding=\"async\" width=\"1000\" height=\"666\" src=\"https:\/\/www.townhousehotels.nl\/wp-content\/uploads\/2021\/02\/THDM-mini-bieb.jpg\" class=\"attachment-large size-large\" alt=\"\" srcset=\"https:\/\/www.townhousehotels.nl\/wp-content\/uploads\/2021\/02\/THDM-mini-bieb.jpg 1000w, https:\/\/www.townhousehotels.nl\/wp-content\/uploads\/2021\/02\/THDM-mini-bieb-300x200.jpg 300w, https:\/\/www.townhousehotels.nl\/wp-content\/uploads\/2021\/02\/THDM-mini-bieb-768x511.jpg 768w\" sizes=\"auto, (max-width: 1000px) 100vw, 1000px\" \/>\t\t\t\t\t\t\n\t\t\t\t\t<\/div>\n\t\t\t\t\t\t\t\t\n<style>\n#image_1841906822 {\n  width: 100%;\n}\n<\/style>\n\t<\/div>\n\t\n\t\t<\/div>\n\t\t\t\t\t<\/div>\n\n\t\n\n\t<div id=\"col-409346468\" class=\"col medium-6 small-12 large-6\"  >\n\t\t\t\t<div class=\"col-inner\"  >\n\t\t\t\n\t\t\t\n<h2>Townhouse Hotel &amp; Appartements Maastricht \u2013 La Berg\u00e8re Hospitality Group<\/h2>\n<h3>Adresse :<\/h3>\n<p>Townhouse Hotel Maastricht<br \/>St. Maartenslaan 5<br \/>6221 AV Maastricht<br \/>Pays-Bas<br \/>Tel: +31 (0)43 323 30 90<br \/>Fax: +31 (0)43 310 07 12<br \/>E-mail: maastricht@townhousehotels.nl<br \/>Website: www.townhousehotels.nl<\/p>\n<h3>Entit\u00e9 Officielle :<\/h3>\n<p>La Berg\u00e8re Hospitality Group b.v.<br \/>St. Maartenslaan 9<br \/>6221 AV Maastricht<br \/>Pays-Bas<br \/>Tel: +31 (0)43 323 30 90<br \/>Fax: +31 (0)43 310 07 12<br \/>E-mail: info@lbghotels.com<br \/>Website: www.lbghotels.com<\/p>\n\t\t<\/div>\n\t\t\t\t\t<\/div>\n\n\t\n<\/div>\n\t\t<\/div>\n\n\t\t\n<style>\n#section_605405506 {\n  padding-top: 30px;\n  padding-bottom: 30px;\n}\n<\/style>\n\t<\/section>\n\t\n<div class=\"text-center\"><div class=\"is-divider divider clearfix\" style=\"max-width:60%;height:2px;\"><\/div><\/div>\n\n\t<section class=\"section\" id=\"section_1584408022\">\n\t\t<div class=\"section-bg fill\" >\n\t\t\t\t\t\t\t\t\t\n\t\t\t\n\n\t\t<\/div>\n\n\t\t\n\n\t\t<div class=\"section-content relative\">\n\t\t\t\n<div class=\"row\"  id=\"row-523109584\">\n\n\t<div id=\"col-1501501094\" class=\"col medium-6 small-12 large-6\"  >\n\t\t\t\t<div class=\"col-inner\"  >\n\t\t\t\n\t\t\t\n<p>Chambre de Commerce Maastricht : 17188395<br \/>Num\u00e9ro de TVA : NL8158.75.526B01<\/p>\n<p><strong>Information Bancaire <\/strong>:<\/p>\n<ul>\n<li>Bic Code &#8211; INGBNL2A<\/li>\n<li>IBAN -NL66INGB0663985269GDS<\/li>\n<\/ul>\n<p> <strong>Codes<\/strong>:<\/p>\n<ul>\n<li>Amadeus &#8211; YX MSTTOW<\/li>\n<li>Galileo\/Apollo &#8211; YX 52812<\/li>\n<li>Sabre &#8211; YX 082970<\/li>\n<li>WorldSpan &#8211; YX MSTTO<\/li>\n<\/ul>\n\t\t<\/div>\n\t\t\t\t\t<\/div>\n\n\t\n\n\t<div id=\"col-1730960982\" class=\"col medium-6 small-12 large-6\"  >\n\t\t\t\t<div class=\"col-inner\"  >\n\t\t\t\n\t\t\t\n\t<div class=\"img has-hover x md-x lg-x y md-y lg-y\" id=\"image_494757387\">\n\t\t\t\t\t\t\t\t<div class=\"img-inner dark\" >\n\t\t\t<img loading=\"lazy\" decoding=\"async\" width=\"1020\" height=\"679\" src=\"https:\/\/www.townhousehotels.nl\/wp-content\/uploads\/2019\/06\/Exterieur-Townhouse-Design-Hotel-Maastricht.jpg\" class=\"attachment-large size-large\" alt=\"\" srcset=\"https:\/\/www.townhousehotels.nl\/wp-content\/uploads\/2019\/06\/Exterieur-Townhouse-Design-Hotel-Maastricht.jpg 1021w, https:\/\/www.townhousehotels.nl\/wp-content\/uploads\/2019\/06\/Exterieur-Townhouse-Design-Hotel-Maastricht-300x200.jpg 300w, https:\/\/www.townhousehotels.nl\/wp-content\/uploads\/2019\/06\/Exterieur-Townhouse-Design-Hotel-Maastricht-768x511.jpg 768w\" sizes=\"auto, (max-width: 1020px) 100vw, 1020px\" \/>\t\t\t\t\t\t\n\t\t\t\t\t<\/div>\n\t\t\t\t\t\t\t\t\n<style>\n#image_494757387 {\n  width: 100%;\n}\n<\/style>\n\t<\/div>\n\t\n\t\t<\/div>\n\t\t\t\t\t<\/div>\n\n\t\n<\/div>\n\t\t<\/div>\n\n\t\t\n<style>\n#section_1584408022 {\n  padding-top: 30px;\n  padding-bottom: 30px;\n}\n<\/style>\n\t<\/section>\n\t\n\n\t<section class=\"section\" id=\"section_1157237102\">\n\t\t<div class=\"section-bg fill\" >\n\t\t\t\t\t\t\t\t\t\n\t\t\t\n\n\t\t<\/div>\n\n\t\t\n\n\t\t<div class=\"section-content relative\">\n\t\t\t\n\n<div class=\"row align-middle\"  id=\"row-1777839277\">\n\n\n\t<div id=\"col-65423236\" class=\"col medium-7 small-12 large-6\"  >\n\t\t\t\t<div class=\"col-inner\"  >\n\t\t\t\n\t\t\t\n\n\t<div class=\"img has-hover x md-x lg-x y md-y lg-y\" id=\"image_521079749\">\n\t\t<a class=\"\" href=\"https:\/\/maps.app.goo.gl\/MsRwW2D7cxbtmQ8E7\" target=\"_blank\" rel=\"noopener\" >\t\t\t\t\t\t<div class=\"img-inner dark\" >\n\t\t\t<img loading=\"lazy\" decoding=\"async\" width=\"525\" height=\"525\" src=\"https:\/\/www.townhousehotels.nl\/wp-content\/uploads\/2024\/01\/townhouse-location-1.png\" class=\"attachment-medium_large size-medium_large\" alt=\"\" srcset=\"https:\/\/www.townhousehotels.nl\/wp-content\/uploads\/2024\/01\/townhouse-location-1.png 525w, https:\/\/www.townhousehotels.nl\/wp-content\/uploads\/2024\/01\/townhouse-location-1-300x300.png 300w, https:\/\/www.townhousehotels.nl\/wp-content\/uploads\/2024\/01\/townhouse-location-1-150x150.png 150w\" sizes=\"auto, (max-width: 525px) 100vw, 525px\" \/>\t\t\t\t\t\t\n\t\t\t\t\t<\/div>\n\t\t\t\t\t\t<\/a>\t\t\n<style>\n#image_521079749 {\n  width: 100%;\n}\n@media (min-width:550px) {\n  #image_521079749 {\n    width: 100%;\n  }\n}\n<\/style>\n\t<\/div>\n\t\n\n\n\t\t<\/div>\n\t\t\t\t\t<\/div>\n\n\t\n\n\t<div id=\"col-228646407\" class=\"col medium-6 small-12 large-6\"  >\n\t\t\t\t<div class=\"col-inner\"  >\n\t\t\t\n\t\t\t\n\n\t<div id=\"text-146778953\" class=\"text\">\n\t\t\n\n<p>TOWNHOUSE DESIGN H\u00d4TEL MAASTRICHT<\/p>\n\t\t\n<style>\n#text-146778953 {\n  font-size: 0.75rem;\n  line-height: 0.75;\n}\n@media (min-width:550px) {\n  #text-146778953 {\n    font-size: 1rem;\n  }\n}\n<\/style>\n\t<\/div>\n\t\n\t<div id=\"text-455707038\" class=\"text\">\n\t\t\n\n<h2 class=\"thin-font\"><strong><span style=\"color: #000000; font-size: 140%;\">O\u00f9 sommes-nous situ\u00e9s ?<\/span><\/strong><\/h2>\n<p><span style=\"font-size: 120%;\"><strong>St. Maartenslaan 5<\/strong><\/span><br><span style=\"font-size: 115%;\"><strong>6221 AV Maastricht<\/strong><\/span><br><span style=\"font-size: 115%;\"><strong>Pays-Bas<\/strong><\/span><\/p>\n<p><a href=\"https:\/\/www.townhousehotels.nl\/fr\/maastricht\">Townhouse H\u00f4tels<\/a> &amp; <a href=\"https:\/\/www.townhousehotels.nl\/fr\/maastricht\/appartements\">Appartments Maastricht<\/a> est situ\u00e9 dans le quartier anim\u00e9 de Wyck \u00e0 Maastricht. Nous sommes tr\u00e8s <a href=\"https:\/\/www.townhousehotels.nl\/maastricht\/hotel\/station\"><strong>proches de la gare<\/strong><\/a>, pratiquement de l'autre c\u00f4t\u00e9 de la rue. Et vous pouvez rejoindre le centre-ville en seulement 10 minutes \u00e0 pied via l\u2019avenue commer\u00e7ante Wycker Brugstraat.<\/p>\n<p>Nous <strong><a href=\"https:\/\/www.townhousehotels.nl\/fr\">sommes id\u00e9alement situ\u00e9s<\/a><\/strong> pour les voyageurs en city break \u00e0 Maastricht ou ceux qui veulent faire des <a href=\"https:\/\/www.townhousehotels.nl\/fr\/maastricht\/forfaits\/citytrip\"> excursions<\/a> dans les collines environnantes du Limbourg. Ou, si vous \u00eates en ville pour un salon professionnel au <a href=\"https:\/\/www.townhousehotels.nl\/fr\/maastricht\/forfaits\">Mecc<\/a>, nous sommes \u00e0 seulement 7 minutes <a href=\"https:\/\/www.townhousehotels.nl\/fr\/maastricht\/offres\">en taxi.<\/a><\/p>\n<p><a href=\"https:\/\/www.townhousehotels.nl\/maastricht\/hotel\/mecc\">Les voyageurs<\/a> d\u2019affaires s\u00e9journent <a href=\"https:\/\/www.townhousehotels.nl\/fr\/maastricht\/hotel-affaires\">fr\u00e9quemment<\/a> chez nous pour notre <a href=\"https:\/\/www.townhousehotels.nl\/fr\/maastricht\/emplacement\">emplacement central.<\/a><\/p>\n\t\t\n<style>\n#text-455707038 {\n  font-size: 1.05rem;\n  line-height: 1.5;\n}\n@media (min-width:550px) {\n  #text-455707038 {\n    font-size: 1rem;\n    line-height: 1.2;\n  }\n}\n<\/style>\n\t<\/div>\n\t\n<a href=\"https:\/\/maps.app.goo.gl\/MsRwW2D7cxbtmQ8E7\" class=\"button success is-link\" >\n\t\t<span>OBTENIR ITIN\u00c9RAIRE<\/span>\n\t<i class=\"icon-angle-right\" aria-hidden=\"true\"><\/i><\/a>\n\n\n\t<div id=\"gap-588628357\" class=\"gap-element clearfix\" style=\"display:block; height:auto;\">\n\t\t\n<style>\n#gap-588628357 {\n  padding-top: 30px;\n}\n<\/style>\n\t<\/div>\n\t\n\n\t<div id=\"text-1395686107\" class=\"text\">\n\t\t\n\n<p><strong>Mail: <a href=\"mailto:maastricht@townhousehotels.nl\">maastricht@townhousehotels.nl<\/a><\/strong><br><strong>Tel: <a href=\"tel:+31433233090\">+31 43 323 3090<\/a><\/strong><\/p>\n\t\t\n<style>\n#text-1395686107 {\n  font-size: 1.2rem;\n  text-align: left;\n}\n<\/style>\n\t<\/div>\n\t\n\n\t\t<\/div>\n\t\t\t\t\n<style>\n#col-228646407 > .col-inner {\n  padding: 0px 0px 0px 0px;\n  margin: 0px 0px 0px 0px;\n}\n@media (min-width:550px) {\n  #col-228646407 > .col-inner {\n    margin: 0px 20px 0px 0px;\n  }\n}\n<\/style>\n\t<\/div>\n\n\t\n\n\n<style>\n#row-1777839277 > .col > .col-inner {\n  padding: 5px 0px 10px 0px;\n}\n@media (min-width:550px) {\n  #row-1777839277 > .col > .col-inner {\n    padding: 75px 0px 45px 0px;\n  }\n}\n<\/style>\n<\/div>\n\n\t\t<\/div>\n\n\t\t\n<style>\n#section_1157237102 {\n  padding-top: 0px;\n  padding-bottom: 0px;\n  background-color: #f5efe8;\n}\n@media (min-width:550px) {\n  #section_1157237102 {\n    padding-top: 0px;\n    padding-bottom: 0px;\n  }\n}\n<\/style>\n\t<\/section>\n\t\n","protected":false},"excerpt":{"rendered":"","protected":false},"author":6,"featured_media":0,"parent":0,"menu_order":0,"comment_status":"closed","ping_status":"closed","template":"","meta":{"footnotes":""},"class_list":["post-21679","page","type-page","status-publish","hentry"],"yoast_head":"<!-- This site is optimized with the Yoast SEO plugin v27.2 - https:\/\/yoast.com\/product\/yoast-seo-wordpress\/ -->\n<title>Information sur l\u2019Entreprise - Townhouse Hotel Maastricht<\/title>\n<meta name=\"robots\" content=\"index, follow, max-snippet:-1, max-image-preview:large, max-video-preview:-1\" \/>\n<link rel=\"canonical\" href=\"https:\/\/www.townhousehotels.nl\/fr\/information-entreprise\" \/>\n<meta property=\"og:locale\" content=\"fr_FR\" \/>\n<meta property=\"og:type\" content=\"article\" \/>\n<meta property=\"og:title\" content=\"Information sur l\u2019Entreprise - Townhouse Hotel Maastricht\" \/>\n<meta property=\"og:url\" content=\"https:\/\/www.townhousehotels.nl\/fr\/information-entreprise\" \/>\n<meta property=\"og:site_name\" content=\"Townhouse Hotel Maastricht\" \/>\n<meta property=\"article:publisher\" content=\"https:\/\/www.facebook.com\/TownhouseHotels\/\" \/>\n<meta property=\"article:modified_time\" content=\"2023-11-28T16:32:54+00:00\" \/>\n<meta name=\"twitter:card\" content=\"summary_large_image\" \/>\n<meta name=\"twitter:label1\" content=\"Dur\u00e9e de lecture estim\u00e9e\" \/>\n\t<meta name=\"twitter:data1\" content=\"1 minute\" \/>\n<script type=\"application\/ld+json\" class=\"yoast-schema-graph\">{\"@context\":\"https:\/\/schema.org\",\"@graph\":[{\"@type\":\"WebPage\",\"@id\":\"https:\/\/www.townhousehotels.nl\/fr\/information-entreprise\",\"url\":\"https:\/\/www.townhousehotels.nl\/fr\/information-entreprise\",\"name\":\"Information sur l\u2019Entreprise - Townhouse Hotel Maastricht\",\"isPartOf\":{\"@id\":\"https:\/\/www.townhousehotels.nl\/fr#website\"},\"datePublished\":\"2021-03-22T13:38:21+00:00\",\"dateModified\":\"2023-11-28T16:32:54+00:00\",\"breadcrumb\":{\"@id\":\"https:\/\/www.townhousehotels.nl\/fr\/information-entreprise#breadcrumb\"},\"inLanguage\":\"fr-FR\",\"potentialAction\":[{\"@type\":\"ReadAction\",\"target\":[\"https:\/\/www.townhousehotels.nl\/fr\/information-entreprise\"]}]},{\"@type\":\"BreadcrumbList\",\"@id\":\"https:\/\/www.townhousehotels.nl\/fr\/information-entreprise#breadcrumb\",\"itemListElement\":[{\"@type\":\"ListItem\",\"position\":1,\"name\":\"Home\",\"item\":\"https:\/\/www.townhousehotels.nl\/fr\/home\"},{\"@type\":\"ListItem\",\"position\":2,\"name\":\"Information sur l\u2019Entreprise\"}]},{\"@type\":\"WebSite\",\"@id\":\"https:\/\/www.townhousehotels.nl\/fr#website\",\"url\":\"https:\/\/www.townhousehotels.nl\/fr\",\"name\":\"Townhouse Hotel Maastricht\",\"description\":\"\",\"potentialAction\":[{\"@type\":\"SearchAction\",\"target\":{\"@type\":\"EntryPoint\",\"urlTemplate\":\"https:\/\/www.townhousehotels.nl\/fr?s={search_term_string}\"},\"query-input\":{\"@type\":\"PropertyValueSpecification\",\"valueRequired\":true,\"valueName\":\"search_term_string\"}}],\"inLanguage\":\"fr-FR\"}]}<\/script>\n<!-- \/ Yoast SEO plugin. -->","yoast_head_json":{"title":"Information sur l\u2019Entreprise - Townhouse Hotel Maastricht","robots":{"index":"index","follow":"follow","max-snippet":"max-snippet:-1","max-image-preview":"max-image-preview:large","max-video-preview":"max-video-preview:-1"},"canonical":"https:\/\/www.townhousehotels.nl\/fr\/information-entreprise","og_locale":"fr_FR","og_type":"article","og_title":"Information sur l\u2019Entreprise - Townhouse Hotel Maastricht","og_url":"https:\/\/www.townhousehotels.nl\/fr\/information-entreprise","og_site_name":"Townhouse Hotel Maastricht","article_publisher":"https:\/\/www.facebook.com\/TownhouseHotels\/","article_modified_time":"2023-11-28T16:32:54+00:00","twitter_card":"summary_large_image","twitter_misc":{"Dur\u00e9e de lecture estim\u00e9e":"1 minute"},"schema":{"@context":"https:\/\/schema.org","@graph":[{"@type":"WebPage","@id":"https:\/\/www.townhousehotels.nl\/fr\/information-entreprise","url":"https:\/\/www.townhousehotels.nl\/fr\/information-entreprise","name":"Information sur l\u2019Entreprise - Townhouse Hotel Maastricht","isPartOf":{"@id":"https:\/\/www.townhousehotels.nl\/fr#website"},"datePublished":"2021-03-22T13:38:21+00:00","dateModified":"2023-11-28T16:32:54+00:00","breadcrumb":{"@id":"https:\/\/www.townhousehotels.nl\/fr\/information-entreprise#breadcrumb"},"inLanguage":"fr-FR","potentialAction":[{"@type":"ReadAction","target":["https:\/\/www.townhousehotels.nl\/fr\/information-entreprise"]}]},{"@type":"BreadcrumbList","@id":"https:\/\/www.townhousehotels.nl\/fr\/information-entreprise#breadcrumb","itemListElement":[{"@type":"ListItem","position":1,"name":"Home","item":"https:\/\/www.townhousehotels.nl\/fr\/home"},{"@type":"ListItem","position":2,"name":"Information sur l\u2019Entreprise"}]},{"@type":"WebSite","@id":"https:\/\/www.townhousehotels.nl\/fr#website","url":"https:\/\/www.townhousehotels.nl\/fr","name":"Townhouse Hotel Maastricht","description":"","potentialAction":[{"@type":"SearchAction","target":{"@type":"EntryPoint","urlTemplate":"https:\/\/www.townhousehotels.nl\/fr?s={search_term_string}"},"query-input":{"@type":"PropertyValueSpecification","valueRequired":true,"valueName":"search_term_string"}}],"inLanguage":"fr-FR"}]}},"_links":{"self":[{"href":"https:\/\/www.townhousehotels.nl\/fr\/wp-json\/wp\/v2\/pages\/21679","targetHints":{"allow":["GET"]}}],"collection":[{"href":"https:\/\/www.townhousehotels.nl\/fr\/wp-json\/wp\/v2\/pages"}],"about":[{"href":"https:\/\/www.townhousehotels.nl\/fr\/wp-json\/wp\/v2\/types\/page"}],"author":[{"embeddable":true,"href":"https:\/\/www.townhousehotels.nl\/fr\/wp-json\/wp\/v2\/users\/6"}],"replies":[{"embeddable":true,"href":"https:\/\/www.townhousehotels.nl\/fr\/wp-json\/wp\/v2\/comments?post=21679"}],"version-history":[{"count":0,"href":"https:\/\/www.townhousehotels.nl\/fr\/wp-json\/wp\/v2\/pages\/21679\/revisions"}],"wp:attachment":[{"href":"https:\/\/www.townhousehotels.nl\/fr\/wp-json\/wp\/v2\/media?parent=21679"}],"curies":[{"name":"wp","href":"https:\/\/api.w.org\/{rel}","templated":true}]}}