{"id":21658,"date":"2021-02-24T11:20:57","date_gmt":"2021-02-24T11:20:57","guid":{"rendered":"https:\/\/www.townhousehotels.nl\/maastricht\/offres\/"},"modified":"2025-07-29T09:41:27","modified_gmt":"2025-07-29T09:41:27","slug":"offres","status":"publish","type":"page","link":"https:\/\/www.townhousehotels.nl\/fr\/maastricht\/offres","title":{"rendered":"Offres"},"content":{"rendered":"\n\t<section class=\"section\" id=\"section_1254988624\">\n\t\t<div class=\"section-bg fill\" >\n\t\t\t<img loading=\"lazy\" decoding=\"async\" width=\"2560\" height=\"1703\" src=\"https:\/\/www.townhousehotels.nl\/wp-content\/uploads\/2021\/02\/Lobby-huiskamer-lounge-hoek-bibliotheek-Townhouse-Design-Hotel-Maastricht-scaled.jpg\" class=\"bg attachment-original size-original\" alt=\"\" \/>\t\t\t\t\t\t\n\t\t\t\n\n\t\t<\/div>\n\n\t\t\n\n\t\t<div class=\"section-content relative\">\n\t\t\t\n\t\t<\/div>\n\n\t\t\n<style>\n#section_1254988624 {\n  padding-top: 30px;\n  padding-bottom: 30px;\n  min-height: 200px;\n}\n#section_1254988624 .section-bg img {\n  object-position: 43% 53%;\n}\n<\/style>\n\t<\/section>\n\t\n\n\t<section class=\"section\" id=\"section_616706894\">\n\t\t<div class=\"section-bg fill\" >\n\t\t\t\t\t\t\t\t\t\n\t\t\t\n\n\t\t<\/div>\n\n\t\t\n\n\t\t<div class=\"section-content relative\">\n\t\t\t\n<div class=\"row align-center\"  id=\"row-462301633\">\n\n\t<div id=\"col-1816715861\" class=\"col medium-9 small-12 large-9\"  >\n\t\t\t\t<div class=\"col-inner\"  >\n\t\t\t\n\t\t\t\n<h1 style=\"text-align: center;\">OFFRES ET PACKAGES H\u00d4TEL MAASTRICHT<\/h1>\n<p> Pour les offres d&#8217;h\u00f4tels les moins ch\u00e8res et les meilleures offres \u00e0 Maastricht, dans le Limbourg du Sud, r\u00e9servez les r\u00e9ductions sp\u00e9ciales au Townhouse Hotel &amp; Apartments Maastricht. <\/p>\n\t\t<\/div>\n\t\t\t\t\t<\/div>\n\n\t\n\n\t<div id=\"col-1329067468\" class=\"col small-12 large-12\"  >\n\t\t\t\t<div class=\"col-inner\"  >\n\t\t\t\n\t\t\t\n\n  \n    <div class=\"row large-columns-3 medium-columns-1 small-columns-1\" >\n  <div class=\"col post-item\" >\n\t\t\t<div class=\"col-inner\">\n\t\t\t\t<div class=\"box box-normal box-text-bottom box-blog-post has-hover\">\n            \t\t\t\t\t<div class=\"box-image\" >\n  \t\t\t\t\t\t<div class=\"image-cover\" style=\"padding-top:56.25%;\">\n\t\t\t\t\t\t\t<a href=\"https:\/\/www.townhousehotels.nl\/fr\/maastricht\/offres\/staycation\" class=\"plain\" aria-label=\"Staycation Maastricht\">\n\t\t\t\t\t\t\t\t<img loading=\"lazy\" decoding=\"async\" width=\"900\" height=\"600\" src=\"https:\/\/www.townhousehotels.nl\/wp-content\/uploads\/2021\/03\/Skyline-Maastricht-Wyck-Maastricht-Marketing-_-Hugo-Thomassen.webp\" class=\"attachment-original size-original wp-post-image\" alt=\"\" srcset=\"https:\/\/www.townhousehotels.nl\/wp-content\/uploads\/2021\/03\/Skyline-Maastricht-Wyck-Maastricht-Marketing-_-Hugo-Thomassen.webp 900w, https:\/\/www.townhousehotels.nl\/wp-content\/uploads\/2021\/03\/Skyline-Maastricht-Wyck-Maastricht-Marketing-_-Hugo-Thomassen-300x200.webp 300w, https:\/\/www.townhousehotels.nl\/wp-content\/uploads\/2021\/03\/Skyline-Maastricht-Wyck-Maastricht-Marketing-_-Hugo-Thomassen-768x512.webp 768w\" sizes=\"auto, (max-width: 900px) 100vw, 900px\" \/>\t\t\t\t\t\t\t<\/a>\n  \t\t\t\t\t\t\t  \t\t\t\t\t\t\t  \t\t\t\t\t\t<\/div>\n  \t\t\t\t\t\t  \t\t\t\t\t<\/div>\n          \t\t\t\t\t<div class=\"box-text text-center\" >\n\t\t\t\t\t<div class=\"box-text-inner blog-post-inner\">\n\n\t\t\t\t\t\n\t\t\t\t\t\t\t\t\t\t<h5 class=\"post-title is-large uppercase\">\n\t\t\t\t\t\t<a href=\"https:\/\/www.townhousehotels.nl\/fr\/maastricht\/offres\/staycation\" class=\"plain\">Staycation Maastricht<\/a>\n\t\t\t\t\t<\/h5>\n\t\t\t\t\t\t\t\t\t\t<div class=\"is-divider\"><\/div>\n\t\t\t\t\t\t\t\t\t\t<p class=\"from_the_blog_excerpt \">\n\t\t\t\t\t\t\t\t\t\t\t<\/p>\n\t\t\t\t\t                    \n\t\t\t\t\t\n\t\t\t\t\t\n\t\t\t\t\t<\/div>\n\t\t\t\t\t<\/div>\n\t\t\t\t\t\t\t\t\t<\/div>\n\t\t\t<\/div>\n\t\t<\/div><div class=\"col post-item\" >\n\t\t\t<div class=\"col-inner\">\n\t\t\t\t<div class=\"box box-normal box-text-bottom box-blog-post has-hover\">\n            \t\t\t\t\t<div class=\"box-image\" >\n  \t\t\t\t\t\t<div class=\"image-cover\" style=\"padding-top:56.25%;\">\n\t\t\t\t\t\t\t<a href=\"https:\/\/www.townhousehotels.nl\/fr\/maastricht\/offres\/derniere-minute\" class=\"plain\" aria-label=\"DEAL DERNI\u00c8RE MINUTE MAASTRICHT\">\n\t\t\t\t\t\t\t\t<img loading=\"lazy\" decoding=\"async\" width=\"900\" height=\"600\" src=\"https:\/\/www.townhousehotels.nl\/wp-content\/uploads\/2019\/02\/Magisch-Maastricht-Vrijthof-Maastricht-Marketing-_-Eighty8things.webp\" class=\"attachment-original size-original wp-post-image\" alt=\"\" srcset=\"https:\/\/www.townhousehotels.nl\/wp-content\/uploads\/2019\/02\/Magisch-Maastricht-Vrijthof-Maastricht-Marketing-_-Eighty8things.webp 900w, https:\/\/www.townhousehotels.nl\/wp-content\/uploads\/2019\/02\/Magisch-Maastricht-Vrijthof-Maastricht-Marketing-_-Eighty8things-300x200.webp 300w, https:\/\/www.townhousehotels.nl\/wp-content\/uploads\/2019\/02\/Magisch-Maastricht-Vrijthof-Maastricht-Marketing-_-Eighty8things-768x512.webp 768w\" sizes=\"auto, (max-width: 900px) 100vw, 900px\" \/>\t\t\t\t\t\t\t<\/a>\n  \t\t\t\t\t\t\t  \t\t\t\t\t\t\t  \t\t\t\t\t\t<\/div>\n  \t\t\t\t\t\t  \t\t\t\t\t<\/div>\n          \t\t\t\t\t<div class=\"box-text text-center\" >\n\t\t\t\t\t<div class=\"box-text-inner blog-post-inner\">\n\n\t\t\t\t\t\n\t\t\t\t\t\t\t\t\t\t<h5 class=\"post-title is-large uppercase\">\n\t\t\t\t\t\t<a href=\"https:\/\/www.townhousehotels.nl\/fr\/maastricht\/offres\/derniere-minute\" class=\"plain\">DEAL DERNI\u00c8RE MINUTE MAASTRICHT<\/a>\n\t\t\t\t\t<\/h5>\n\t\t\t\t\t\t\t\t\t\t<div class=\"is-divider\"><\/div>\n\t\t\t\t\t\t\t\t\t\t<p class=\"from_the_blog_excerpt \">\n\t\t\t\t\t\t\t\t\t\t\t<\/p>\n\t\t\t\t\t                    \n\t\t\t\t\t\n\t\t\t\t\t\n\t\t\t\t\t<\/div>\n\t\t\t\t\t<\/div>\n\t\t\t\t\t\t\t\t\t<\/div>\n\t\t\t<\/div>\n\t\t<\/div><div class=\"col post-item\" >\n\t\t\t<div class=\"col-inner\">\n\t\t\t\t<div class=\"box box-normal box-text-bottom box-blog-post has-hover\">\n          \t\t\t\t\t<div class=\"box-text text-center\" >\n\t\t\t\t\t<div class=\"box-text-inner blog-post-inner\">\n\n\t\t\t\t\t\n\t\t\t\t\t\t\t\t\t\t<h5 class=\"post-title is-large uppercase\">\n\t\t\t\t\t\t<a href=\"https:\/\/www.townhousehotels.nl\/fr\/maastricht\/offres\/rm-promo\" class=\"plain\">R\u00e9duction sp\u00e9ciale pour la r\u00e9servation directe<\/a>\n\t\t\t\t\t<\/h5>\n\t\t\t\t\t\t\t\t\t\t<div class=\"is-divider\"><\/div>\n\t\t\t\t\t\t\t\t\t\t<p class=\"from_the_blog_excerpt \">\n\t\t\t\t\t\t\t\t\t\t\t<\/p>\n\t\t\t\t\t                    \n\t\t\t\t\t\n\t\t\t\t\t\n\t\t\t\t\t<\/div>\n\t\t\t\t\t<\/div>\n\t\t\t\t\t\t\t\t\t<\/div>\n\t\t\t<\/div>\n\t\t<\/div><\/div>\n\t\t<\/div>\n\t\t\t\t\t<\/div>\n\n\t\n<\/div>\n\t\t<\/div>\n\n\t\t\n<style>\n#section_616706894 {\n  padding-top: 30px;\n  padding-bottom: 30px;\n}\n<\/style>\n\t<\/section>\n\t\n\n\t<section class=\"section\" id=\"section_1546550521\">\n\t\t<div class=\"section-bg fill\" >\n\t\t\t\t\t\t\t\t\t\n\t\t\t\n\n\t\t<\/div>\n\n\t\t\n\n\t\t<div class=\"section-content relative\">\n\t\t\t\n\n<div class=\"row align-middle\"  id=\"row-121241908\">\n\n\n\t<div id=\"col-1352551416\" class=\"col medium-7 small-12 large-6\"  >\n\t\t\t\t<div class=\"col-inner\"  >\n\t\t\t\n\t\t\t\n\n\t<div class=\"img has-hover x md-x lg-x y md-y lg-y\" id=\"image_1731917667\">\n\t\t<a class=\"\" href=\"https:\/\/maps.app.goo.gl\/MsRwW2D7cxbtmQ8E7\" target=\"_blank\" rel=\"noopener\" >\t\t\t\t\t\t<div class=\"img-inner dark\" >\n\t\t\t<img loading=\"lazy\" decoding=\"async\" width=\"525\" height=\"525\" src=\"https:\/\/www.townhousehotels.nl\/wp-content\/uploads\/2024\/01\/townhouse-location-1.png\" class=\"attachment-medium_large size-medium_large\" alt=\"\" srcset=\"https:\/\/www.townhousehotels.nl\/wp-content\/uploads\/2024\/01\/townhouse-location-1.png 525w, https:\/\/www.townhousehotels.nl\/wp-content\/uploads\/2024\/01\/townhouse-location-1-300x300.png 300w, https:\/\/www.townhousehotels.nl\/wp-content\/uploads\/2024\/01\/townhouse-location-1-150x150.png 150w\" sizes=\"auto, (max-width: 525px) 100vw, 525px\" \/>\t\t\t\t\t\t\n\t\t\t\t\t<\/div>\n\t\t\t\t\t\t<\/a>\t\t\n<style>\n#image_1731917667 {\n  width: 100%;\n}\n@media (min-width:550px) {\n  #image_1731917667 {\n    width: 100%;\n  }\n}\n<\/style>\n\t<\/div>\n\t\n\n\n\t\t<\/div>\n\t\t\t\t\t<\/div>\n\n\t\n\n\t<div id=\"col-472835\" class=\"col medium-6 small-12 large-6\"  >\n\t\t\t\t<div class=\"col-inner\"  >\n\t\t\t\n\t\t\t\n\n\t<div id=\"text-3136940600\" class=\"text\">\n\t\t\n\n<p>TOWNHOUSE DESIGN H\u00d4TEL MAASTRICHT<\/p>\n\t\t\n<style>\n#text-3136940600 {\n  font-size: 0.75rem;\n  line-height: 0.75;\n}\n@media (min-width:550px) {\n  #text-3136940600 {\n    font-size: 1rem;\n  }\n}\n<\/style>\n\t<\/div>\n\t\n\t<div id=\"text-900205841\" class=\"text\">\n\t\t\n\n<h2 class=\"thin-font\"><strong><span style=\"color: #000000; font-size: 140%;\">O\u00f9 sommes-nous situ\u00e9s ?<\/span><\/strong><\/h2>\n<p><span style=\"font-size: 120%;\"><strong>St. Maartenslaan 5<\/strong><\/span><br><span style=\"font-size: 115%;\"><strong>6221 AV Maastricht<\/strong><\/span><br><span style=\"font-size: 115%;\"><strong>Pays-Bas<\/strong><\/span><\/p>\n<p><a href=\"https:\/\/www.townhousehotels.nl\/fr\/maastricht\">Townhouse H\u00f4tels<\/a> &amp; <a href=\"https:\/\/www.townhousehotels.nl\/fr\/maastricht\/appartements\">Appartments Maastricht<\/a> est situ\u00e9 dans le quartier anim\u00e9 de Wyck \u00e0 Maastricht. Nous sommes tr\u00e8s <a href=\"https:\/\/www.townhousehotels.nl\/maastricht\/hotel\/station\"><strong>proches de la gare<\/strong><\/a>, pratiquement de l'autre c\u00f4t\u00e9 de la rue. Et vous pouvez rejoindre le centre-ville en seulement 10 minutes \u00e0 pied via l\u2019avenue commer\u00e7ante Wycker Brugstraat.<\/p>\n<p>Nous <strong><a href=\"https:\/\/www.townhousehotels.nl\/fr\">sommes id\u00e9alement situ\u00e9s<\/a><\/strong> pour les voyageurs en city break \u00e0 Maastricht ou ceux qui veulent faire des <a href=\"https:\/\/www.townhousehotels.nl\/fr\/maastricht\/forfaits\/citytrip\"> excursions<\/a> dans les collines environnantes du Limbourg. Ou, si vous \u00eates en ville pour un salon professionnel au <a href=\"https:\/\/www.townhousehotels.nl\/fr\/maastricht\/forfaits\">Mecc<\/a>, nous sommes \u00e0 seulement 7 minutes <a href=\"https:\/\/www.townhousehotels.nl\/fr\/maastricht\/offres\">en taxi.<\/a><\/p>\n<p><a href=\"https:\/\/www.townhousehotels.nl\/maastricht\/hotel\/mecc\">Les voyageurs<\/a> d\u2019affaires s\u00e9journent <a href=\"https:\/\/www.townhousehotels.nl\/fr\/maastricht\/hotel-affaires\">fr\u00e9quemment<\/a> chez nous pour notre <a href=\"https:\/\/www.townhousehotels.nl\/fr\/maastricht\/emplacement\">emplacement central.<\/a><\/p>\n\t\t\n<style>\n#text-900205841 {\n  font-size: 1.05rem;\n  line-height: 1.5;\n}\n@media (min-width:550px) {\n  #text-900205841 {\n    font-size: 1rem;\n    line-height: 1.2;\n  }\n}\n<\/style>\n\t<\/div>\n\t\n<a href=\"https:\/\/maps.app.goo.gl\/MsRwW2D7cxbtmQ8E7\" class=\"button success is-link\" >\n\t\t<span>OBTENIR ITIN\u00c9RAIRE<\/span>\n\t<i class=\"icon-angle-right\" aria-hidden=\"true\"><\/i><\/a>\n\n\n\t<div id=\"gap-120610215\" class=\"gap-element clearfix\" style=\"display:block; height:auto;\">\n\t\t\n<style>\n#gap-120610215 {\n  padding-top: 30px;\n}\n<\/style>\n\t<\/div>\n\t\n\n\t<div id=\"text-3715062409\" class=\"text\">\n\t\t\n\n<p><strong>Mail: <a href=\"mailto:maastricht@townhousehotels.nl\">maastricht@townhousehotels.nl<\/a><\/strong><br><strong>Tel: <a href=\"tel:+31433233090\">+31 43 323 3090<\/a><\/strong><\/p>\n\t\t\n<style>\n#text-3715062409 {\n  font-size: 1.2rem;\n  text-align: left;\n}\n<\/style>\n\t<\/div>\n\t\n\n\t\t<\/div>\n\t\t\t\t\n<style>\n#col-472835 > .col-inner {\n  padding: 0px 0px 0px 0px;\n  margin: 0px 0px 0px 0px;\n}\n@media (min-width:550px) {\n  #col-472835 > .col-inner {\n    margin: 0px 20px 0px 0px;\n  }\n}\n<\/style>\n\t<\/div>\n\n\t\n\n\n<style>\n#row-121241908 > .col > .col-inner {\n  padding: 5px 0px 10px 0px;\n}\n@media (min-width:550px) {\n  #row-121241908 > .col > .col-inner {\n    padding: 75px 0px 45px 0px;\n  }\n}\n<\/style>\n<\/div>\n\n\t\t<\/div>\n\n\t\t\n<style>\n#section_1546550521 {\n  padding-top: 0px;\n  padding-bottom: 0px;\n  background-color: #f5efe8;\n}\n@media (min-width:550px) {\n  #section_1546550521 {\n    padding-top: 0px;\n    padding-bottom: 0px;\n  }\n}\n<\/style>\n\t<\/section>\n\t\n","protected":false},"excerpt":{"rendered":"","protected":false},"author":2,"featured_media":0,"parent":21655,"menu_order":0,"comment_status":"closed","ping_status":"closed","template":"","meta":{"footnotes":""},"class_list":["post-21658","page","type-page","status-publish","hentry"],"yoast_head":"<!-- This site is optimized with the Yoast SEO plugin v27.2 - https:\/\/yoast.com\/product\/yoast-seo-wordpress\/ -->\n<title>Offres d&#039;h\u00f4tels Maastricht - Nuit\u00e9e \u00e0 prix r\u00e9duit<\/title>\n<meta name=\"description\" content=\"Passez la nuit \u00e0 Maastricht et d\u00e9couvrez ce que le Limbourg a \u00e0 offrir. Profitez des offres sp\u00e9ciales de l&#039;h\u00f4tel Townhouse Design au centre de Maastricht.\" \/>\n<meta name=\"robots\" content=\"index, follow, max-snippet:-1, max-image-preview:large, max-video-preview:-1\" \/>\n<link rel=\"canonical\" href=\"https:\/\/www.townhousehotels.nl\/fr\/maastricht\/offres\" \/>\n<meta property=\"og:locale\" content=\"fr_FR\" \/>\n<meta property=\"og:type\" content=\"article\" \/>\n<meta property=\"og:title\" content=\"Offres d&#039;h\u00f4tels Maastricht - Nuit\u00e9e \u00e0 prix r\u00e9duit\" \/>\n<meta property=\"og:description\" content=\"Passez la nuit \u00e0 Maastricht et d\u00e9couvrez ce que le Limbourg a \u00e0 offrir. Profitez des offres sp\u00e9ciales de l&#039;h\u00f4tel Townhouse Design au centre de Maastricht.\" \/>\n<meta property=\"og:url\" content=\"https:\/\/www.townhousehotels.nl\/fr\/maastricht\/offres\" \/>\n<meta property=\"og:site_name\" content=\"Townhouse Hotel Maastricht\" \/>\n<meta property=\"article:publisher\" content=\"https:\/\/www.facebook.com\/TownhouseHotels\/\" \/>\n<meta property=\"article:modified_time\" content=\"2025-07-29T09:41:27+00:00\" \/>\n<meta name=\"twitter:card\" content=\"summary_large_image\" \/>\n<script type=\"application\/ld+json\" class=\"yoast-schema-graph\">{\"@context\":\"https:\/\/schema.org\",\"@graph\":[{\"@type\":\"WebPage\",\"@id\":\"https:\/\/www.townhousehotels.nl\/fr\/maastricht\/offres\",\"url\":\"https:\/\/www.townhousehotels.nl\/fr\/maastricht\/offres\",\"name\":\"Offres d'h\u00f4tels Maastricht - Nuit\u00e9e \u00e0 prix r\u00e9duit\",\"isPartOf\":{\"@id\":\"https:\/\/www.townhousehotels.nl\/fr#website\"},\"datePublished\":\"2021-02-24T11:20:57+00:00\",\"dateModified\":\"2025-07-29T09:41:27+00:00\",\"description\":\"Passez la nuit \u00e0 Maastricht et d\u00e9couvrez ce que le Limbourg a \u00e0 offrir. Profitez des offres sp\u00e9ciales de l'h\u00f4tel Townhouse Design au centre de Maastricht.\",\"breadcrumb\":{\"@id\":\"https:\/\/www.townhousehotels.nl\/fr\/maastricht\/offres#breadcrumb\"},\"inLanguage\":\"fr-FR\",\"potentialAction\":[{\"@type\":\"ReadAction\",\"target\":[\"https:\/\/www.townhousehotels.nl\/fr\/maastricht\/offres\"]}]},{\"@type\":\"BreadcrumbList\",\"@id\":\"https:\/\/www.townhousehotels.nl\/fr\/maastricht\/offres#breadcrumb\",\"itemListElement\":[{\"@type\":\"ListItem\",\"position\":1,\"name\":\"Home\",\"item\":\"https:\/\/www.townhousehotels.nl\/fr\/home\"},{\"@type\":\"ListItem\",\"position\":2,\"name\":\"Maastricht\",\"item\":\"https:\/\/www.townhousehotels.nl\/fr\/maastricht\"},{\"@type\":\"ListItem\",\"position\":3,\"name\":\"Offres\"}]},{\"@type\":\"WebSite\",\"@id\":\"https:\/\/www.townhousehotels.nl\/fr#website\",\"url\":\"https:\/\/www.townhousehotels.nl\/fr\",\"name\":\"Townhouse Hotel Maastricht\",\"description\":\"\",\"potentialAction\":[{\"@type\":\"SearchAction\",\"target\":{\"@type\":\"EntryPoint\",\"urlTemplate\":\"https:\/\/www.townhousehotels.nl\/fr?s={search_term_string}\"},\"query-input\":{\"@type\":\"PropertyValueSpecification\",\"valueRequired\":true,\"valueName\":\"search_term_string\"}}],\"inLanguage\":\"fr-FR\"}]}<\/script>\n<!-- \/ Yoast SEO plugin. -->","yoast_head_json":{"title":"Offres d'h\u00f4tels Maastricht - Nuit\u00e9e \u00e0 prix r\u00e9duit","description":"Passez la nuit \u00e0 Maastricht et d\u00e9couvrez ce que le Limbourg a \u00e0 offrir. Profitez des offres sp\u00e9ciales de l'h\u00f4tel Townhouse Design au centre de Maastricht.","robots":{"index":"index","follow":"follow","max-snippet":"max-snippet:-1","max-image-preview":"max-image-preview:large","max-video-preview":"max-video-preview:-1"},"canonical":"https:\/\/www.townhousehotels.nl\/fr\/maastricht\/offres","og_locale":"fr_FR","og_type":"article","og_title":"Offres d'h\u00f4tels Maastricht - Nuit\u00e9e \u00e0 prix r\u00e9duit","og_description":"Passez la nuit \u00e0 Maastricht et d\u00e9couvrez ce que le Limbourg a \u00e0 offrir. Profitez des offres sp\u00e9ciales de l'h\u00f4tel Townhouse Design au centre de Maastricht.","og_url":"https:\/\/www.townhousehotels.nl\/fr\/maastricht\/offres","og_site_name":"Townhouse Hotel Maastricht","article_publisher":"https:\/\/www.facebook.com\/TownhouseHotels\/","article_modified_time":"2025-07-29T09:41:27+00:00","twitter_card":"summary_large_image","schema":{"@context":"https:\/\/schema.org","@graph":[{"@type":"WebPage","@id":"https:\/\/www.townhousehotels.nl\/fr\/maastricht\/offres","url":"https:\/\/www.townhousehotels.nl\/fr\/maastricht\/offres","name":"Offres d'h\u00f4tels Maastricht - Nuit\u00e9e \u00e0 prix r\u00e9duit","isPartOf":{"@id":"https:\/\/www.townhousehotels.nl\/fr#website"},"datePublished":"2021-02-24T11:20:57+00:00","dateModified":"2025-07-29T09:41:27+00:00","description":"Passez la nuit \u00e0 Maastricht et d\u00e9couvrez ce que le Limbourg a \u00e0 offrir. Profitez des offres sp\u00e9ciales de l'h\u00f4tel Townhouse Design au centre de Maastricht.","breadcrumb":{"@id":"https:\/\/www.townhousehotels.nl\/fr\/maastricht\/offres#breadcrumb"},"inLanguage":"fr-FR","potentialAction":[{"@type":"ReadAction","target":["https:\/\/www.townhousehotels.nl\/fr\/maastricht\/offres"]}]},{"@type":"BreadcrumbList","@id":"https:\/\/www.townhousehotels.nl\/fr\/maastricht\/offres#breadcrumb","itemListElement":[{"@type":"ListItem","position":1,"name":"Home","item":"https:\/\/www.townhousehotels.nl\/fr\/home"},{"@type":"ListItem","position":2,"name":"Maastricht","item":"https:\/\/www.townhousehotels.nl\/fr\/maastricht"},{"@type":"ListItem","position":3,"name":"Offres"}]},{"@type":"WebSite","@id":"https:\/\/www.townhousehotels.nl\/fr#website","url":"https:\/\/www.townhousehotels.nl\/fr","name":"Townhouse Hotel Maastricht","description":"","potentialAction":[{"@type":"SearchAction","target":{"@type":"EntryPoint","urlTemplate":"https:\/\/www.townhousehotels.nl\/fr?s={search_term_string}"},"query-input":{"@type":"PropertyValueSpecification","valueRequired":true,"valueName":"search_term_string"}}],"inLanguage":"fr-FR"}]}},"_links":{"self":[{"href":"https:\/\/www.townhousehotels.nl\/fr\/wp-json\/wp\/v2\/pages\/21658","targetHints":{"allow":["GET"]}}],"collection":[{"href":"https:\/\/www.townhousehotels.nl\/fr\/wp-json\/wp\/v2\/pages"}],"about":[{"href":"https:\/\/www.townhousehotels.nl\/fr\/wp-json\/wp\/v2\/types\/page"}],"author":[{"embeddable":true,"href":"https:\/\/www.townhousehotels.nl\/fr\/wp-json\/wp\/v2\/users\/2"}],"replies":[{"embeddable":true,"href":"https:\/\/www.townhousehotels.nl\/fr\/wp-json\/wp\/v2\/comments?post=21658"}],"version-history":[{"count":0,"href":"https:\/\/www.townhousehotels.nl\/fr\/wp-json\/wp\/v2\/pages\/21658\/revisions"}],"up":[{"embeddable":true,"href":"https:\/\/www.townhousehotels.nl\/fr\/wp-json\/wp\/v2\/pages\/21655"}],"wp:attachment":[{"href":"https:\/\/www.townhousehotels.nl\/fr\/wp-json\/wp\/v2\/media?parent=21658"}],"curies":[{"name":"wp","href":"https:\/\/api.w.org\/{rel}","templated":true}]}}