{"id":21711,"date":"2021-03-22T08:54:17","date_gmt":"2021-03-22T08:54:17","guid":{"rendered":"https:\/\/www.townhousehotels.nl\/?page_id=21711"},"modified":"2026-01-02T09:20:45","modified_gmt":"2026-01-02T09:20:45","slug":"buchungsbedingungen","status":"publish","type":"page","link":"https:\/\/www.townhousehotels.nl\/de\/buchungsbedingungen","title":{"rendered":"Buchungsbedingungen"},"content":{"rendered":"\n\t<section class=\"section\" id=\"section_1078115152\">\n\t\t<div class=\"section-bg fill\" >\n\t\t\t\t\t\t\t\t\t\n\t\t\t\n\n\t\t<\/div>\n\n\t\t\n\n\t\t<div class=\"section-content relative\">\n\t\t\t\n<div class=\"row thlinks\"  id=\"row-727059253\">\n\n\t<div id=\"col-1567742884\" class=\"col medium-8 small-12 large-8\"  >\n\t\t\t\t<div class=\"col-inner\"  >\n\t\t\t\n\t\t\t\n<h1>Buchungsbedingungen<\/h1>\n<ul>\n<li>Eine Kreditkarte wird nur f\u00fcr Reservierungszwecke ben\u00f6tigt.<\/li>\n<li>Wenn Sie eine nicht erstattbare Reservierung stornieren, wird der Betrag nicht zur\u00fcckerstattet.<\/li>\n<li>Wenn Sie Ihre erstattbare Reservierung bereits vor der Stornierung bezahlt haben, erstatten wir den bezahlten Betrag gem\u00e4\u00df den Stornierungsgeb\u00fchren.<\/li>\n<li>Wenn Sie Ihre Reservierung \u00e4ndern m\u00f6chten, ist dies bis 24 Stunden vor Anreise m\u00f6glich, nur bei flexiblen Buchungen, wenn Sie Ihre Reservierung weniger als 24 Stunden vor Anreise \u00e4ndern, werden m\u00f6glicherweise die Kosten f\u00fcr die erste Nacht berechnet Wenn die Reservierung auf Daten mit h\u00f6heren Zimmerpreisen verschoben wird, wird die Differenz bei niedrigeren Zimmerpreisen nicht erstattet.<\/li>\n<li>Bei falschen Tarifen oder Verf\u00fcgbarkeit sind offensichtliche Fehler und Irrt\u00fcmer (einschlie\u00dflich Druckfehler, Tippfehler und Nulltarife) nicht bindend, wenn eine Suite beispielsweise das ganze Jahr \u00fcber einen Durchschnittspreis von 1000 \u20ac kostet, gilt ein Preis von 100 \u20ac als offensichtlicher Fehler und die Reservierung wird nicht ber\u00fccksichtigt.<\/li>\n<li>Haustiere sind nicht erlaubt.<\/li>\n<li>Der Check-in beginnt um 15:00 Uhr, wenn Sie fr\u00fcher anreisen, k\u00f6nnen Sie Ihr Gep\u00e4ck bei uns lassen oder gegen eine geringe Geb\u00fchr (je nach Verf\u00fcgbarkeit) einen fr\u00fchen Check-in buchen.<\/li>\n<li>Unsere Check-out-Zeit ist 11:00 Uhr. Sie werden gebeten, Ihr Zimmer rechtzeitig zu r\u00e4umen. Wenn Sie einen sp\u00e4ten Check-out w\u00fcnschen, k\u00f6nnen Sie dies gegen eine geringe Geb\u00fchr beim Personal an der Rezeption vor Ort beantragen (basierend auf) Verf\u00fcgbarkeit).<\/li>\n<li>Die Stadt Maastricht erhebt eine Kurtaxe. Der Betrag betr\u00e4gt 5,68 \u20ac pro Person und Nacht.<\/li>\n<li>Wenn Sie bei Townhouse hotel Maastricht wohnen, investieren Sie in eine nachhaltige Zukunft. Wir investieren in verschiedene nachhaltige L\u00f6sungen. Wir bitten Sie, einen kleinen Beitrag zu leisten, der auf Ihrer Best\u00e4tigung als Green Fee beschrieben wird. Dieser Betrag betr\u00e4gt 2,69 \u20ac pro Person und Nacht.<\/li>\n<li>Die Tourismussteuer und die Greenfee betragen zusammen 8,45 \u20ac pro Person und Nacht.<\/li>\n<li>Reservierungen von 5 oder mehr Zimmern pro Nacht unterliegen den Gruppenstornierungsgeb\u00fchren und -bedingungen gem\u00e4\u00df den einheitlichen Bedingungen f\u00fcr die Hotel- und Cateringbranche (UCHCI).<\/li>\n<\/ul>\n\t\t<\/div>\n\t\t\t\t\t<\/div>\n\n\t\n\n\t<div id=\"col-1238508081\" class=\"col medium-4 small-12 large-4\"  >\n\t\t\t\t<div class=\"col-inner\"  >\n\t\t\t\n\t\t\t\n\t<div class=\"img has-hover x md-x lg-x y md-y lg-y\" id=\"image_42691532\">\n\t\t\t\t\t\t\t\t<div class=\"img-inner dark\" >\n\t\t\t<img loading=\"lazy\" decoding=\"async\" width=\"681\" height=\"1024\" src=\"https:\/\/www.townhousehotels.nl\/wp-content\/uploads\/2021\/02\/Lobby-huiskamer-lounge-TV-Townhouse-Hotel-Maastricht-scaled-e1614255417652-681x1024.jpg\" class=\"attachment-large size-large\" alt=\"\" srcset=\"https:\/\/www.townhousehotels.nl\/wp-content\/uploads\/2021\/02\/Lobby-huiskamer-lounge-TV-Townhouse-Hotel-Maastricht-scaled-e1614255417652-681x1024.jpg 681w, https:\/\/www.townhousehotels.nl\/wp-content\/uploads\/2021\/02\/Lobby-huiskamer-lounge-TV-Townhouse-Hotel-Maastricht-scaled-e1614255417652-200x300.jpg 200w, https:\/\/www.townhousehotels.nl\/wp-content\/uploads\/2021\/02\/Lobby-huiskamer-lounge-TV-Townhouse-Hotel-Maastricht-scaled-e1614255417652-768x1155.jpg 768w, https:\/\/www.townhousehotels.nl\/wp-content\/uploads\/2021\/02\/Lobby-huiskamer-lounge-TV-Townhouse-Hotel-Maastricht-scaled-e1614255417652-1022x1536.jpg 1022w, https:\/\/www.townhousehotels.nl\/wp-content\/uploads\/2021\/02\/Lobby-huiskamer-lounge-TV-Townhouse-Hotel-Maastricht-scaled-e1614255417652-1362x2048.jpg 1362w, https:\/\/www.townhousehotels.nl\/wp-content\/uploads\/2021\/02\/Lobby-huiskamer-lounge-TV-Townhouse-Hotel-Maastricht-scaled-e1614255417652.jpg 1500w\" sizes=\"auto, (max-width: 681px) 100vw, 681px\" \/>\t\t\t\t\t\t\n\t\t\t\t\t<\/div>\n\t\t\t\t\t\t\t\t\n<style>\n#image_42691532 {\n  width: 100%;\n}\n<\/style>\n\t<\/div>\n\t\n\t\t<\/div>\n\t\t\t\t\t<\/div>\n\n\t\n<\/div>\n\t\t<\/div>\n\n\t\t\n<style>\n#section_1078115152 {\n  padding-top: 30px;\n  padding-bottom: 30px;\n}\n<\/style>\n\t<\/section>\n\t\n","protected":false},"excerpt":{"rendered":"","protected":false},"author":4,"featured_media":0,"parent":0,"menu_order":0,"comment_status":"closed","ping_status":"closed","template":"","meta":{"footnotes":""},"class_list":["post-21711","page","type-page","status-publish","hentry"],"yoast_head":"<!-- This site is optimized with the Yoast SEO plugin v27.2 - https:\/\/yoast.com\/product\/yoast-seo-wordpress\/ -->\n<title>Buchungsbedingungen - Townhouse Hotels<\/title>\n<meta name=\"robots\" content=\"index, follow, max-snippet:-1, max-image-preview:large, max-video-preview:-1\" \/>\n<link rel=\"canonical\" href=\"https:\/\/www.townhousehotels.nl\/de\/buchungsbedingungen\" \/>\n<meta property=\"og:locale\" content=\"de_DE\" \/>\n<meta property=\"og:type\" content=\"article\" \/>\n<meta property=\"og:title\" content=\"Buchungsbedingungen - Townhouse Hotels\" \/>\n<meta property=\"og:url\" content=\"https:\/\/www.townhousehotels.nl\/de\/buchungsbedingungen\" \/>\n<meta property=\"og:site_name\" content=\"Townhouse Hotels\" \/>\n<meta property=\"article:publisher\" content=\"https:\/\/www.facebook.com\/TownhouseHotels\/\" \/>\n<meta property=\"article:modified_time\" content=\"2026-01-02T09:20:45+00:00\" \/>\n<meta name=\"twitter:card\" content=\"summary_large_image\" \/>\n<script type=\"application\/ld+json\" class=\"yoast-schema-graph\">{\"@context\":\"https:\/\/schema.org\",\"@graph\":[{\"@type\":\"WebPage\",\"@id\":\"https:\/\/www.townhousehotels.nl\/de\/buchungsbedingungen\",\"url\":\"https:\/\/www.townhousehotels.nl\/de\/buchungsbedingungen\",\"name\":\"Buchungsbedingungen - Townhouse Hotels\",\"isPartOf\":{\"@id\":\"https:\/\/www.townhousehotels.nl\/de#website\"},\"datePublished\":\"2021-03-22T08:54:17+00:00\",\"dateModified\":\"2026-01-02T09:20:45+00:00\",\"breadcrumb\":{\"@id\":\"https:\/\/www.townhousehotels.nl\/de\/buchungsbedingungen#breadcrumb\"},\"inLanguage\":\"de-DE\",\"potentialAction\":[{\"@type\":\"ReadAction\",\"target\":[\"https:\/\/www.townhousehotels.nl\/de\/buchungsbedingungen\"]}]},{\"@type\":\"BreadcrumbList\",\"@id\":\"https:\/\/www.townhousehotels.nl\/de\/buchungsbedingungen#breadcrumb\",\"itemListElement\":[{\"@type\":\"ListItem\",\"position\":1,\"name\":\"Home\",\"item\":\"https:\/\/www.townhousehotels.nl\/de\/home\"},{\"@type\":\"ListItem\",\"position\":2,\"name\":\"Buchungsbedingungen\"}]},{\"@type\":\"WebSite\",\"@id\":\"https:\/\/www.townhousehotels.nl\/de#website\",\"url\":\"https:\/\/www.townhousehotels.nl\/de\",\"name\":\"Townhouse Hotels\",\"description\":\"\",\"potentialAction\":[{\"@type\":\"SearchAction\",\"target\":{\"@type\":\"EntryPoint\",\"urlTemplate\":\"https:\/\/www.townhousehotels.nl\/de?s={search_term_string}\"},\"query-input\":{\"@type\":\"PropertyValueSpecification\",\"valueRequired\":true,\"valueName\":\"search_term_string\"}}],\"inLanguage\":\"de-DE\"}]}<\/script>\n<!-- \/ Yoast SEO plugin. -->","yoast_head_json":{"title":"Buchungsbedingungen - Townhouse Hotels","robots":{"index":"index","follow":"follow","max-snippet":"max-snippet:-1","max-image-preview":"max-image-preview:large","max-video-preview":"max-video-preview:-1"},"canonical":"https:\/\/www.townhousehotels.nl\/de\/buchungsbedingungen","og_locale":"de_DE","og_type":"article","og_title":"Buchungsbedingungen - Townhouse Hotels","og_url":"https:\/\/www.townhousehotels.nl\/de\/buchungsbedingungen","og_site_name":"Townhouse Hotels","article_publisher":"https:\/\/www.facebook.com\/TownhouseHotels\/","article_modified_time":"2026-01-02T09:20:45+00:00","twitter_card":"summary_large_image","schema":{"@context":"https:\/\/schema.org","@graph":[{"@type":"WebPage","@id":"https:\/\/www.townhousehotels.nl\/de\/buchungsbedingungen","url":"https:\/\/www.townhousehotels.nl\/de\/buchungsbedingungen","name":"Buchungsbedingungen - Townhouse Hotels","isPartOf":{"@id":"https:\/\/www.townhousehotels.nl\/de#website"},"datePublished":"2021-03-22T08:54:17+00:00","dateModified":"2026-01-02T09:20:45+00:00","breadcrumb":{"@id":"https:\/\/www.townhousehotels.nl\/de\/buchungsbedingungen#breadcrumb"},"inLanguage":"de-DE","potentialAction":[{"@type":"ReadAction","target":["https:\/\/www.townhousehotels.nl\/de\/buchungsbedingungen"]}]},{"@type":"BreadcrumbList","@id":"https:\/\/www.townhousehotels.nl\/de\/buchungsbedingungen#breadcrumb","itemListElement":[{"@type":"ListItem","position":1,"name":"Home","item":"https:\/\/www.townhousehotels.nl\/de\/home"},{"@type":"ListItem","position":2,"name":"Buchungsbedingungen"}]},{"@type":"WebSite","@id":"https:\/\/www.townhousehotels.nl\/de#website","url":"https:\/\/www.townhousehotels.nl\/de","name":"Townhouse Hotels","description":"","potentialAction":[{"@type":"SearchAction","target":{"@type":"EntryPoint","urlTemplate":"https:\/\/www.townhousehotels.nl\/de?s={search_term_string}"},"query-input":{"@type":"PropertyValueSpecification","valueRequired":true,"valueName":"search_term_string"}}],"inLanguage":"de-DE"}]}},"_links":{"self":[{"href":"https:\/\/www.townhousehotels.nl\/de\/wp-json\/wp\/v2\/pages\/21711","targetHints":{"allow":["GET"]}}],"collection":[{"href":"https:\/\/www.townhousehotels.nl\/de\/wp-json\/wp\/v2\/pages"}],"about":[{"href":"https:\/\/www.townhousehotels.nl\/de\/wp-json\/wp\/v2\/types\/page"}],"author":[{"embeddable":true,"href":"https:\/\/www.townhousehotels.nl\/de\/wp-json\/wp\/v2\/users\/4"}],"replies":[{"embeddable":true,"href":"https:\/\/www.townhousehotels.nl\/de\/wp-json\/wp\/v2\/comments?post=21711"}],"version-history":[{"count":0,"href":"https:\/\/www.townhousehotels.nl\/de\/wp-json\/wp\/v2\/pages\/21711\/revisions"}],"wp:attachment":[{"href":"https:\/\/www.townhousehotels.nl\/de\/wp-json\/wp\/v2\/media?parent=21711"}],"curies":[{"name":"wp","href":"https:\/\/api.w.org\/{rel}","templated":true}]}}