{"id":21692,"date":"2021-03-23T10:09:07","date_gmt":"2021-03-23T10:09:07","guid":{"rendered":"https:\/\/www.townhousehotels.nl\/maastricht\/essen-trinken\/high-tea\/"},"modified":"2025-07-29T09:55:03","modified_gmt":"2025-07-29T09:55:03","slug":"high-tea","status":"publish","type":"page","link":"https:\/\/www.townhousehotels.nl\/de\/maastricht\/essen-trinken\/high-tea","title":{"rendered":"HIGH TEA"},"content":{"rendered":"\n\t<section class=\"section sticky-menu\" id=\"section_701773887\">\n\t\t<div class=\"section-bg fill\" >\n\t\t\t\t\t\t\t\t\t\n\t\t\t\n\n\t\t<\/div>\n\n\t\t\n\n\t\t<div class=\"section-content relative\">\n\t\t\t\n\n\t<section class=\"section sticky-menu hide-for-medium\" id=\"section_269662496\">\n\t\t<div class=\"section-bg fill\" >\n\t\t\t\t\t\t\t\t\t\n\t\t\t\n\n\t\t<\/div>\n\n\t\t\n\n\t\t<div class=\"section-content relative\">\n\t\t\t\n\n<div class=\"row row-small align-middle align-center\"  id=\"row-159972255\">\n\n\n\t<div id=\"col-1542428473\" class=\"col small-12 large-12\"  >\n\t\t\t\t<div class=\"col-inner text-left\" style=\"background-color:rgb(255,255,255);\" >\n\t\t\t\n\t\t\t\n\n\t<div id=\"stack-2613812552\" class=\"stack stack-row justify-between items-baseline sm:stack-col sm:justify-start sm:items-center\">\n\t\t\n\n\t<div id=\"text-177280142\" class=\"text\">\n\t\t\n\n<p class=\"alt-font uppercase\"><span style=\"font-size: 75%;\">Hotel<\/span><br><span style=\"color: #a8693c;\"><a style=\"color: #a8693c;\" href=\"https:\/\/www.townhousehotels.nl\/de\/maastricht\/hotel\">Maastricht<\/a><\/span><\/p>\n\t\t\n<style>\n#text-177280142 {\n  text-align: center;\n  color: rgb(11, 11, 11);\n}\n#text-177280142 > * {\n  color: rgb(11, 11, 11);\n}\n<\/style>\n\t<\/div>\n\t\n\t<div id=\"text-1615177171\" class=\"text\">\n\t\t\n\n<div class=\"custom_menu\">\n<p><a href=\"https:\/\/www.townhousehotels.nl\/de\/maastricht\/zimmer\">SCHLAFEN <i class=\"icon-angle-down\"><\/i> <\/a><\/p>\n<div class=\"custom_menu-content hide\">\n<p><a href=\"https:\/\/www.townhousehotels.nl\/de\/maastricht\/zimmer\">Zimmer<\/a><br><a href=\"https:\/\/www.townhousehotels.nl\/de\/maastricht\/appartments\">Appartments<\/a><\/p>\n<\/div>\n<\/div>\n\t\t\t<\/div>\n\t\n\t<div id=\"text-3145558881\" class=\"text\">\n\t\t\n\n<div class=\"custom_menu\">\n<p><a href=\"https:\/\/www.townhousehotels.nl\/de\/maastricht\/hotel\/service-ausstattung\"> SERVICE <i class=\"icon-angle-down\"><\/i> <\/a><\/p>\n<div class=\"custom_menu-content hide\">\n<p><a href=\"https:\/\/www.townhousehotels.nl\/de\/maastricht\/hotel\/service-ausstattung\">Einrichtungen<\/a><br><a href=\"https:\/\/www.townhousehotels.nl\/de\/maastricht\/meetings-events\">Meetings<\/a><br><a href=\"https:\/\/www.townhousehotels.nl\/de\/maastricht\/parken\">Parking<\/a><\/p>\n<\/div>\n<\/div>\n\t\t\t<\/div>\n\t\n\t<div id=\"text-2133503120\" class=\"text\">\n\t\t\n\n<div class=\"custom_menu\">\n<p><a href=\"https:\/\/www.townhousehotels.nl\/de\/maastricht\/essen-trinken\">ESSEN  TRINKEN <i class=\"icon-angle-down\"><\/i> <\/a><\/p>\n<div class=\"custom_menu-content hide\">\n<p><a href=\"https:\/\/www.townhousehotels.nl\/de\/maastricht\/essen-trinken\">Essen Trinken<\/a><br><a href=\"https:\/\/www.townhousehotels.nl\/de\/maastricht\/essen-trinken\/fruhstuck\">Fr\u00fchst\u00fcck<\/a><br><a href=\"https:\/\/www.townhousehotels.nl\/de\/maastricht\/essen-trinken\/high-tea\">High Tea<\/a><\/p>\n<\/div>\n<\/div>\n\t\t\t<\/div>\n\t\n\t<div id=\"text-2516460782\" class=\"text\">\n\t\t\n\n<div class=\"custom_menu\">\n<p><a href=\"https:\/\/www.townhousehotels.nl\/de\/maastricht\/spa-hotel\">SPA  WELLNESS <i class=\"icon-angle-down\"><\/i> <\/a><\/p>\n<div class=\"custom_menu-content hide\">\n<p><a href=\"https:\/\/www.townhousehotels.nl\/de\/maastricht\/spa-hotel\">Spa<\/a><br><a href=\"https:\/\/www.navish.nl\/townhouse\/\" target=\"_ blank\" rel=\"nofollow noopener\">Treatments<\/a><\/p>\n<\/div>\n<\/div>\n\t\t\t<\/div>\n\t\n\t<div id=\"text-2874066216\" class=\"text\">\n\t\t\n\n<div class=\"custom_menu\">\n<p><a href=\"https:\/\/www.townhousehotels.nl\/de\/maastricht\/arrangements\">ARRANGEMENTS <i class=\"icon-angle-down\"><\/i> <\/a><\/p>\n<div class=\"custom_menu-content hide\">\n<p><a href=\"https:\/\/www.townhousehotels.nl\/de\/maastricht\/arrangements\/nur-eine-nacht-nach-maastricht\">Nachtje weg Maastricht<\/a><br><a href=\"https:\/\/www.townhousehotels.nl\/maastricht\/arrangementen\/midweek\">Midweek Maastricht<\/a><br><a href=\"https:\/\/www.townhousehotels.nl\/de\/maastricht\/arrangements\/staedtetrip\">St\u00e4dtereise Maastricht<\/a><br><a href=\"https:\/\/www.townhousehotels.nl\/en\/maastricht\/packages\/weekend-apartment\">Weekend Maastricht<\/a><br><a href=\"https:\/\/www.townhousehotels.nl\/de\/maastricht\/arrangements\/inklusive-dinner\">Hotel diner arrangement<\/a><br><a href=\"https:\/\/www.townhousehotels.nl\/de\/maastricht\/angebote\/last-minute\">Last minute Maastricht<\/a><br><a href=\"https:\/\/www.townhousehotels.nl\/de\/maastricht\/arrangements\/wellness\">Wellness-Paket in Maastricht<\/a><br><a href=\"https:\/\/www.townhousehotels.nl\/de\/maastricht\/arrangements\/shopping\">Einkaufen In Maastricht<\/a><br><a href=\"https:\/\/www.townhousehotels.nl\/de\/maastricht\/arrangements\">Weitere Arrangements &gt;&gt; <\/a><\/p>\n<\/div>\n<\/div>\n\t\t\t<\/div>\n\t\n\t<div id=\"text-2519927843\" class=\"text\">\n\t\t\n\n<div class=\"custom_menu\"><a href=\"https:\/\/www.townhousehotels.nl\/de\/maastricht\/hotel\/fotogalerie\"><i class=\"fa-regular fa-image\"><\/i><\/a><\/div>\n\t\t\n<style>\n#text-2519927843 {\n  font-size: 1.2rem;\n}\n<\/style>\n\t<\/div>\n\t\n\t<div id=\"text-4247565025\" class=\"text\">\n\t\t\n\n<div class=\"custom_menu\"><a href=\"https:\/\/www.townhousehotels.nl\/de\/maastricht\/standort\"><i class=\"fa-solid fa-location-dot\"><\/i><\/a><\/div>\n\n\t\t\n<style>\n#text-4247565025 {\n  font-size: 1.2rem;\n}\n<\/style>\n\t<\/div>\n\t\n<a class=\"button success distributor\" style=\"border-radius:99px;\">\n\t\t<span>JETZT BUCHEN<\/span>\n\t<i class=\"icon-angle-right\" aria-hidden=\"true\"><\/i><\/a>\n\n\n\n\t\t\n<style>\n#stack-2613812552 > * {\n  --stack-gap: 1rem;\n}\n@media (min-width:550px) {\n  #stack-2613812552 > * {\n    --stack-gap: 2rem;\n  }\n}\n<\/style>\n\t<\/div>\n\t\n\n\t\t<\/div>\n\t\t\t\t\n<style>\n#col-1542428473 > .col-inner {\n  margin: 20px 0px -10px 0px;\n}\n<\/style>\n\t<\/div>\n\n\t\n\n<\/div>\n\n\n\n\n\n\t\t<\/div>\n\n\t\t\n<style>\n#section_269662496 {\n  padding-top: 0px;\n  padding-bottom: 0px;\n  background-color: rgb(255, 255, 255);\n}\n<\/style>\n\t<\/section>\n\t\n\t\t<\/div>\n\n\t\t\n<style>\n#section_701773887 {\n  padding-top: 0px;\n  padding-bottom: 0px;\n}\n<\/style>\n\t<\/section>\n\t\n\n\t<section class=\"section\" id=\"section_921050634\">\n\t\t<div class=\"section-bg fill\" >\n\t\t\t<img loading=\"lazy\" decoding=\"async\" width=\"2560\" height=\"1703\" src=\"https:\/\/www.townhousehotels.nl\/wp-content\/uploads\/2021\/02\/Lobby-huiskamer-lounge-hoek-bibliotheek-Townhouse-Design-Hotel-Maastricht-scaled-1.jpg\" class=\"bg attachment- size-\" alt=\"\" \/>\t\t\t\t\t\t\n\t\t\t\n\t<div class=\"is-border\"\n\t\tstyle=\"border-width:0px 0px 0px 0px;margin:0px 0px 0px 0px;\">\n\t<\/div>\n\n\t\t<\/div>\n\n\t\t\n\n\t\t<div class=\"section-content relative\">\n\t\t\t\n\t\t<\/div>\n\n\t\t\n<style>\n#section_921050634 {\n  padding-top: 100px;\n  padding-bottom: 100px;\n}\n#section_921050634 .section-bg img {\n  object-position: 52% 52%;\n}\n<\/style>\n\t<\/section>\n\t\n\t<div id=\"gap-1031841794\" class=\"gap-element clearfix\" style=\"display:block; height:auto;\">\n\t\t\n<style>\n#gap-1031841794 {\n  padding-top: 30px;\n}\n<\/style>\n\t<\/div>\n\t\n<h1 style=\"text-align: center;\">HIGH TEA<\/h1>\n\n\t<section class=\"section thlinks\" id=\"section_1413137859\">\n\t\t<div class=\"section-bg fill\" >\n\t\t\t\t\t\t\t\t\t\n\t\t\t\n\n\t\t<\/div>\n\n\t\t\n\n\t\t<div class=\"section-content relative\">\n\t\t\t\n<div class=\"row row-large align-center\" style=\"max-width:1500px\" id=\"row-186212252\">\n\n\t<div id=\"col-1014682116\" class=\"col medium-6 small-12 large-6\"  >\n\t\t\t\t<div class=\"col-inner\"  >\n\t\t\t\n\t\t\t\n\t<div class=\"img has-hover x md-x lg-x y md-y lg-y\" id=\"image_465612178\">\n\t\t\t\t\t\t\t\t<div class=\"img-inner box-shadow-4 dark\" >\n\t\t\t<img loading=\"lazy\" decoding=\"async\" width=\"600\" height=\"400\" src=\"https:\/\/www.townhousehotels.nl\/wp-content\/uploads\/2021\/03\/high-tea-dish-600x400-1.jpg\" class=\"attachment-original size-original\" alt=\"\" srcset=\"https:\/\/www.townhousehotels.nl\/wp-content\/uploads\/2021\/03\/high-tea-dish-600x400-1.jpg 600w, https:\/\/www.townhousehotels.nl\/wp-content\/uploads\/2021\/03\/high-tea-dish-600x400-1-300x200.jpg 300w\" sizes=\"auto, (max-width: 600px) 100vw, 600px\" \/>\t\t\t\t\t\t\n\t\t\t\t\t<\/div>\n\t\t\t\t\t\t\t\t\n<style>\n#image_465612178 {\n  width: 100%;\n}\n<\/style>\n\t<\/div>\n\t\n\t\t<\/div>\n\t\t\t\t\t<\/div>\n\n\t\n\n\t<div id=\"col-1868945200\" class=\"col medium-6 small-12 large-6\"  >\n\t\t\t\t<div class=\"col-inner text-left\"  >\n\t\t\t\n\t\t\t\n<h3>UNSERE HIGH TEA-FORMEL<\/h3>\n\t<div id=\"gap-308979501\" class=\"gap-element clearfix\" style=\"display:block; height:auto;\">\n\t\t\n<style>\n#gap-308979501 {\n  padding-top: 30px;\n}\n<\/style>\n\t<\/div>\n\t\n<p data-fontsize=\"30\" data-lineheight=\"42\">High Tea bij Townhouse Hotel Maastricht bestaat uit:<\/p>\n<ul>\n<li>Verschiedenen Teesorten aus der Maastrichter Kaffeer\u00f6sterei und Teepackerei Maison Blanche Dael<\/li>\n<li>Glas bubbels<\/li>\n<li>Sandwiches verschiedener Geschmackrichtungen<\/li>\n<li>K\u00f6stliche Vanillescones mit Konfit\u00fcre und Clotted Cream<\/li>\n<li>S\u00fc\u00dfes Geb\u00e4ck, wie z. B. Macarons und Brownies<\/li>\n<li>Auf Anfrage ber\u00fccksichtigen wir vegetarische W\u00fcnsche oder Lebensmittelunvertr\u00e4glichkeiten<\/li>\n<\/ul>\n<p><strong>\u20ac 25 p.p.<\/strong><\/p>\n<p><em>Reservierungen nach Verf\u00fcgbarkeit.<\/em><\/p>\n<p>Einen High Tea im Townhouse buchen? Das kannst du, auch wenn du nicht bei uns wohnst. Senden Sie dann eine E-Mail an <a href=\"mailto:maastricht@townhousehotels.nl\">maastricht@townhousehotels.nl<\/a> oder rufen Sie 043 323 30 90 an. Oder buchen Sie ihn gleich zusammen mit Ihrem Zimmer, wenn Sie demn\u00e4chst bei uns \u00fcbernachten!<\/p>\n<a href=\"mailto:maastricht@townhousehotels.nl\" class=\"button success is-outline\" >\n\t\t<span>BUCHE HIGH TEA<\/span>\n\t<\/a>\n\n\t\t<\/div>\n\t\t\t\t\t<\/div>\n\n\t\n<\/div>\n<div class=\"text-center\"><div class=\"is-divider divider clearfix\" style=\"max-width:45%;\"><\/div><\/div>\n\t\t<\/div>\n\n\t\t\n<style>\n#section_1413137859 {\n  padding-top: 30px;\n  padding-bottom: 30px;\n}\n<\/style>\n\t<\/section>\n\t\n\n\t<section class=\"section thlinks\" id=\"section_1064287889\">\n\t\t<div class=\"section-bg fill\" >\n\t\t\t\t\t\t\t\t\t\n\t\t\t\n\n\t\t<\/div>\n\n\t\t\n\n\t\t<div class=\"section-content relative\">\n\t\t\t\n<div class=\"row row-large align-center\" style=\"max-width:1500px\" id=\"row-999386737\">\n\n\t<div id=\"col-541425587\" class=\"col medium-6 small-12 large-6\"  >\n\t\t\t\t<div class=\"col-inner text-left\"  >\n\t\t\t\n\t\t\t\n<h3>GENIESSEN SIE UNSEREN TEE<\/h3>\n<p>W\u00e4hrend unseres High Tea k\u00f6nnen Sie k\u00f6stliche Scones mit Marmelade und Clotted Cream, herzhafte Sandwiches und s\u00fc\u00dfe Snacks wie Macarons zum Lecken der Finger. Dazu servieren wir nat\u00fcrlich leckeren Tee oder frisch gemahlenen Kaffee. Der Tee kommt vom bekannten Maastrichter Familienunternehmen Maison Blanche Dael, wo der beste Tee der Region herkommt! M\u00f6chten Sie sich mit Freundinnen, Kollegen oder Ihrer Familie an einem Tisch voller Leckereien unterhalten?<\/p>\n\t\t<\/div>\n\t\t\t\t\t<\/div>\n\n\t\n\n\t<div id=\"col-1871980785\" class=\"col medium-6 small-12 large-6\"  >\n\t\t\t\t<div class=\"col-inner\"  >\n\t\t\t\n\t\t\t\n\t<div class=\"img has-hover x md-x lg-x y md-y lg-y\" id=\"image_749130102\">\n\t\t\t\t\t\t\t\t<div class=\"img-inner box-shadow-4 dark\" >\n\t\t\t<img loading=\"lazy\" decoding=\"async\" width=\"600\" height=\"400\" src=\"https:\/\/www.townhousehotels.nl\/wp-content\/uploads\/2021\/03\/high-tea-package-600x400-1.jpg\" class=\"attachment-original size-original\" alt=\"\" srcset=\"https:\/\/www.townhousehotels.nl\/wp-content\/uploads\/2021\/03\/high-tea-package-600x400-1.jpg 600w, https:\/\/www.townhousehotels.nl\/wp-content\/uploads\/2021\/03\/high-tea-package-600x400-1-300x200.jpg 300w\" sizes=\"auto, (max-width: 600px) 100vw, 600px\" \/>\t\t\t\t\t\t\n\t\t\t\t\t<\/div>\n\t\t\t\t\t\t\t\t\n<style>\n#image_749130102 {\n  width: 100%;\n}\n<\/style>\n\t<\/div>\n\t\n\t\t<\/div>\n\t\t\t\t\t<\/div>\n\n\t\n<\/div>\n\t\t<\/div>\n\n\t\t\n<style>\n#section_1064287889 {\n  padding-top: 30px;\n  padding-bottom: 30px;\n}\n<\/style>\n\t<\/section>\n\t\n<p>\t\t<div class=\"show-for-small\">\n\t\t\t\t<\/p>\n<p>\t<div id=\"h-m\"\n\t     class=\"lightbox-by-id lightbox-content mfp-hide lightbox-white \"\n\t     style=\"max-width:650px ;padding:20px\">\n\t\t<br \/>\n\t<div id=\"stack-1568116680\" class=\"stack stack-col justify-start items-stretch sm:stack-col\">\n\t\t\n\n<a href=\"https:\/\/www.townhousehotels.nl\/de\/maastricht\/hotel\" class=\"button secondary is-link\" >\n\t\t<span>Hotel - Maastricht<\/span>\n\t<\/a>\n\n\n<a href=\"https:\/\/www.townhousehotels.nl\/de\/maastricht\/zimmer\" class=\"button primary is-underline is-small\" >\n\t\t<span>Zimmer<\/span>\n\t<\/a>\n\n\n<a href=\"https:\/\/www.townhousehotels.nl\/de\/maastricht\/hotel\/service-ausstattung\" class=\"button primary is-underline is-small\" >\n\t\t<span>SERVICE<\/span>\n\t<\/a>\n\n\n<a href=\"https:\/\/www.townhousehotels.nl\/de\/maastricht\/essen-trinken\" class=\"button primary is-underline is-small\" >\n\t\t<span>ESSEN &amp; TRINKEN<\/span>\n\t<\/a>\n\n\n<a href=\"https:\/\/www.townhousehotels.nl\/de\/maastricht\/spa-hotel\" class=\"button primary is-underline is-small\" >\n\t\t<span>SPA &amp; WELLNESS<\/span>\n\t<\/a>\n\n\n<a href=\"https:\/\/www.townhousehotels.nl\/de\/maastricht\/arrangements\" class=\"button primary is-underline is-small\" >\n\t\t<span>ARRANGEMENTS<\/span>\n\t<\/a>\n\n\n<a href=\"https:\/\/www.townhousehotels.nl\/de\/maastricht\/hotel\/fotogalerie\" class=\"button primary is-underline is-small\" >\n\t\t<span>FOTOGALERIE<\/span>\n\t<\/a>\n\n\n<a href=\"https:\/\/www.townhousehotels.nl\/de\/maastricht\/standort\" class=\"button primary is-underline is-small\" >\n\t<i class=\"icon-map-pin-fill\" aria-hidden=\"true\"><\/i>\t<span>Standort<\/span>\n\t<\/a>\n\n\n<a href=\"https:\/\/app.mews.com\/distributor\/348c5bc7-79d1-40b9-aab3-b23700ea37ad\" class=\"button secondary bluebu\" style=\"padding:0px 0px 0px 0px;\">\n\t\t<span>JETZT BUCHEN<\/span>\n\t<\/a>\n\n\n\n\t\t\n<style>\n#stack-1568116680 > * {\n  --stack-gap: 1rem;\n}\n@media (min-width:550px) {\n  #stack-1568116680 > * {\n    --stack-gap: 1rem;\n  }\n}\n<\/style>\n\t<\/div>\n\t<br \/>\n\t<\/div>\n\t\n\t<br \/>\n\t\t<\/div>\n\t<br \/>\n\n\t<section class=\"section sticky-mobile show-for-medium\" id=\"section_1560346188\">\n\t\t<div class=\"section-bg fill\" >\n\t\t\t\t\t\t\t\t\t\n\t\t\t\n\n\t\t<\/div>\n\n\t\t\n\n\t\t<div class=\"section-content relative\">\n\t\t\t<\/p>\n<p><div class=\"row row-full-width align-center\"  id=\"row-232097976\"><\/p>\n<p>\n\t<div id=\"col-1089907233\" class=\"col small-12 large-12\"  >\n\t\t\t\t<div class=\"col-inner text-center\"  >\n\t\t\t\n\t\t\t<\/p>\n<p><a href=\"#h-m\" class=\"button primary is-link is-large\" >\n\t\t<span>Hotel - Maastricht<\/span>\n\t<i class=\"icon-menu\" aria-hidden=\"true\"><\/i><\/a>\n<\/p>\n<p>\t\t<\/div>\n\t\t\t\t\n<style>\n#col-1089907233 > .col-inner {\n  padding: 5px 0px 5px 0px;\n  margin: 0px 0px 0px 0px;\n}\n<\/style>\n\t<\/div>\n\n\t<\/p>\n<p><\/div><\/p>\n<p>\t\t<\/div>\n\n\t\t\n<style>\n#section_1560346188 {\n  padding-top: 0px;\n  padding-bottom: 0px;\n  background-color: rgb(245, 239, 232);\n}\n@media (min-width:550px) {\n  #section_1560346188 {\n    padding-top: 30px;\n    padding-bottom: 30px;\n  }\n}\n<\/style>\n\t<\/section>\n\t<\/p>\n\n","protected":false},"excerpt":{"rendered":"<p>HIGH TEA<\/p>\n","protected":false},"author":6,"featured_media":0,"parent":21673,"menu_order":0,"comment_status":"closed","ping_status":"closed","template":"","meta":{"footnotes":""},"class_list":["post-21692","page","type-page","status-publish","hentry"],"yoast_head":"<!-- This site is optimized with the Yoast SEO plugin v27.2 - https:\/\/yoast.com\/product\/yoast-seo-wordpress\/ -->\n<title>Bester High Tea in Maastricht - Townhouse Hotel Maastricht<\/title>\n<meta name=\"description\" content=\"F\u00fcr den besten High Tea in Maastricht m\u00fcssen Sie im Townhouse Hotel sein. Kommen Sie am Nachmittag gem\u00fctlich Tee trinken mit leckeren Geb\u00e4ckst\u00fccken und k\u00f6stlichen H\u00e4ppchen.\" \/>\n<meta name=\"robots\" content=\"index, follow, max-snippet:-1, max-image-preview:large, max-video-preview:-1\" \/>\n<link rel=\"canonical\" href=\"https:\/\/www.townhousehotels.nl\/de\/maastricht\/essen-trinken\/high-tea\" \/>\n<meta property=\"og:locale\" content=\"de_DE\" \/>\n<meta property=\"og:type\" content=\"article\" \/>\n<meta property=\"og:title\" content=\"Bester High Tea in Maastricht - Townhouse Hotel Maastricht\" \/>\n<meta property=\"og:description\" content=\"F\u00fcr den besten High Tea in Maastricht m\u00fcssen Sie im Townhouse Hotel sein. Kommen Sie am Nachmittag gem\u00fctlich Tee trinken mit leckeren Geb\u00e4ckst\u00fccken und k\u00f6stlichen H\u00e4ppchen.\" \/>\n<meta property=\"og:url\" content=\"https:\/\/www.townhousehotels.nl\/de\/maastricht\/essen-trinken\/high-tea\" \/>\n<meta property=\"og:site_name\" content=\"Townhouse Hotels\" \/>\n<meta property=\"article:publisher\" content=\"https:\/\/www.facebook.com\/TownhouseHotels\/\" \/>\n<meta property=\"article:modified_time\" content=\"2025-07-29T09:55:03+00:00\" \/>\n<meta name=\"twitter:card\" content=\"summary_large_image\" \/>\n<meta name=\"twitter:label1\" content=\"Gesch\u00e4tzte Lesezeit\" \/>\n\t<meta name=\"twitter:data1\" content=\"2 Minuten\" \/>\n<script type=\"application\/ld+json\" class=\"yoast-schema-graph\">{\"@context\":\"https:\/\/schema.org\",\"@graph\":[{\"@type\":\"WebPage\",\"@id\":\"https:\/\/www.townhousehotels.nl\/de\/maastricht\/essen-trinken\/high-tea\",\"url\":\"https:\/\/www.townhousehotels.nl\/de\/maastricht\/essen-trinken\/high-tea\",\"name\":\"Bester High Tea in Maastricht - Townhouse Hotel Maastricht\",\"isPartOf\":{\"@id\":\"https:\/\/www.townhousehotels.nl\/de#website\"},\"datePublished\":\"2021-03-23T10:09:07+00:00\",\"dateModified\":\"2025-07-29T09:55:03+00:00\",\"description\":\"F\u00fcr den besten High Tea in Maastricht m\u00fcssen Sie im Townhouse Hotel sein. Kommen Sie am Nachmittag gem\u00fctlich Tee trinken mit leckeren Geb\u00e4ckst\u00fccken und k\u00f6stlichen H\u00e4ppchen.\",\"breadcrumb\":{\"@id\":\"https:\/\/www.townhousehotels.nl\/de\/maastricht\/essen-trinken\/high-tea#breadcrumb\"},\"inLanguage\":\"de-DE\",\"potentialAction\":[{\"@type\":\"ReadAction\",\"target\":[\"https:\/\/www.townhousehotels.nl\/de\/maastricht\/essen-trinken\/high-tea\"]}]},{\"@type\":\"BreadcrumbList\",\"@id\":\"https:\/\/www.townhousehotels.nl\/de\/maastricht\/essen-trinken\/high-tea#breadcrumb\",\"itemListElement\":[{\"@type\":\"ListItem\",\"position\":1,\"name\":\"Home\",\"item\":\"https:\/\/www.townhousehotels.nl\/de\/home\"},{\"@type\":\"ListItem\",\"position\":2,\"name\":\"Maastricht\",\"item\":\"https:\/\/www.townhousehotels.nl\/de\/maastricht\"},{\"@type\":\"ListItem\",\"position\":3,\"name\":\"Essen &amp; Trinken\",\"item\":\"https:\/\/www.townhousehotels.nl\/de\/maastricht\/essen-trinken\"},{\"@type\":\"ListItem\",\"position\":4,\"name\":\"HIGH TEA\"}]},{\"@type\":\"WebSite\",\"@id\":\"https:\/\/www.townhousehotels.nl\/de#website\",\"url\":\"https:\/\/www.townhousehotels.nl\/de\",\"name\":\"Townhouse Hotels\",\"description\":\"\",\"potentialAction\":[{\"@type\":\"SearchAction\",\"target\":{\"@type\":\"EntryPoint\",\"urlTemplate\":\"https:\/\/www.townhousehotels.nl\/de?s={search_term_string}\"},\"query-input\":{\"@type\":\"PropertyValueSpecification\",\"valueRequired\":true,\"valueName\":\"search_term_string\"}}],\"inLanguage\":\"de-DE\"}]}<\/script>\n<!-- \/ Yoast SEO plugin. -->","yoast_head_json":{"title":"Bester High Tea in Maastricht - Townhouse Hotel Maastricht","description":"F\u00fcr den besten High Tea in Maastricht m\u00fcssen Sie im Townhouse Hotel sein. Kommen Sie am Nachmittag gem\u00fctlich Tee trinken mit leckeren Geb\u00e4ckst\u00fccken und k\u00f6stlichen H\u00e4ppchen.","robots":{"index":"index","follow":"follow","max-snippet":"max-snippet:-1","max-image-preview":"max-image-preview:large","max-video-preview":"max-video-preview:-1"},"canonical":"https:\/\/www.townhousehotels.nl\/de\/maastricht\/essen-trinken\/high-tea","og_locale":"de_DE","og_type":"article","og_title":"Bester High Tea in Maastricht - Townhouse Hotel Maastricht","og_description":"F\u00fcr den besten High Tea in Maastricht m\u00fcssen Sie im Townhouse Hotel sein. Kommen Sie am Nachmittag gem\u00fctlich Tee trinken mit leckeren Geb\u00e4ckst\u00fccken und k\u00f6stlichen H\u00e4ppchen.","og_url":"https:\/\/www.townhousehotels.nl\/de\/maastricht\/essen-trinken\/high-tea","og_site_name":"Townhouse Hotels","article_publisher":"https:\/\/www.facebook.com\/TownhouseHotels\/","article_modified_time":"2025-07-29T09:55:03+00:00","twitter_card":"summary_large_image","twitter_misc":{"Gesch\u00e4tzte Lesezeit":"2 Minuten"},"schema":{"@context":"https:\/\/schema.org","@graph":[{"@type":"WebPage","@id":"https:\/\/www.townhousehotels.nl\/de\/maastricht\/essen-trinken\/high-tea","url":"https:\/\/www.townhousehotels.nl\/de\/maastricht\/essen-trinken\/high-tea","name":"Bester High Tea in Maastricht - Townhouse Hotel Maastricht","isPartOf":{"@id":"https:\/\/www.townhousehotels.nl\/de#website"},"datePublished":"2021-03-23T10:09:07+00:00","dateModified":"2025-07-29T09:55:03+00:00","description":"F\u00fcr den besten High Tea in Maastricht m\u00fcssen Sie im Townhouse Hotel sein. Kommen Sie am Nachmittag gem\u00fctlich Tee trinken mit leckeren Geb\u00e4ckst\u00fccken und k\u00f6stlichen H\u00e4ppchen.","breadcrumb":{"@id":"https:\/\/www.townhousehotels.nl\/de\/maastricht\/essen-trinken\/high-tea#breadcrumb"},"inLanguage":"de-DE","potentialAction":[{"@type":"ReadAction","target":["https:\/\/www.townhousehotels.nl\/de\/maastricht\/essen-trinken\/high-tea"]}]},{"@type":"BreadcrumbList","@id":"https:\/\/www.townhousehotels.nl\/de\/maastricht\/essen-trinken\/high-tea#breadcrumb","itemListElement":[{"@type":"ListItem","position":1,"name":"Home","item":"https:\/\/www.townhousehotels.nl\/de\/home"},{"@type":"ListItem","position":2,"name":"Maastricht","item":"https:\/\/www.townhousehotels.nl\/de\/maastricht"},{"@type":"ListItem","position":3,"name":"Essen &amp; Trinken","item":"https:\/\/www.townhousehotels.nl\/de\/maastricht\/essen-trinken"},{"@type":"ListItem","position":4,"name":"HIGH TEA"}]},{"@type":"WebSite","@id":"https:\/\/www.townhousehotels.nl\/de#website","url":"https:\/\/www.townhousehotels.nl\/de","name":"Townhouse Hotels","description":"","potentialAction":[{"@type":"SearchAction","target":{"@type":"EntryPoint","urlTemplate":"https:\/\/www.townhousehotels.nl\/de?s={search_term_string}"},"query-input":{"@type":"PropertyValueSpecification","valueRequired":true,"valueName":"search_term_string"}}],"inLanguage":"de-DE"}]}},"_links":{"self":[{"href":"https:\/\/www.townhousehotels.nl\/de\/wp-json\/wp\/v2\/pages\/21692","targetHints":{"allow":["GET"]}}],"collection":[{"href":"https:\/\/www.townhousehotels.nl\/de\/wp-json\/wp\/v2\/pages"}],"about":[{"href":"https:\/\/www.townhousehotels.nl\/de\/wp-json\/wp\/v2\/types\/page"}],"author":[{"embeddable":true,"href":"https:\/\/www.townhousehotels.nl\/de\/wp-json\/wp\/v2\/users\/6"}],"replies":[{"embeddable":true,"href":"https:\/\/www.townhousehotels.nl\/de\/wp-json\/wp\/v2\/comments?post=21692"}],"version-history":[{"count":0,"href":"https:\/\/www.townhousehotels.nl\/de\/wp-json\/wp\/v2\/pages\/21692\/revisions"}],"up":[{"embeddable":true,"href":"https:\/\/www.townhousehotels.nl\/de\/wp-json\/wp\/v2\/pages\/21673"}],"wp:attachment":[{"href":"https:\/\/www.townhousehotels.nl\/de\/wp-json\/wp\/v2\/media?parent=21692"}],"curies":[{"name":"wp","href":"https:\/\/api.w.org\/{rel}","templated":true}]}}