{"id":21688,"date":"2021-03-22T13:33:17","date_gmt":"2021-03-22T13:33:17","guid":{"rendered":"https:\/\/www.townhousehotels.nl\/?page_id=21688"},"modified":"2023-11-28T16:58:02","modified_gmt":"2023-11-28T16:58:02","slug":"bestpreisgarantie","status":"publish","type":"page","link":"https:\/\/www.townhousehotels.nl\/de\/bestpreisgarantie","title":{"rendered":"Bestpreisgarantie"},"content":{"rendered":"\n\t<section class=\"section\" id=\"section_1013779428\">\n\t\t<div class=\"section-bg fill\" >\n\t\t\t<img loading=\"lazy\" decoding=\"async\" width=\"2560\" height=\"1703\" src=\"https:\/\/www.townhousehotels.nl\/wp-content\/uploads\/2021\/02\/Lobby-huiskamer-lounge-hoek-bibliotheek-Townhouse-Design-Hotel-Maastricht-scaled-1.jpg\" class=\"bg attachment-original size-original\" alt=\"\" \/>\t\t\t\t\t\t\n\t\t\t\n\n\t\t<\/div>\n\n\t\t\n\n\t\t<div class=\"section-content relative\">\n\t\t\t\n\t\t<\/div>\n\n\t\t\n<style>\n#section_1013779428 {\n  padding-top: 30px;\n  padding-bottom: 30px;\n  min-height: 200px;\n}\n#section_1013779428 .section-bg img {\n  object-position: 53% 56%;\n}\n<\/style>\n\t<\/section>\n\t\n\n\t<section class=\"section\" id=\"section_787712376\">\n\t\t<div class=\"section-bg fill\" >\n\t\t\t\t\t\t\t\t\t\n\t\t\t\n\n\t\t<\/div>\n\n\t\t\n\n\t\t<div class=\"section-content relative\">\n\t\t\t\n<div class=\"row\"  id=\"row-507326195\">\n\n\t<div id=\"col-1716663754\" class=\"col small-12 large-12\"  >\n\t\t\t\t<div class=\"col-inner\"  >\n\t\t\t\n\t\t\t\n<h1 style=\"text-align: center;\">Bestpreisgarantie<\/h1>\n<p>Die Bestpreisgarantie ist unser Versprechen f\u00fcr G\u00e4ste, die direkt auf unserer eigenen Website buchen:\u00a0<a href=\"https:\/\/www.townhousehotels.nl\/\">www.townhousehotels.nl<\/a>\u00a0oder\u00a0<a href=\"http:\/\/www.lbghotels.com\/\">www.lbghotels.com<\/a>.<\/p>\n<p>Townhouse hotel Maastricht garantiert, dass unsere eigene Website zum Zeitpunkt der Reservierung sowie in den darauffolgenden 24 Stunden im Vergleich mit \u00fcbereinstimmenden Zimmertypen, Daten, Bedingungen und Preistypen (Zimmerkonditionen) die g\u00fcnstigsten Zimmerpreise bietet (Bestpreisgarantie).<\/p>\n<p>Falls Sie Townhouse hotel Maastricht einen ver\u00f6ffentlichten Preis zeigen k\u00f6nnen, der bei gleichen Zimmerkonditionen in dem Augenblick g\u00fcnstiger ist (Konkurrenzpreis), wird Townhouse hotel Maastricht das betreffende Zimmer innerhalb von 24 Stunden nachdem Sie Ihre Reservierung auf unserer Website aufgegeben haben zu diesem Preis anbieten.<\/p>\n<p>Es kann nur dann ein Anspruch auf diese Bestpreisgarantie gemacht werden, wenn alle Bedingungen erf\u00fcllt sind.<\/p>\n<p>\u00a0<\/p>\n<h2>Bedingungen:<\/h2>\n<p>\u00a0<\/p>\n<ol>\n<li>Zimmerkonditionen:\n<ol>\n<li>\u00dcbereinstimmender Zimmertyp: die Bestpreisgarantie gilt f\u00fcr einen konkurrierenden Zimmertyp, der stark mit einem Zimmertyp \u00fcbereinstimmt, der auf der Website von Townhouse hotel Maastricht gebucht werden kann. Die \u00dcbereinstimmung von konkurrierenden Zimmertypen basiert unter anderem auf folgenden Kriterien: Aussicht, Einrichtungen, Bettw\u00e4sche und Zimmergr\u00f6\u00dfe. Die Beurteilung (des konkurrierenden Zimmers) erfolgt ausschlie\u00dflich von Townhouse hotel Maastricht.<\/li>\n<li>\u00dcbereinstimmende Daten: der niedrigere Preis f\u00fcr ein gleichwertiges Zimmer bei identischen Anreise- und Abreisedaten muss online zu finden sein.<\/li>\n<li>\u00dcbereinstimmende Bedingungen: alle Preis- oder Tarifbedingungen, einschlie\u00dflich (aber nicht ausschlie\u00dflich) Vorauszahlung, Anzahlung oder anderer Bedingungen, m\u00fcssen identisch oder strenger sein als die Bedingungen, die zum Vergleich auf der Website von Townhouse hotel Maastricht eingesehen werden k\u00f6nnen. Wenn Sie auf der Website von Townhouse hotel Maastricht beispielsweise ein Zimmer reservieren, das kostenlos storniert werden kann, k\u00f6nnen Sie dieses nicht mit einem Zimmer auf einer anderen Website (konkurrierenden Website) vergleichen, das vorab bezahlt werden muss oder f\u00fcr das keine R\u00fcckerstattung m\u00f6glich ist. Sollten Sie auf unserer Website allerdings ein Zimmer buchen, das vorab bezahlt werden muss oder f\u00fcr das keine R\u00fcckerstattung m\u00f6glich ist, k\u00f6nnen Sie es durchaus mit einem Zimmer auf einer konkurrierenden Website verglichen werden, das stornierbar ist oder f\u00fcr das eine R\u00fcckerstattung m\u00f6glich ist. Die Bestpreisgarantie gilt nicht f\u00fcr Reservierungen auf Websites, auf denen die Reservierungsdaten erst nach dem Kauf bekannt sind.<\/li>\n<li>\u00dcbereinstimmender Preistyp: der Zimmerpreis muss in der W\u00e4hrung des Hotels angeboten, gebucht und bezahlt werden. Extrakosten, wie Aufschl\u00e4ge f\u00fcr eine zus\u00e4tzliche Person, fallen nicht unter diese Garantie. Bei einem Aufenthalt von mehreren N\u00e4chten wird der Durchschnittspreis pro Nacht auf der konkurrierenden Website mit dem Durchschnittspreis pro Nacht f\u00fcr eine Reservierung auf der Website von Townhouse hotel Maastricht verglichen.<\/li>\n<\/ol>\n<\/li>\n<li>Nicht ver\u00f6ffentlichte Preise: die Bestpreisgarantie gilt nicht f\u00fcr nicht ver\u00f6ffentlichte Preise. Nicht ver\u00f6ffentlichte Preise sind Preise, die nicht f\u00fcr das allgemeine Publikum zug\u00e4nglich sind. Preise, die nicht f\u00fcr das allgemeine Publikum zug\u00e4nglich sind, sind unter anderem: Gesch\u00e4ftsrabatte\n<ol>\n<li>Gruppentarife<\/li>\n<li>Konferenztarife<\/li>\n<li>Preise, f\u00fcr die eine Mitgliedschaft in einem Club, einem Loyalit\u00e4tsprogramm oder einer anderen Organisation erforderlich ist, wobei die Preise auf eine spezifische Personengruppe zugeschnitten und nicht f\u00fcr das allgemeine Publikum zug\u00e4nglich sind<\/li>\n<li>Direct-Mailing-Kampagne<\/li>\n<li>E-Mail-Kampagne<\/li>\n<li>Preise, f\u00fcr die ein Rabattcode oder ein Coupon erforderlich ist<\/li>\n<li>Niedrigere Preise, die \u00fcber \u201eOpaque\u201c Websites verf\u00fcgbar sind, wobei das genaue Hotel erst nach der Buchung bekanntgegeben wird, fallen nicht unter die Garantie.<\/li>\n<\/ol>\n<\/li>\n<li>Bedingungen f\u00fcr einen Anspruch: um diese Garantie in Anspruch nehmen zu k\u00f6nnen, schreiben Sie bitte eine E-Mail an\u00a0<a href=\"mailto:reservations@townhousehotels.nl\">reservations@townhousehotels.nl<\/a>. Diese Mail muss folgende Informationen enthalten: den Namen, die Hotelreservierungsnummer und die Website, auf der dieser g\u00fcnstigere Preis steht. Unvollst\u00e4ndige oder unkorrekte E-Mails werden nicht bearbeitet. Da der Anspruch auf die Bestpreisgarantie vor Ankunft vermerkt werden muss, muss ihr Antrag mindestens 24 Stunden vor Ihrer Ankunft eingehen.<\/li>\n<\/ol>\n\t\t<\/div>\n\t\t\t\t\t<\/div>\n\n\t\n<\/div>\n\t\t<\/div>\n\n\t\t\n<style>\n#section_787712376 {\n  padding-top: 30px;\n  padding-bottom: 30px;\n}\n<\/style>\n\t<\/section>\n\t\n","protected":false},"excerpt":{"rendered":"","protected":false},"author":4,"featured_media":0,"parent":0,"menu_order":0,"comment_status":"closed","ping_status":"closed","template":"","meta":{"footnotes":""},"class_list":["post-21688","page","type-page","status-publish","hentry"],"yoast_head":"<!-- This site is optimized with the Yoast SEO plugin v27.2 - https:\/\/yoast.com\/product\/yoast-seo-wordpress\/ -->\n<title>Bestpreisgarantie - Townhouse hotel Maastricht<\/title>\n<meta name=\"description\" content=\"Buchen Sie jetzt im Townhouse hotel Maastricht zum besten Preis. Mit der Bestpreisgarantie versprechen wir den G\u00e4sten, die direkt \u00fcber unsere eigene Website buchen, die besten Zimmers\u00e4tze, die f\u00fcr den entsprechenden Zimmertyp, die Daten, die Bedingungen und den Preistyp im Markt verf\u00fcgbar sind. Besuchen Sie Maastricht zum besten Preis - Offizielle Website.\" \/>\n<meta name=\"robots\" content=\"index, follow, max-snippet:-1, max-image-preview:large, max-video-preview:-1\" \/>\n<link rel=\"canonical\" href=\"https:\/\/www.townhousehotels.nl\/de\/bestpreisgarantie\" \/>\n<meta property=\"og:locale\" content=\"de_DE\" \/>\n<meta property=\"og:type\" content=\"article\" \/>\n<meta property=\"og:title\" content=\"Bestpreisgarantie - Townhouse hotel Maastricht\" \/>\n<meta property=\"og:description\" content=\"Buchen Sie jetzt im Townhouse hotel Maastricht zum besten Preis. Mit der Bestpreisgarantie versprechen wir den G\u00e4sten, die direkt \u00fcber unsere eigene Website buchen, die besten Zimmers\u00e4tze, die f\u00fcr den entsprechenden Zimmertyp, die Daten, die Bedingungen und den Preistyp im Markt verf\u00fcgbar sind. Besuchen Sie Maastricht zum besten Preis - Offizielle Website.\" \/>\n<meta property=\"og:url\" content=\"https:\/\/www.townhousehotels.nl\/de\/bestpreisgarantie\" \/>\n<meta property=\"og:site_name\" content=\"Townhouse Hotels\" \/>\n<meta property=\"article:publisher\" content=\"https:\/\/www.facebook.com\/TownhouseHotels\/\" \/>\n<meta property=\"article:modified_time\" content=\"2023-11-28T16:58:02+00:00\" \/>\n<meta name=\"twitter:card\" content=\"summary_large_image\" \/>\n<script type=\"application\/ld+json\" class=\"yoast-schema-graph\">{\"@context\":\"https:\/\/schema.org\",\"@graph\":[{\"@type\":\"WebPage\",\"@id\":\"https:\/\/www.townhousehotels.nl\/de\/bestpreisgarantie\",\"url\":\"https:\/\/www.townhousehotels.nl\/de\/bestpreisgarantie\",\"name\":\"Bestpreisgarantie - Townhouse hotel Maastricht\",\"isPartOf\":{\"@id\":\"https:\/\/www.townhousehotels.nl\/de#website\"},\"datePublished\":\"2021-03-22T13:33:17+00:00\",\"dateModified\":\"2023-11-28T16:58:02+00:00\",\"description\":\"Buchen Sie jetzt im Townhouse hotel Maastricht zum besten Preis. Mit der Bestpreisgarantie versprechen wir den G\u00e4sten, die direkt \u00fcber unsere eigene Website buchen, die besten Zimmers\u00e4tze, die f\u00fcr den entsprechenden Zimmertyp, die Daten, die Bedingungen und den Preistyp im Markt verf\u00fcgbar sind. Besuchen Sie Maastricht zum besten Preis - Offizielle Website.\",\"breadcrumb\":{\"@id\":\"https:\/\/www.townhousehotels.nl\/de\/bestpreisgarantie#breadcrumb\"},\"inLanguage\":\"de-DE\",\"potentialAction\":[{\"@type\":\"ReadAction\",\"target\":[\"https:\/\/www.townhousehotels.nl\/de\/bestpreisgarantie\"]}]},{\"@type\":\"BreadcrumbList\",\"@id\":\"https:\/\/www.townhousehotels.nl\/de\/bestpreisgarantie#breadcrumb\",\"itemListElement\":[{\"@type\":\"ListItem\",\"position\":1,\"name\":\"Home\",\"item\":\"https:\/\/www.townhousehotels.nl\/de\/home\"},{\"@type\":\"ListItem\",\"position\":2,\"name\":\"Bestpreisgarantie\"}]},{\"@type\":\"WebSite\",\"@id\":\"https:\/\/www.townhousehotels.nl\/de#website\",\"url\":\"https:\/\/www.townhousehotels.nl\/de\",\"name\":\"Townhouse Hotels\",\"description\":\"\",\"potentialAction\":[{\"@type\":\"SearchAction\",\"target\":{\"@type\":\"EntryPoint\",\"urlTemplate\":\"https:\/\/www.townhousehotels.nl\/de?s={search_term_string}\"},\"query-input\":{\"@type\":\"PropertyValueSpecification\",\"valueRequired\":true,\"valueName\":\"search_term_string\"}}],\"inLanguage\":\"de-DE\"}]}<\/script>\n<!-- \/ Yoast SEO plugin. -->","yoast_head_json":{"title":"Bestpreisgarantie - Townhouse hotel Maastricht","description":"Buchen Sie jetzt im Townhouse hotel Maastricht zum besten Preis. Mit der Bestpreisgarantie versprechen wir den G\u00e4sten, die direkt \u00fcber unsere eigene Website buchen, die besten Zimmers\u00e4tze, die f\u00fcr den entsprechenden Zimmertyp, die Daten, die Bedingungen und den Preistyp im Markt verf\u00fcgbar sind. Besuchen Sie Maastricht zum besten Preis - Offizielle Website.","robots":{"index":"index","follow":"follow","max-snippet":"max-snippet:-1","max-image-preview":"max-image-preview:large","max-video-preview":"max-video-preview:-1"},"canonical":"https:\/\/www.townhousehotels.nl\/de\/bestpreisgarantie","og_locale":"de_DE","og_type":"article","og_title":"Bestpreisgarantie - Townhouse hotel Maastricht","og_description":"Buchen Sie jetzt im Townhouse hotel Maastricht zum besten Preis. Mit der Bestpreisgarantie versprechen wir den G\u00e4sten, die direkt \u00fcber unsere eigene Website buchen, die besten Zimmers\u00e4tze, die f\u00fcr den entsprechenden Zimmertyp, die Daten, die Bedingungen und den Preistyp im Markt verf\u00fcgbar sind. Besuchen Sie Maastricht zum besten Preis - Offizielle Website.","og_url":"https:\/\/www.townhousehotels.nl\/de\/bestpreisgarantie","og_site_name":"Townhouse Hotels","article_publisher":"https:\/\/www.facebook.com\/TownhouseHotels\/","article_modified_time":"2023-11-28T16:58:02+00:00","twitter_card":"summary_large_image","schema":{"@context":"https:\/\/schema.org","@graph":[{"@type":"WebPage","@id":"https:\/\/www.townhousehotels.nl\/de\/bestpreisgarantie","url":"https:\/\/www.townhousehotels.nl\/de\/bestpreisgarantie","name":"Bestpreisgarantie - Townhouse hotel Maastricht","isPartOf":{"@id":"https:\/\/www.townhousehotels.nl\/de#website"},"datePublished":"2021-03-22T13:33:17+00:00","dateModified":"2023-11-28T16:58:02+00:00","description":"Buchen Sie jetzt im Townhouse hotel Maastricht zum besten Preis. Mit der Bestpreisgarantie versprechen wir den G\u00e4sten, die direkt \u00fcber unsere eigene Website buchen, die besten Zimmers\u00e4tze, die f\u00fcr den entsprechenden Zimmertyp, die Daten, die Bedingungen und den Preistyp im Markt verf\u00fcgbar sind. Besuchen Sie Maastricht zum besten Preis - Offizielle Website.","breadcrumb":{"@id":"https:\/\/www.townhousehotels.nl\/de\/bestpreisgarantie#breadcrumb"},"inLanguage":"de-DE","potentialAction":[{"@type":"ReadAction","target":["https:\/\/www.townhousehotels.nl\/de\/bestpreisgarantie"]}]},{"@type":"BreadcrumbList","@id":"https:\/\/www.townhousehotels.nl\/de\/bestpreisgarantie#breadcrumb","itemListElement":[{"@type":"ListItem","position":1,"name":"Home","item":"https:\/\/www.townhousehotels.nl\/de\/home"},{"@type":"ListItem","position":2,"name":"Bestpreisgarantie"}]},{"@type":"WebSite","@id":"https:\/\/www.townhousehotels.nl\/de#website","url":"https:\/\/www.townhousehotels.nl\/de","name":"Townhouse Hotels","description":"","potentialAction":[{"@type":"SearchAction","target":{"@type":"EntryPoint","urlTemplate":"https:\/\/www.townhousehotels.nl\/de?s={search_term_string}"},"query-input":{"@type":"PropertyValueSpecification","valueRequired":true,"valueName":"search_term_string"}}],"inLanguage":"de-DE"}]}},"_links":{"self":[{"href":"https:\/\/www.townhousehotels.nl\/de\/wp-json\/wp\/v2\/pages\/21688","targetHints":{"allow":["GET"]}}],"collection":[{"href":"https:\/\/www.townhousehotels.nl\/de\/wp-json\/wp\/v2\/pages"}],"about":[{"href":"https:\/\/www.townhousehotels.nl\/de\/wp-json\/wp\/v2\/types\/page"}],"author":[{"embeddable":true,"href":"https:\/\/www.townhousehotels.nl\/de\/wp-json\/wp\/v2\/users\/4"}],"replies":[{"embeddable":true,"href":"https:\/\/www.townhousehotels.nl\/de\/wp-json\/wp\/v2\/comments?post=21688"}],"version-history":[{"count":0,"href":"https:\/\/www.townhousehotels.nl\/de\/wp-json\/wp\/v2\/pages\/21688\/revisions"}],"wp:attachment":[{"href":"https:\/\/www.townhousehotels.nl\/de\/wp-json\/wp\/v2\/media?parent=21688"}],"curies":[{"name":"wp","href":"https:\/\/api.w.org\/{rel}","templated":true}]}}