{"id":21682,"date":"2021-03-22T13:38:21","date_gmt":"2021-03-22T13:38:21","guid":{"rendered":"https:\/\/www.townhousehotels.nl\/firmeninformationen\/"},"modified":"2023-11-28T16:35:10","modified_gmt":"2023-11-28T16:35:10","slug":"firmeninformationen","status":"publish","type":"page","link":"https:\/\/www.townhousehotels.nl\/de\/firmeninformationen","title":{"rendered":"Firmeninformationen"},"content":{"rendered":"\n\t<section class=\"section\" id=\"section_82650391\">\n\t\t<div class=\"section-bg fill\" >\n\t\t\t<img loading=\"lazy\" decoding=\"async\" width=\"2560\" height=\"1703\" src=\"https:\/\/www.townhousehotels.nl\/wp-content\/uploads\/2021\/02\/Lobby-huiskamer-lounge-hoek-bibliotheek-Townhouse-Design-Hotel-Maastricht-scaled-1.jpg\" class=\"bg attachment- size-\" alt=\"\" \/>\t\t\t\t\t\t\n\t\t\t\n\n\t\t<\/div>\n\n\t\t\n\n\t\t<div class=\"section-content relative\">\n\t\t\t\n\t\t<\/div>\n\n\t\t\n<style>\n#section_82650391 {\n  padding-top: 30px;\n  padding-bottom: 30px;\n  min-height: 200px;\n}\n<\/style>\n\t<\/section>\n\t\n\n\t<section class=\"section\" id=\"section_1233435236\">\n\t\t<div class=\"section-bg fill\" >\n\t\t\t\t\t\t\t\t\t\n\t\t\t\n\n\t\t<\/div>\n\n\t\t\n\n\t\t<div class=\"section-content relative\">\n\t\t\t\n\t<div id=\"text-3330322082\" class=\"text\">\n\t\t\n<h1>Firmeninformationen<\/h1>\n\t\t\n<style>\n#text-3330322082 {\n  text-align: center;\n}\n<\/style>\n\t<\/div>\n\t\n\t\t<\/div>\n\n\t\t\n<style>\n#section_1233435236 {\n  padding-top: 30px;\n  padding-bottom: 30px;\n}\n<\/style>\n\t<\/section>\n\t\n\n\t<section class=\"section\" id=\"section_48562314\">\n\t\t<div class=\"section-bg fill\" >\n\t\t\t\t\t\t\t\t\t\n\t\t\t\n\n\t\t<\/div>\n\n\t\t\n\n\t\t<div class=\"section-content relative\">\n\t\t\t\n<div class=\"row\"  id=\"row-633740009\">\n\n\t<div id=\"col-825399121\" class=\"col medium-6 small-12 large-6\"  >\n\t\t\t\t<div class=\"col-inner\"  >\n\t\t\t\n\t\t\t\n\t<div class=\"img has-hover x md-x lg-x y md-y lg-y\" id=\"image_1715187750\">\n\t\t\t\t\t\t\t\t<div class=\"img-inner dark\" >\n\t\t\t<img loading=\"lazy\" decoding=\"async\" width=\"1000\" height=\"666\" src=\"https:\/\/www.townhousehotels.nl\/wp-content\/uploads\/2021\/02\/THDM-mini-bieb.jpg\" class=\"attachment-large size-large\" alt=\"\" srcset=\"https:\/\/www.townhousehotels.nl\/wp-content\/uploads\/2021\/02\/THDM-mini-bieb.jpg 1000w, https:\/\/www.townhousehotels.nl\/wp-content\/uploads\/2021\/02\/THDM-mini-bieb-300x200.jpg 300w, https:\/\/www.townhousehotels.nl\/wp-content\/uploads\/2021\/02\/THDM-mini-bieb-768x511.jpg 768w\" sizes=\"auto, (max-width: 1000px) 100vw, 1000px\" \/>\t\t\t\t\t\t\n\t\t\t\t\t<\/div>\n\t\t\t\t\t\t\t\t\n<style>\n#image_1715187750 {\n  width: 100%;\n}\n<\/style>\n\t<\/div>\n\t\n\t\t<\/div>\n\t\t\t\t\t<\/div>\n\n\t\n\n\t<div id=\"col-317549491\" class=\"col medium-6 small-12 large-6\"  >\n\t\t\t\t<div class=\"col-inner\"  >\n\t\t\t\n\t\t\t\n<h2>Townhouse Hotel &amp; Appartementen Maastricht &#8211; La Berg\u00e8re Hospitality Group<\/h2>\n<h3>Address:<\/h3>\n<p>Townhouse Hotel Maastricht<br \/>St. Maartenslaan 5<br \/>6221 AV Maastricht<br \/>Die Niederlande<br \/>Tel: +31 (0)43 323 30 90<br \/>Fax: +31 (0)43 310 07 12<br \/>E-mail: maastricht@townhousehotels.nl<br \/>Website: www.townhousehotels.nl<\/p>\n<h3>Official Entity:<\/h3>\n<p>La Berg\u00e8re Hospitality Group b.v.<br \/>St. Maartenslaan 9<br \/>6221 AV Maastricht<br \/>Die Niederlande<br \/>Tel: +31 (0)43 323 30 90<br \/>Fax: +31 (0)43 310 07 12<br \/>E-mail: info@lbghotels.com<br \/>Website: www.lbghotels.com<\/p>\n\t\t<\/div>\n\t\t\t\t\t<\/div>\n\n\t\n<\/div>\n\t\t<\/div>\n\n\t\t\n<style>\n#section_48562314 {\n  padding-top: 30px;\n  padding-bottom: 30px;\n}\n<\/style>\n\t<\/section>\n\t\n<div class=\"text-center\"><div class=\"is-divider divider clearfix\" style=\"max-width:60%;height:2px;\"><\/div><\/div>\n\n\t<section class=\"section\" id=\"section_1234115437\">\n\t\t<div class=\"section-bg fill\" >\n\t\t\t\t\t\t\t\t\t\n\t\t\t\n\n\t\t<\/div>\n\n\t\t\n\n\t\t<div class=\"section-content relative\">\n\t\t\t\n<div class=\"row\"  id=\"row-212096382\">\n\n\t<div id=\"col-1621488010\" class=\"col medium-6 small-12 large-6\"  >\n\t\t\t\t<div class=\"col-inner\"  >\n\t\t\t\n\t\t\t\n<p>Industrie-und Handelskammer Maastricht: 17188395<br \/>Umsatzsteuernummer: NL8158.75.526B01<\/p>\n<p><strong>Bankverbindung<\/strong><\/p>\n<ul>\n<li>Bic Code &#8211; INGBNL2A<\/li>\n<li>IBAN -NL66INGB0663985269GDS<\/li>\n<\/ul>\n<p> <strong>Codes<\/strong>:<\/p>\n<ul>\n<li>Amadeus &#8211; YX MSTTOW<\/li>\n<li>Galileo\/Apollo &#8211; YX 52812<\/li>\n<li>Sabre &#8211; YX 082970<\/li>\n<li>WorldSpan &#8211; YX MSTTO<\/li>\n<\/ul>\n\t\t<\/div>\n\t\t\t\t\t<\/div>\n\n\t\n\n\t<div id=\"col-1139124265\" class=\"col medium-6 small-12 large-6\"  >\n\t\t\t\t<div class=\"col-inner\"  >\n\t\t\t\n\t\t\t\n\t<div class=\"img has-hover x md-x lg-x y md-y lg-y\" id=\"image_2131452702\">\n\t\t\t\t\t\t\t\t<div class=\"img-inner dark\" >\n\t\t\t<img loading=\"lazy\" decoding=\"async\" width=\"1020\" height=\"679\" src=\"https:\/\/www.townhousehotels.nl\/wp-content\/uploads\/2019\/06\/Exterieur-Townhouse-Design-Hotel-Maastricht.jpg\" class=\"attachment-large size-large\" alt=\"\" srcset=\"https:\/\/www.townhousehotels.nl\/wp-content\/uploads\/2019\/06\/Exterieur-Townhouse-Design-Hotel-Maastricht.jpg 1021w, https:\/\/www.townhousehotels.nl\/wp-content\/uploads\/2019\/06\/Exterieur-Townhouse-Design-Hotel-Maastricht-300x200.jpg 300w, https:\/\/www.townhousehotels.nl\/wp-content\/uploads\/2019\/06\/Exterieur-Townhouse-Design-Hotel-Maastricht-768x511.jpg 768w\" sizes=\"auto, (max-width: 1020px) 100vw, 1020px\" \/>\t\t\t\t\t\t\n\t\t\t\t\t<\/div>\n\t\t\t\t\t\t\t\t\n<style>\n#image_2131452702 {\n  width: 100%;\n}\n<\/style>\n\t<\/div>\n\t\n\t\t<\/div>\n\t\t\t\t\t<\/div>\n\n\t\n<\/div>\n\t\t<\/div>\n\n\t\t\n<style>\n#section_1234115437 {\n  padding-top: 30px;\n  padding-bottom: 30px;\n}\n<\/style>\n\t<\/section>\n\t\n\n\t<section class=\"section\" id=\"section_1465825643\">\n\t\t<div class=\"section-bg fill\" >\n\t\t\t\t\t\t\t\t\t\n\t\t\t\n\n\t\t<\/div>\n\n\t\t\n\n\t\t<div class=\"section-content relative\">\n\t\t\t\n\n<div class=\"row align-middle\"  id=\"row-1231984435\">\n\n\n\t<div id=\"col-101477685\" class=\"col medium-7 small-12 large-6\"  >\n\t\t\t\t<div class=\"col-inner\"  >\n\t\t\t\n\t\t\t\n\n\t<div class=\"img has-hover x md-x lg-x y md-y lg-y\" id=\"image_1877329240\">\n\t\t<a class=\"\" href=\"https:\/\/maps.app.goo.gl\/MsRwW2D7cxbtmQ8E7\" target=\"_blank\" rel=\"noopener\" >\t\t\t\t\t\t<div class=\"img-inner dark\" >\n\t\t\t<img loading=\"lazy\" decoding=\"async\" width=\"525\" height=\"525\" src=\"https:\/\/www.townhousehotels.nl\/wp-content\/uploads\/2024\/01\/townhouse-location-1.png\" class=\"attachment-medium_large size-medium_large\" alt=\"\" srcset=\"https:\/\/www.townhousehotels.nl\/wp-content\/uploads\/2024\/01\/townhouse-location-1.png 525w, https:\/\/www.townhousehotels.nl\/wp-content\/uploads\/2024\/01\/townhouse-location-1-300x300.png 300w, https:\/\/www.townhousehotels.nl\/wp-content\/uploads\/2024\/01\/townhouse-location-1-150x150.png 150w\" sizes=\"auto, (max-width: 525px) 100vw, 525px\" \/>\t\t\t\t\t\t\n\t\t\t\t\t<\/div>\n\t\t\t\t\t\t<\/a>\t\t\n<style>\n#image_1877329240 {\n  width: 100%;\n}\n@media (min-width:550px) {\n  #image_1877329240 {\n    width: 100%;\n  }\n}\n<\/style>\n\t<\/div>\n\t\n\n\n\t\t<\/div>\n\t\t\t\t\t<\/div>\n\n\t\n\n\t<div id=\"col-513956315\" class=\"col medium-6 small-12 large-6\"  >\n\t\t\t\t<div class=\"col-inner\"  >\n\t\t\t\n\t\t\t\n\n\t<div id=\"text-4253710854\" class=\"text\">\n\t\t\n\n<p>TOWNHOUSE HOTEL MAASTRICHT<\/p>\n\t\t\n<style>\n#text-4253710854 {\n  font-size: 0.75rem;\n  line-height: 0.75;\n}\n@media (min-width:550px) {\n  #text-4253710854 {\n    font-size: 1rem;\n  }\n}\n<\/style>\n\t<\/div>\n\t\n\t<div id=\"text-298626716\" class=\"text\">\n\t\t\n\n<h2 class=\"thin-font\"><strong><span style=\"color: #000000; font-size: 140%;\">Wo befinden wir uns?<\/span><\/strong><\/h2>\n<p><span style=\"font-size: 120%;\"><strong>St. Maartenslaan 5<\/strong><\/span><br><span style=\"font-size: 115%;\"><strong>6221 AV Maastricht<\/strong><\/span><br><span style=\"font-size: 115%;\"><strong>Die Niederlande<\/strong><\/span><\/p>\n<p><a href=\"https:\/\/www.townhousehotels.nl\/de\/maastricht\">Das Townhouse<\/a> <a href=\"https:\/\/www.townhousehotels.nl\/de\/maastricht\/appartments\">Hotels &amp; Appartments<\/a> befindet sich im lebhaften Viertel Wyck in Maastricht. Wir befinden uns ganz in der <a href=\"https:\/\/www.townhousehotels.nl\/maastricht\/hotel\/station\"><strong>N\u00e4he des Bahnhofs<\/strong><\/a>, praktisch auf der anderen Stra\u00dfenseite. \u00dcber die Einkaufsstra\u00dfe Wycker Brugstraat erreichen Sie das Stadtzentrum in nur 10 Minuten.<\/p>\n<p>Unser <strong><a href=\"https:\/\/www.townhousehotels.nl\/de\">Boutique Hotel<\/a><\/strong> ist ideal gelegen f\u00fcr Urlauber in Maastricht, die eine St\u00e4dtereise machen oder <a href=\"https:\/\/www.townhousehotels.nl\/de\/maastricht\/arrangements\/staedtetrip\">Tagesausfl\u00fcge<\/a> in die umliegenden H\u00fcgel von Limburg unternehmen m\u00f6chten. Wenn Sie f\u00fcr eine Messe im <a href=\"https:\/\/www.townhousehotels.nl\/de\/maastricht\/arrangements\">Mecc<\/a> in der Stadt sind, sind wir nur eine 7-min\u00fctige Taxifahrt <a href=\"https:\/\/www.townhousehotels.nl\/de\/maastricht\/angebote\">entfernt.<\/a><\/p>\n<p><a href=\"https:\/\/www.townhousehotels.nl\/maastricht\/hotel\/mecc\">Gesch\u00e4ftsreisende<\/a> \u00fcbernachten auch h\u00e4ufig bei uns wegen <a href=\"https:\/\/www.townhousehotels.nl\/de\/maastricht\/business-hotel\">unserer<\/a> g\u00fcnstigen <a href=\"https:\/\/www.townhousehotels.nl\/de\/maastricht\/standort\">zentralen Lage.<\/a><\/p>\n\t\t\n<style>\n#text-298626716 {\n  font-size: 1.05rem;\n  line-height: 1.5;\n}\n@media (min-width:550px) {\n  #text-298626716 {\n    font-size: 1rem;\n    line-height: 1.2;\n  }\n}\n<\/style>\n\t<\/div>\n\t\n<a href=\"https:\/\/maps.app.goo.gl\/MsRwW2D7cxbtmQ8E7\" class=\"button success is-link\" >\n\t\t<span>ROUTEN-PLANER<\/span>\n\t<i class=\"icon-angle-right\" aria-hidden=\"true\"><\/i><\/a>\n\n\n\t<div id=\"gap-135862638\" class=\"gap-element clearfix\" style=\"display:block; height:auto;\">\n\t\t\n<style>\n#gap-135862638 {\n  padding-top: 30px;\n}\n<\/style>\n\t<\/div>\n\t\n\n\t<div id=\"text-4008460237\" class=\"text\">\n\t\t\n\n<p><strong>Mail: <a href=\"mailto:maastricht@townhousehotels.nl\">maastricht@townhousehotels.nl<\/a><\/strong><br><strong>Tel: <a href=\"tel:+31433233090\">+31 43 323 3090<\/a><\/strong><\/p>\n\t\t\n<style>\n#text-4008460237 {\n  font-size: 1.2rem;\n  text-align: left;\n}\n<\/style>\n\t<\/div>\n\t\n\n\t\t<\/div>\n\t\t\t\t\n<style>\n#col-513956315 > .col-inner {\n  padding: 0px 0px 0px 0px;\n  margin: 0px 0px 0px 0px;\n}\n@media (min-width:550px) {\n  #col-513956315 > .col-inner {\n    margin: 0px 20px 0px 0px;\n  }\n}\n<\/style>\n\t<\/div>\n\n\t\n\n\n<style>\n#row-1231984435 > .col > .col-inner {\n  padding: 5px 0px 10px 0px;\n}\n@media (min-width:550px) {\n  #row-1231984435 > .col > .col-inner {\n    padding: 75px 0px 45px 0px;\n  }\n}\n<\/style>\n<\/div>\n\n\t\t<\/div>\n\n\t\t\n<style>\n#section_1465825643 {\n  padding-top: 0px;\n  padding-bottom: 0px;\n  background-color: #f5efe8;\n}\n@media (min-width:550px) {\n  #section_1465825643 {\n    padding-top: 0px;\n    padding-bottom: 0px;\n  }\n}\n<\/style>\n\t<\/section>\n\t\n","protected":false},"excerpt":{"rendered":"","protected":false},"author":6,"featured_media":0,"parent":0,"menu_order":0,"comment_status":"closed","ping_status":"closed","template":"","meta":{"footnotes":""},"class_list":["post-21682","page","type-page","status-publish","hentry"],"yoast_head":"<!-- This site is optimized with the Yoast SEO plugin v27.2 - https:\/\/yoast.com\/product\/yoast-seo-wordpress\/ -->\n<title>Firmeninformationen - Townhouse Hotels<\/title>\n<meta name=\"robots\" content=\"index, follow, max-snippet:-1, max-image-preview:large, max-video-preview:-1\" \/>\n<link rel=\"canonical\" href=\"https:\/\/www.townhousehotels.nl\/de\/firmeninformationen\" \/>\n<meta property=\"og:locale\" content=\"de_DE\" \/>\n<meta property=\"og:type\" content=\"article\" \/>\n<meta property=\"og:title\" content=\"Firmeninformationen - Townhouse Hotels\" \/>\n<meta property=\"og:url\" content=\"https:\/\/www.townhousehotels.nl\/de\/firmeninformationen\" \/>\n<meta property=\"og:site_name\" content=\"Townhouse Hotels\" \/>\n<meta property=\"article:publisher\" content=\"https:\/\/www.facebook.com\/TownhouseHotels\/\" \/>\n<meta property=\"article:modified_time\" content=\"2023-11-28T16:35:10+00:00\" \/>\n<meta name=\"twitter:card\" content=\"summary_large_image\" \/>\n<meta name=\"twitter:label1\" content=\"Gesch\u00e4tzte Lesezeit\" \/>\n\t<meta name=\"twitter:data1\" content=\"1 Minute\" \/>\n<script type=\"application\/ld+json\" class=\"yoast-schema-graph\">{\"@context\":\"https:\/\/schema.org\",\"@graph\":[{\"@type\":\"WebPage\",\"@id\":\"https:\/\/www.townhousehotels.nl\/de\/firmeninformationen\",\"url\":\"https:\/\/www.townhousehotels.nl\/de\/firmeninformationen\",\"name\":\"Firmeninformationen - Townhouse Hotels\",\"isPartOf\":{\"@id\":\"https:\/\/www.townhousehotels.nl\/de#website\"},\"datePublished\":\"2021-03-22T13:38:21+00:00\",\"dateModified\":\"2023-11-28T16:35:10+00:00\",\"breadcrumb\":{\"@id\":\"https:\/\/www.townhousehotels.nl\/de\/firmeninformationen#breadcrumb\"},\"inLanguage\":\"de-DE\",\"potentialAction\":[{\"@type\":\"ReadAction\",\"target\":[\"https:\/\/www.townhousehotels.nl\/de\/firmeninformationen\"]}]},{\"@type\":\"BreadcrumbList\",\"@id\":\"https:\/\/www.townhousehotels.nl\/de\/firmeninformationen#breadcrumb\",\"itemListElement\":[{\"@type\":\"ListItem\",\"position\":1,\"name\":\"Home\",\"item\":\"https:\/\/www.townhousehotels.nl\/de\/home\"},{\"@type\":\"ListItem\",\"position\":2,\"name\":\"Firmeninformationen\"}]},{\"@type\":\"WebSite\",\"@id\":\"https:\/\/www.townhousehotels.nl\/de#website\",\"url\":\"https:\/\/www.townhousehotels.nl\/de\",\"name\":\"Townhouse Hotels\",\"description\":\"\",\"potentialAction\":[{\"@type\":\"SearchAction\",\"target\":{\"@type\":\"EntryPoint\",\"urlTemplate\":\"https:\/\/www.townhousehotels.nl\/de?s={search_term_string}\"},\"query-input\":{\"@type\":\"PropertyValueSpecification\",\"valueRequired\":true,\"valueName\":\"search_term_string\"}}],\"inLanguage\":\"de-DE\"}]}<\/script>\n<!-- \/ Yoast SEO plugin. -->","yoast_head_json":{"title":"Firmeninformationen - Townhouse Hotels","robots":{"index":"index","follow":"follow","max-snippet":"max-snippet:-1","max-image-preview":"max-image-preview:large","max-video-preview":"max-video-preview:-1"},"canonical":"https:\/\/www.townhousehotels.nl\/de\/firmeninformationen","og_locale":"de_DE","og_type":"article","og_title":"Firmeninformationen - Townhouse Hotels","og_url":"https:\/\/www.townhousehotels.nl\/de\/firmeninformationen","og_site_name":"Townhouse Hotels","article_publisher":"https:\/\/www.facebook.com\/TownhouseHotels\/","article_modified_time":"2023-11-28T16:35:10+00:00","twitter_card":"summary_large_image","twitter_misc":{"Gesch\u00e4tzte Lesezeit":"1 Minute"},"schema":{"@context":"https:\/\/schema.org","@graph":[{"@type":"WebPage","@id":"https:\/\/www.townhousehotels.nl\/de\/firmeninformationen","url":"https:\/\/www.townhousehotels.nl\/de\/firmeninformationen","name":"Firmeninformationen - Townhouse Hotels","isPartOf":{"@id":"https:\/\/www.townhousehotels.nl\/de#website"},"datePublished":"2021-03-22T13:38:21+00:00","dateModified":"2023-11-28T16:35:10+00:00","breadcrumb":{"@id":"https:\/\/www.townhousehotels.nl\/de\/firmeninformationen#breadcrumb"},"inLanguage":"de-DE","potentialAction":[{"@type":"ReadAction","target":["https:\/\/www.townhousehotels.nl\/de\/firmeninformationen"]}]},{"@type":"BreadcrumbList","@id":"https:\/\/www.townhousehotels.nl\/de\/firmeninformationen#breadcrumb","itemListElement":[{"@type":"ListItem","position":1,"name":"Home","item":"https:\/\/www.townhousehotels.nl\/de\/home"},{"@type":"ListItem","position":2,"name":"Firmeninformationen"}]},{"@type":"WebSite","@id":"https:\/\/www.townhousehotels.nl\/de#website","url":"https:\/\/www.townhousehotels.nl\/de","name":"Townhouse Hotels","description":"","potentialAction":[{"@type":"SearchAction","target":{"@type":"EntryPoint","urlTemplate":"https:\/\/www.townhousehotels.nl\/de?s={search_term_string}"},"query-input":{"@type":"PropertyValueSpecification","valueRequired":true,"valueName":"search_term_string"}}],"inLanguage":"de-DE"}]}},"_links":{"self":[{"href":"https:\/\/www.townhousehotels.nl\/de\/wp-json\/wp\/v2\/pages\/21682","targetHints":{"allow":["GET"]}}],"collection":[{"href":"https:\/\/www.townhousehotels.nl\/de\/wp-json\/wp\/v2\/pages"}],"about":[{"href":"https:\/\/www.townhousehotels.nl\/de\/wp-json\/wp\/v2\/types\/page"}],"author":[{"embeddable":true,"href":"https:\/\/www.townhousehotels.nl\/de\/wp-json\/wp\/v2\/users\/6"}],"replies":[{"embeddable":true,"href":"https:\/\/www.townhousehotels.nl\/de\/wp-json\/wp\/v2\/comments?post=21682"}],"version-history":[{"count":0,"href":"https:\/\/www.townhousehotels.nl\/de\/wp-json\/wp\/v2\/pages\/21682\/revisions"}],"wp:attachment":[{"href":"https:\/\/www.townhousehotels.nl\/de\/wp-json\/wp\/v2\/media?parent=21682"}],"curies":[{"name":"wp","href":"https:\/\/api.w.org\/{rel}","templated":true}]}}