{"id":21659,"date":"2021-02-24T11:20:57","date_gmt":"2021-02-24T11:20:57","guid":{"rendered":"https:\/\/www.townhousehotels.nl\/maastricht\/angebote\/"},"modified":"2025-07-29T09:42:00","modified_gmt":"2025-07-29T09:42:00","slug":"angebote","status":"publish","type":"page","link":"https:\/\/www.townhousehotels.nl\/de\/maastricht\/angebote","title":{"rendered":"Angebote"},"content":{"rendered":"\n\t<section class=\"section\" id=\"section_1587173684\">\n\t\t<div class=\"section-bg fill\" >\n\t\t\t<img loading=\"lazy\" decoding=\"async\" width=\"2560\" height=\"1703\" src=\"https:\/\/www.townhousehotels.nl\/wp-content\/uploads\/2021\/02\/Lobby-huiskamer-lounge-hoek-bibliotheek-Townhouse-Design-Hotel-Maastricht-scaled.jpg\" class=\"bg attachment-original size-original\" alt=\"\" \/>\t\t\t\t\t\t\n\t\t\t\n\n\t\t<\/div>\n\n\t\t\n\n\t\t<div class=\"section-content relative\">\n\t\t\t\n\t\t<\/div>\n\n\t\t\n<style>\n#section_1587173684 {\n  padding-top: 30px;\n  padding-bottom: 30px;\n  min-height: 200px;\n}\n#section_1587173684 .section-bg img {\n  object-position: 43% 53%;\n}\n<\/style>\n\t<\/section>\n\t\n\n\t<section class=\"section\" id=\"section_2108147553\">\n\t\t<div class=\"section-bg fill\" >\n\t\t\t\t\t\t\t\t\t\n\t\t\t\n\n\t\t<\/div>\n\n\t\t\n\n\t\t<div class=\"section-content relative\">\n\t\t\t\n<div class=\"row align-center\"  id=\"row-218355357\">\n\n\t<div id=\"col-201198099\" class=\"col medium-9 small-12 large-9\"  >\n\t\t\t\t<div class=\"col-inner\"  >\n\t\t\t\n\t\t\t\n<h1 style=\"text-align: center;\">HOTEL ANGEBOTE MAASTRICHT<\/h1>\n<p> F\u00fcr die g\u00fcnstigsten Hotelangebote und besten Deals in Maastricht, S\u00fcd-Limburg, buchen Sie die speziellen Rabatte im Townhouse Hotel &amp; Apartments Maastricht. <\/p>\n\t\t<\/div>\n\t\t\t\t\t<\/div>\n\n\t\n\n\t<div id=\"col-1348448578\" class=\"col small-12 large-12\"  >\n\t\t\t\t<div class=\"col-inner\"  >\n\t\t\t\n\t\t\t\n\n  \n    <div class=\"row large-columns-3 medium-columns-1 small-columns-1\" >\n  <div class=\"col post-item\" >\n\t\t\t<div class=\"col-inner\">\n\t\t\t\t<div class=\"box box-normal box-text-bottom box-blog-post has-hover\">\n            \t\t\t\t\t<div class=\"box-image\" >\n  \t\t\t\t\t\t<div class=\"image-cover\" style=\"padding-top:56.25%;\">\n\t\t\t\t\t\t\t<a href=\"https:\/\/www.townhousehotels.nl\/de\/maastricht\/angebote\/staycation\" class=\"plain\" aria-label=\"Staycation Maastricht\">\n\t\t\t\t\t\t\t\t<img loading=\"lazy\" decoding=\"async\" width=\"900\" height=\"600\" src=\"https:\/\/www.townhousehotels.nl\/wp-content\/uploads\/2021\/03\/Skyline-Maastricht-Wyck-Maastricht-Marketing-_-Hugo-Thomassen.webp\" class=\"attachment-original size-original wp-post-image\" alt=\"\" srcset=\"https:\/\/www.townhousehotels.nl\/wp-content\/uploads\/2021\/03\/Skyline-Maastricht-Wyck-Maastricht-Marketing-_-Hugo-Thomassen.webp 900w, https:\/\/www.townhousehotels.nl\/wp-content\/uploads\/2021\/03\/Skyline-Maastricht-Wyck-Maastricht-Marketing-_-Hugo-Thomassen-300x200.webp 300w, https:\/\/www.townhousehotels.nl\/wp-content\/uploads\/2021\/03\/Skyline-Maastricht-Wyck-Maastricht-Marketing-_-Hugo-Thomassen-768x512.webp 768w\" sizes=\"auto, (max-width: 900px) 100vw, 900px\" \/>\t\t\t\t\t\t\t<\/a>\n  \t\t\t\t\t\t\t  \t\t\t\t\t\t\t  \t\t\t\t\t\t<\/div>\n  \t\t\t\t\t\t  \t\t\t\t\t<\/div>\n          \t\t\t\t\t<div class=\"box-text text-center\" >\n\t\t\t\t\t<div class=\"box-text-inner blog-post-inner\">\n\n\t\t\t\t\t\n\t\t\t\t\t\t\t\t\t\t<h5 class=\"post-title is-large uppercase\">\n\t\t\t\t\t\t<a href=\"https:\/\/www.townhousehotels.nl\/de\/maastricht\/angebote\/staycation\" class=\"plain\">Staycation Maastricht<\/a>\n\t\t\t\t\t<\/h5>\n\t\t\t\t\t\t\t\t\t\t<div class=\"is-divider\"><\/div>\n\t\t\t\t\t\t\t\t\t\t<p class=\"from_the_blog_excerpt \">\n\t\t\t\t\t\t\t\t\t\t\t<\/p>\n\t\t\t\t\t                    \n\t\t\t\t\t\n\t\t\t\t\t\n\t\t\t\t\t<\/div>\n\t\t\t\t\t<\/div>\n\t\t\t\t\t\t\t\t\t<\/div>\n\t\t\t<\/div>\n\t\t<\/div><div class=\"col post-item\" >\n\t\t\t<div class=\"col-inner\">\n\t\t\t\t<div class=\"box box-normal box-text-bottom box-blog-post has-hover\">\n            \t\t\t\t\t<div class=\"box-image\" >\n  \t\t\t\t\t\t<div class=\"image-cover\" style=\"padding-top:56.25%;\">\n\t\t\t\t\t\t\t<a href=\"https:\/\/www.townhousehotels.nl\/de\/maastricht\/angebote\/last-minute\" class=\"plain\" aria-label=\"LAST-MINUTE-HOTEL-DEAL MAASTRICHT\">\n\t\t\t\t\t\t\t\t<img loading=\"lazy\" decoding=\"async\" width=\"900\" height=\"600\" src=\"https:\/\/www.townhousehotels.nl\/wp-content\/uploads\/2019\/02\/Magisch-Maastricht-Vrijthof-Maastricht-Marketing-_-Eighty8things.webp\" class=\"attachment-original size-original wp-post-image\" alt=\"\" srcset=\"https:\/\/www.townhousehotels.nl\/wp-content\/uploads\/2019\/02\/Magisch-Maastricht-Vrijthof-Maastricht-Marketing-_-Eighty8things.webp 900w, https:\/\/www.townhousehotels.nl\/wp-content\/uploads\/2019\/02\/Magisch-Maastricht-Vrijthof-Maastricht-Marketing-_-Eighty8things-300x200.webp 300w, https:\/\/www.townhousehotels.nl\/wp-content\/uploads\/2019\/02\/Magisch-Maastricht-Vrijthof-Maastricht-Marketing-_-Eighty8things-768x512.webp 768w\" sizes=\"auto, (max-width: 900px) 100vw, 900px\" \/>\t\t\t\t\t\t\t<\/a>\n  \t\t\t\t\t\t\t  \t\t\t\t\t\t\t  \t\t\t\t\t\t<\/div>\n  \t\t\t\t\t\t  \t\t\t\t\t<\/div>\n          \t\t\t\t\t<div class=\"box-text text-center\" >\n\t\t\t\t\t<div class=\"box-text-inner blog-post-inner\">\n\n\t\t\t\t\t\n\t\t\t\t\t\t\t\t\t\t<h5 class=\"post-title is-large uppercase\">\n\t\t\t\t\t\t<a href=\"https:\/\/www.townhousehotels.nl\/de\/maastricht\/angebote\/last-minute\" class=\"plain\">LAST-MINUTE-HOTEL-DEAL MAASTRICHT<\/a>\n\t\t\t\t\t<\/h5>\n\t\t\t\t\t\t\t\t\t\t<div class=\"is-divider\"><\/div>\n\t\t\t\t\t\t\t\t\t\t<p class=\"from_the_blog_excerpt \">\n\t\t\t\t\t\t\t\t\t\t\t<\/p>\n\t\t\t\t\t                    \n\t\t\t\t\t\n\t\t\t\t\t\n\t\t\t\t\t<\/div>\n\t\t\t\t\t<\/div>\n\t\t\t\t\t\t\t\t\t<\/div>\n\t\t\t<\/div>\n\t\t<\/div><div class=\"col post-item\" >\n\t\t\t<div class=\"col-inner\">\n\t\t\t\t<div class=\"box box-normal box-text-bottom box-blog-post has-hover\">\n          \t\t\t\t\t<div class=\"box-text text-center\" >\n\t\t\t\t\t<div class=\"box-text-inner blog-post-inner\">\n\n\t\t\t\t\t\n\t\t\t\t\t\t\t\t\t\t<h5 class=\"post-title is-large uppercase\">\n\t\t\t\t\t\t<a href=\"https:\/\/www.townhousehotels.nl\/de\/maastricht\/angebote\/rm-promo\" class=\"plain\">Sonderrabatt f\u00fcr direktes Buchen<\/a>\n\t\t\t\t\t<\/h5>\n\t\t\t\t\t\t\t\t\t\t<div class=\"is-divider\"><\/div>\n\t\t\t\t\t\t\t\t\t\t<p class=\"from_the_blog_excerpt \">\n\t\t\t\t\t\t\t\t\t\t\t<\/p>\n\t\t\t\t\t                    \n\t\t\t\t\t\n\t\t\t\t\t\n\t\t\t\t\t<\/div>\n\t\t\t\t\t<\/div>\n\t\t\t\t\t\t\t\t\t<\/div>\n\t\t\t<\/div>\n\t\t<\/div><\/div>\n\t\t<\/div>\n\t\t\t\t\t<\/div>\n\n\t\n<\/div>\n\t\t<\/div>\n\n\t\t\n<style>\n#section_2108147553 {\n  padding-top: 30px;\n  padding-bottom: 30px;\n}\n<\/style>\n\t<\/section>\n\t\n\n\t<section class=\"section\" id=\"section_432862829\">\n\t\t<div class=\"section-bg fill\" >\n\t\t\t\t\t\t\t\t\t\n\t\t\t\n\n\t\t<\/div>\n\n\t\t\n\n\t\t<div class=\"section-content relative\">\n\t\t\t\n\n<div class=\"row align-middle\"  id=\"row-2011824481\">\n\n\n\t<div id=\"col-1921123901\" class=\"col medium-7 small-12 large-6\"  >\n\t\t\t\t<div class=\"col-inner\"  >\n\t\t\t\n\t\t\t\n\n\t<div class=\"img has-hover x md-x lg-x y md-y lg-y\" id=\"image_1477873749\">\n\t\t<a class=\"\" href=\"https:\/\/maps.app.goo.gl\/MsRwW2D7cxbtmQ8E7\" target=\"_blank\" rel=\"noopener\" >\t\t\t\t\t\t<div class=\"img-inner dark\" >\n\t\t\t<img loading=\"lazy\" decoding=\"async\" width=\"525\" height=\"525\" src=\"https:\/\/www.townhousehotels.nl\/wp-content\/uploads\/2024\/01\/townhouse-location-1.png\" class=\"attachment-medium_large size-medium_large\" alt=\"\" srcset=\"https:\/\/www.townhousehotels.nl\/wp-content\/uploads\/2024\/01\/townhouse-location-1.png 525w, https:\/\/www.townhousehotels.nl\/wp-content\/uploads\/2024\/01\/townhouse-location-1-300x300.png 300w, https:\/\/www.townhousehotels.nl\/wp-content\/uploads\/2024\/01\/townhouse-location-1-150x150.png 150w\" sizes=\"auto, (max-width: 525px) 100vw, 525px\" \/>\t\t\t\t\t\t\n\t\t\t\t\t<\/div>\n\t\t\t\t\t\t<\/a>\t\t\n<style>\n#image_1477873749 {\n  width: 100%;\n}\n@media (min-width:550px) {\n  #image_1477873749 {\n    width: 100%;\n  }\n}\n<\/style>\n\t<\/div>\n\t\n\n\n\t\t<\/div>\n\t\t\t\t\t<\/div>\n\n\t\n\n\t<div id=\"col-1439622786\" class=\"col medium-6 small-12 large-6\"  >\n\t\t\t\t<div class=\"col-inner\"  >\n\t\t\t\n\t\t\t\n\n\t<div id=\"text-3662524902\" class=\"text\">\n\t\t\n\n<p>TOWNHOUSE HOTEL MAASTRICHT<\/p>\n\t\t\n<style>\n#text-3662524902 {\n  font-size: 0.75rem;\n  line-height: 0.75;\n}\n@media (min-width:550px) {\n  #text-3662524902 {\n    font-size: 1rem;\n  }\n}\n<\/style>\n\t<\/div>\n\t\n\t<div id=\"text-2142383915\" class=\"text\">\n\t\t\n\n<h2 class=\"thin-font\"><strong><span style=\"color: #000000; font-size: 140%;\">Wo befinden wir uns?<\/span><\/strong><\/h2>\n<p><span style=\"font-size: 120%;\"><strong>St. Maartenslaan 5<\/strong><\/span><br><span style=\"font-size: 115%;\"><strong>6221 AV Maastricht<\/strong><\/span><br><span style=\"font-size: 115%;\"><strong>Die Niederlande<\/strong><\/span><\/p>\n<p><a href=\"https:\/\/www.townhousehotels.nl\/de\/maastricht\">Das Townhouse<\/a> <a href=\"https:\/\/www.townhousehotels.nl\/de\/maastricht\/appartments\">Hotels &amp; Appartments<\/a> befindet sich im lebhaften Viertel Wyck in Maastricht. Wir befinden uns ganz in der <a href=\"https:\/\/www.townhousehotels.nl\/maastricht\/hotel\/station\"><strong>N\u00e4he des Bahnhofs<\/strong><\/a>, praktisch auf der anderen Stra\u00dfenseite. \u00dcber die Einkaufsstra\u00dfe Wycker Brugstraat erreichen Sie das Stadtzentrum in nur 10 Minuten.<\/p>\n<p>Unser <strong><a href=\"https:\/\/www.townhousehotels.nl\/de\">Boutique Hotel<\/a><\/strong> ist ideal gelegen f\u00fcr Urlauber in Maastricht, die eine St\u00e4dtereise machen oder <a href=\"https:\/\/www.townhousehotels.nl\/de\/maastricht\/arrangements\/staedtetrip\">Tagesausfl\u00fcge<\/a> in die umliegenden H\u00fcgel von Limburg unternehmen m\u00f6chten. Wenn Sie f\u00fcr eine Messe im <a href=\"https:\/\/www.townhousehotels.nl\/de\/maastricht\/arrangements\">Mecc<\/a> in der Stadt sind, sind wir nur eine 7-min\u00fctige Taxifahrt <a href=\"https:\/\/www.townhousehotels.nl\/de\/maastricht\/angebote\">entfernt.<\/a><\/p>\n<p><a href=\"https:\/\/www.townhousehotels.nl\/maastricht\/hotel\/mecc\">Gesch\u00e4ftsreisende<\/a> \u00fcbernachten auch h\u00e4ufig bei uns wegen <a href=\"https:\/\/www.townhousehotels.nl\/de\/maastricht\/business-hotel\">unserer<\/a> g\u00fcnstigen <a href=\"https:\/\/www.townhousehotels.nl\/de\/maastricht\/standort\">zentralen Lage.<\/a><\/p>\n\t\t\n<style>\n#text-2142383915 {\n  font-size: 1.05rem;\n  line-height: 1.5;\n}\n@media (min-width:550px) {\n  #text-2142383915 {\n    font-size: 1rem;\n    line-height: 1.2;\n  }\n}\n<\/style>\n\t<\/div>\n\t\n<a href=\"https:\/\/maps.app.goo.gl\/MsRwW2D7cxbtmQ8E7\" class=\"button success is-link\" >\n\t\t<span>ROUTEN-PLANER<\/span>\n\t<i class=\"icon-angle-right\" aria-hidden=\"true\"><\/i><\/a>\n\n\n\t<div id=\"gap-1564520667\" class=\"gap-element clearfix\" style=\"display:block; height:auto;\">\n\t\t\n<style>\n#gap-1564520667 {\n  padding-top: 30px;\n}\n<\/style>\n\t<\/div>\n\t\n\n\t<div id=\"text-3005051125\" class=\"text\">\n\t\t\n\n<p><strong>Mail: <a href=\"mailto:maastricht@townhousehotels.nl\">maastricht@townhousehotels.nl<\/a><\/strong><br><strong>Tel: <a href=\"tel:+31433233090\">+31 43 323 3090<\/a><\/strong><\/p>\n\t\t\n<style>\n#text-3005051125 {\n  font-size: 1.2rem;\n  text-align: left;\n}\n<\/style>\n\t<\/div>\n\t\n\n\t\t<\/div>\n\t\t\t\t\n<style>\n#col-1439622786 > .col-inner {\n  padding: 0px 0px 0px 0px;\n  margin: 0px 0px 0px 0px;\n}\n@media (min-width:550px) {\n  #col-1439622786 > .col-inner {\n    margin: 0px 20px 0px 0px;\n  }\n}\n<\/style>\n\t<\/div>\n\n\t\n\n\n<style>\n#row-2011824481 > .col > .col-inner {\n  padding: 5px 0px 10px 0px;\n}\n@media (min-width:550px) {\n  #row-2011824481 > .col > .col-inner {\n    padding: 75px 0px 45px 0px;\n  }\n}\n<\/style>\n<\/div>\n\n\t\t<\/div>\n\n\t\t\n<style>\n#section_432862829 {\n  padding-top: 0px;\n  padding-bottom: 0px;\n  background-color: #f5efe8;\n}\n@media (min-width:550px) {\n  #section_432862829 {\n    padding-top: 0px;\n    padding-bottom: 0px;\n  }\n}\n<\/style>\n\t<\/section>\n\t\n","protected":false},"excerpt":{"rendered":"","protected":false},"author":2,"featured_media":0,"parent":21656,"menu_order":0,"comment_status":"closed","ping_status":"closed","template":"","meta":{"footnotes":""},"class_list":["post-21659","page","type-page","status-publish","hentry"],"yoast_head":"<!-- This site is optimized with the Yoast SEO plugin v27.2 - https:\/\/yoast.com\/product\/yoast-seo-wordpress\/ -->\n<title>Hotelangebote Maastricht \u2013 \u00dcbernachtung mit Rabatt<\/title>\n<meta name=\"description\" content=\"\u00dcbernachten Sie in Maastricht und entdecken Sie, was Limburg zu bieten hat. Genie\u00dfen Sie spezielle Hotelangebote vom Townhouse Design Hotel im Zentrum von Maastricht.\" \/>\n<meta name=\"robots\" content=\"index, follow, max-snippet:-1, max-image-preview:large, max-video-preview:-1\" \/>\n<link rel=\"canonical\" href=\"https:\/\/www.townhousehotels.nl\/de\/maastricht\/angebote\" \/>\n<meta property=\"og:locale\" content=\"de_DE\" \/>\n<meta property=\"og:type\" content=\"article\" \/>\n<meta property=\"og:title\" content=\"Hotelangebote Maastricht \u2013 \u00dcbernachtung mit Rabatt\" \/>\n<meta property=\"og:description\" content=\"\u00dcbernachten Sie in Maastricht und entdecken Sie, was Limburg zu bieten hat. Genie\u00dfen Sie spezielle Hotelangebote vom Townhouse Design Hotel im Zentrum von Maastricht.\" \/>\n<meta property=\"og:url\" content=\"https:\/\/www.townhousehotels.nl\/de\/maastricht\/angebote\" \/>\n<meta property=\"og:site_name\" content=\"Townhouse Hotels\" \/>\n<meta property=\"article:publisher\" content=\"https:\/\/www.facebook.com\/TownhouseHotels\/\" \/>\n<meta property=\"article:modified_time\" content=\"2025-07-29T09:42:00+00:00\" \/>\n<meta name=\"twitter:card\" content=\"summary_large_image\" \/>\n<script type=\"application\/ld+json\" class=\"yoast-schema-graph\">{\"@context\":\"https:\/\/schema.org\",\"@graph\":[{\"@type\":\"WebPage\",\"@id\":\"https:\/\/www.townhousehotels.nl\/de\/maastricht\/angebote\",\"url\":\"https:\/\/www.townhousehotels.nl\/de\/maastricht\/angebote\",\"name\":\"Hotelangebote Maastricht \u2013 \u00dcbernachtung mit Rabatt\",\"isPartOf\":{\"@id\":\"https:\/\/www.townhousehotels.nl\/de#website\"},\"datePublished\":\"2021-02-24T11:20:57+00:00\",\"dateModified\":\"2025-07-29T09:42:00+00:00\",\"description\":\"\u00dcbernachten Sie in Maastricht und entdecken Sie, was Limburg zu bieten hat. Genie\u00dfen Sie spezielle Hotelangebote vom Townhouse Design Hotel im Zentrum von Maastricht.\",\"breadcrumb\":{\"@id\":\"https:\/\/www.townhousehotels.nl\/de\/maastricht\/angebote#breadcrumb\"},\"inLanguage\":\"de-DE\",\"potentialAction\":[{\"@type\":\"ReadAction\",\"target\":[\"https:\/\/www.townhousehotels.nl\/de\/maastricht\/angebote\"]}]},{\"@type\":\"BreadcrumbList\",\"@id\":\"https:\/\/www.townhousehotels.nl\/de\/maastricht\/angebote#breadcrumb\",\"itemListElement\":[{\"@type\":\"ListItem\",\"position\":1,\"name\":\"Home\",\"item\":\"https:\/\/www.townhousehotels.nl\/de\/home\"},{\"@type\":\"ListItem\",\"position\":2,\"name\":\"Maastricht\",\"item\":\"https:\/\/www.townhousehotels.nl\/de\/maastricht\"},{\"@type\":\"ListItem\",\"position\":3,\"name\":\"Angebote\"}]},{\"@type\":\"WebSite\",\"@id\":\"https:\/\/www.townhousehotels.nl\/de#website\",\"url\":\"https:\/\/www.townhousehotels.nl\/de\",\"name\":\"Townhouse Hotels\",\"description\":\"\",\"potentialAction\":[{\"@type\":\"SearchAction\",\"target\":{\"@type\":\"EntryPoint\",\"urlTemplate\":\"https:\/\/www.townhousehotels.nl\/de?s={search_term_string}\"},\"query-input\":{\"@type\":\"PropertyValueSpecification\",\"valueRequired\":true,\"valueName\":\"search_term_string\"}}],\"inLanguage\":\"de-DE\"}]}<\/script>\n<!-- \/ Yoast SEO plugin. -->","yoast_head_json":{"title":"Hotelangebote Maastricht \u2013 \u00dcbernachtung mit Rabatt","description":"\u00dcbernachten Sie in Maastricht und entdecken Sie, was Limburg zu bieten hat. Genie\u00dfen Sie spezielle Hotelangebote vom Townhouse Design Hotel im Zentrum von Maastricht.","robots":{"index":"index","follow":"follow","max-snippet":"max-snippet:-1","max-image-preview":"max-image-preview:large","max-video-preview":"max-video-preview:-1"},"canonical":"https:\/\/www.townhousehotels.nl\/de\/maastricht\/angebote","og_locale":"de_DE","og_type":"article","og_title":"Hotelangebote Maastricht \u2013 \u00dcbernachtung mit Rabatt","og_description":"\u00dcbernachten Sie in Maastricht und entdecken Sie, was Limburg zu bieten hat. Genie\u00dfen Sie spezielle Hotelangebote vom Townhouse Design Hotel im Zentrum von Maastricht.","og_url":"https:\/\/www.townhousehotels.nl\/de\/maastricht\/angebote","og_site_name":"Townhouse Hotels","article_publisher":"https:\/\/www.facebook.com\/TownhouseHotels\/","article_modified_time":"2025-07-29T09:42:00+00:00","twitter_card":"summary_large_image","schema":{"@context":"https:\/\/schema.org","@graph":[{"@type":"WebPage","@id":"https:\/\/www.townhousehotels.nl\/de\/maastricht\/angebote","url":"https:\/\/www.townhousehotels.nl\/de\/maastricht\/angebote","name":"Hotelangebote Maastricht \u2013 \u00dcbernachtung mit Rabatt","isPartOf":{"@id":"https:\/\/www.townhousehotels.nl\/de#website"},"datePublished":"2021-02-24T11:20:57+00:00","dateModified":"2025-07-29T09:42:00+00:00","description":"\u00dcbernachten Sie in Maastricht und entdecken Sie, was Limburg zu bieten hat. Genie\u00dfen Sie spezielle Hotelangebote vom Townhouse Design Hotel im Zentrum von Maastricht.","breadcrumb":{"@id":"https:\/\/www.townhousehotels.nl\/de\/maastricht\/angebote#breadcrumb"},"inLanguage":"de-DE","potentialAction":[{"@type":"ReadAction","target":["https:\/\/www.townhousehotels.nl\/de\/maastricht\/angebote"]}]},{"@type":"BreadcrumbList","@id":"https:\/\/www.townhousehotels.nl\/de\/maastricht\/angebote#breadcrumb","itemListElement":[{"@type":"ListItem","position":1,"name":"Home","item":"https:\/\/www.townhousehotels.nl\/de\/home"},{"@type":"ListItem","position":2,"name":"Maastricht","item":"https:\/\/www.townhousehotels.nl\/de\/maastricht"},{"@type":"ListItem","position":3,"name":"Angebote"}]},{"@type":"WebSite","@id":"https:\/\/www.townhousehotels.nl\/de#website","url":"https:\/\/www.townhousehotels.nl\/de","name":"Townhouse Hotels","description":"","potentialAction":[{"@type":"SearchAction","target":{"@type":"EntryPoint","urlTemplate":"https:\/\/www.townhousehotels.nl\/de?s={search_term_string}"},"query-input":{"@type":"PropertyValueSpecification","valueRequired":true,"valueName":"search_term_string"}}],"inLanguage":"de-DE"}]}},"_links":{"self":[{"href":"https:\/\/www.townhousehotels.nl\/de\/wp-json\/wp\/v2\/pages\/21659","targetHints":{"allow":["GET"]}}],"collection":[{"href":"https:\/\/www.townhousehotels.nl\/de\/wp-json\/wp\/v2\/pages"}],"about":[{"href":"https:\/\/www.townhousehotels.nl\/de\/wp-json\/wp\/v2\/types\/page"}],"author":[{"embeddable":true,"href":"https:\/\/www.townhousehotels.nl\/de\/wp-json\/wp\/v2\/users\/2"}],"replies":[{"embeddable":true,"href":"https:\/\/www.townhousehotels.nl\/de\/wp-json\/wp\/v2\/comments?post=21659"}],"version-history":[{"count":0,"href":"https:\/\/www.townhousehotels.nl\/de\/wp-json\/wp\/v2\/pages\/21659\/revisions"}],"up":[{"embeddable":true,"href":"https:\/\/www.townhousehotels.nl\/de\/wp-json\/wp\/v2\/pages\/21656"}],"wp:attachment":[{"href":"https:\/\/www.townhousehotels.nl\/de\/wp-json\/wp\/v2\/media?parent=21659"}],"curies":[{"name":"wp","href":"https:\/\/api.w.org\/{rel}","templated":true}]}}